{"id":29250,"date":"2026-01-22T18:37:57","date_gmt":"2026-01-22T18:37:57","guid":{"rendered":"https:\/\/vibeyoup.com\/?post_type=product&#038;p=29250"},"modified":"2026-01-22T18:37:57","modified_gmt":"2026-01-22T18:37:57","slug":"portal-de-cierre-con-modulo-de-terapia-de-sonido","status":"publish","type":"product","link":"https:\/\/vibeyoup.com\/es\/termek\/clasp-portal-with-sound-therapy-module\/","title":{"rendered":"Portal Clasp con m\u00f3dulo de terapia de sonido"},"content":{"rendered":"<p><b>\u00bfC\u00f3mo funciona el m\u00f3dulo de terapia de sonido?<\/b><\/p>\n<p><span style=\"font-weight: 400;\">El M\u00f3dulo de Terapia de Sonido analiza la voz del usuario utilizando:<\/span><\/p>\n<ul>\n<li style=\"font-weight: 400;\" aria-level=\"1\"><b>An\u00e1lisis FFT (transformada r\u00e1pida de Fourier)<\/b><\/li>\n<li style=\"font-weight: 400;\" aria-level=\"1\"><b>An\u00e1lisis de amplitud<\/b><\/li>\n<\/ul>\n<p><span style=\"font-weight: 400;\">Al descomponer la voz en sus frecuencias b\u00e1sicas, el sistema identifica estados emocionales y energ\u00e9ticos.<\/span><span style=\"font-weight: 400;\"><br \/>\n<\/span><span style=\"font-weight: 400;\">Bas\u00e1ndose en este an\u00e1lisis, genera frecuencias sonoras a medida para armonizar la energ\u00eda y favorecer el equilibrio mente-cuerpo.<\/span><\/p>\n<p><b>Experiencia de sonoterapia personalizada<\/b><\/p>\n<p><span style=\"font-weight: 400;\">Sound Therapy adapta la salida de sonido en funci\u00f3n de las necesidades detectadas:<\/span><\/p>\n<ul>\n<li style=\"font-weight: 400;\" aria-level=\"1\"><span style=\"font-weight: 400;\">Tonos de baja frecuencia para el estr\u00e9s y la fatiga<\/span><\/li>\n<li style=\"font-weight: 400;\" aria-level=\"1\"><span style=\"font-weight: 400;\">Sonidos de alta frecuencia para estimular la energ\u00eda<\/span><\/li>\n<li style=\"font-weight: 400;\" aria-level=\"1\"><span style=\"font-weight: 400;\">Melod\u00edas armonizadoras para mejorar la concentraci\u00f3n y la alineaci\u00f3n mental<\/span><\/li>\n<\/ul>\n<p><span style=\"font-weight: 400;\">Cada sesi\u00f3n se genera din\u00e1micamente en lugar de utilizar listas de reproducci\u00f3n preestablecidas.<\/span><\/p>\n<p><b>Alineaci\u00f3n de sonidos basada en los chakras<\/b><\/p>\n<p><span style=\"font-weight: 400;\">El M\u00f3dulo de Terapia de Sonido alinea las frecuencias de sonido con las del cuerpo. <\/span><b>siete centros de energ\u00eda chakra<\/b><span style=\"font-weight: 400;\">:<\/span><\/p>\n<ul>\n<li style=\"font-weight: 400;\" aria-level=\"1\"><b>Chakra Ra\u00edz (256-396 Hz):<\/b><span style=\"font-weight: 400;\"> Estabilidad y conexi\u00f3n a tierra<\/span><\/li>\n<li style=\"font-weight: 400;\" aria-level=\"1\"><b>Chakra Sacro (288-417 Hz):<\/b><span style=\"font-weight: 400;\"> Creatividad y fluidez<\/span><\/li>\n<li style=\"font-weight: 400;\" aria-level=\"1\"><b>Chakra del plexo solar (320-528 Hz):<\/b><span style=\"font-weight: 400;\"> Confianza y dinamismo<\/span><\/li>\n<li style=\"font-weight: 400;\" aria-level=\"1\"><b>Chakra del coraz\u00f3n (341-639 Hz):<\/b><span style=\"font-weight: 400;\"> Conexi\u00f3n y equilibrio<\/span><\/li>\n<li style=\"font-weight: 400;\" aria-level=\"1\"><b>Chakra de la garganta (384-741 Hz):<\/b><span style=\"font-weight: 400;\"> Expresi\u00f3n y autenticidad<\/span><\/li>\n<li style=\"font-weight: 400;\" aria-level=\"1\"><b>Chakra del Tercer Ojo (426-852 Hz):<\/b><span style=\"font-weight: 400;\"> Claridad e intuici\u00f3n<\/span><\/li>\n<li style=\"font-weight: 400;\" aria-level=\"1\"><b>Chakra Coronario (480-963 Hz):<\/b><span style=\"font-weight: 400;\"> Conocimiento y conciencia<\/span><\/li>\n<\/ul>\n<p><span style=\"font-weight: 400;\">Mediante el an\u00e1lisis de la voz, el sistema detecta desequilibrios energ\u00e9ticos y ofrece frecuencias espec\u00edficas.<\/span><\/p>\n<p><b>Lo que puede experimentar<\/b><\/p>\n<ul>\n<li style=\"font-weight: 400;\" aria-level=\"1\"><span style=\"font-weight: 400;\">Reducci\u00f3n del estr\u00e9s y mejora de la sensaci\u00f3n de fluidez<\/span><\/li>\n<li style=\"font-weight: 400;\" aria-level=\"1\"><span style=\"font-weight: 400;\">Mayor concentraci\u00f3n y energ\u00eda<\/span><\/li>\n<li style=\"font-weight: 400;\" aria-level=\"1\"><span style=\"font-weight: 400;\">Relajaci\u00f3n m\u00e1s profunda y mejora de la calidad del sue\u00f1o<\/span><\/li>\n<li style=\"font-weight: 400;\" aria-level=\"1\"><span style=\"font-weight: 400;\">Mayor claridad emocional y equilibrio interior<\/span><\/li>\n<\/ul>\n<p><b>C\u00f3mo utilizar el m\u00f3dulo de terapia de sonido<\/b><\/p>\n<ol>\n<li style=\"font-weight: 400;\" aria-level=\"1\"><span style=\"font-weight: 400;\">Activar el m\u00f3dulo de terapia de sonido (p\u00f3ngase en contacto con la oficina si es necesario)<\/span><\/li>\n<li style=\"font-weight: 400;\" aria-level=\"1\"><span style=\"font-weight: 400;\">Registre un <\/span><b>Muestra de discurso de 15 segundos<\/b><span style=\"font-weight: 400;\"> para la calibraci\u00f3n<\/span><\/li>\n<li style=\"font-weight: 400;\" aria-level=\"1\"><span style=\"font-weight: 400;\">Completar un <\/span><b>An\u00e1lisis de voz de 60 segundos<\/b><\/li>\n<li style=\"font-weight: 400;\" aria-level=\"1\"><span style=\"font-weight: 400;\">Iniciar la sesi\u00f3n de sonoterapia personalizada<\/span><\/li>\n<li style=\"font-weight: 400;\" aria-level=\"1\"><span style=\"font-weight: 400;\">Controla en tiempo real qu\u00e9 chakra est\u00e1 siendo influido<\/span><\/li>\n<\/ol>\n<p><b>Productos destacados<\/b><\/p>\n<ul>\n<li style=\"font-weight: 400;\" aria-level=\"1\"><span style=\"font-weight: 400;\">Software de sonoterapia personalizada<\/span><\/li>\n<li style=\"font-weight: 400;\" aria-level=\"1\"><span style=\"font-weight: 400;\">FFT basada en la voz y an\u00e1lisis de amplitud<\/span><\/li>\n<li style=\"font-weight: 400;\" aria-level=\"1\"><span style=\"font-weight: 400;\">Alineaci\u00f3n de frecuencias centrada en los chakras<\/span><\/li>\n<li style=\"font-weight: 400;\" aria-level=\"1\"><span style=\"font-weight: 400;\">Generaci\u00f3n de sonido adaptativa y no est\u00e1tica<\/span><\/li>\n<li style=\"font-weight: 400;\" aria-level=\"1\"><span style=\"font-weight: 400;\">Integrado en el sistema Clasp Portal<\/span><\/li>\n<\/ul>\n<p><b>Informaci\u00f3n t\u00e9cnica<\/b><\/p>\n<ul>\n<li style=\"font-weight: 400;\" aria-level=\"1\"><span style=\"font-weight: 400;\">Producto: Portal de cierre con m\u00f3dulo de terapia de sonido<\/span><\/li>\n<li style=\"font-weight: 400;\" aria-level=\"1\"><span style=\"font-weight: 400;\">Peso: <\/span><b>3 kg por unidad<\/b><\/li>\n<\/ul>","protected":false},"excerpt":{"rendered":"<p><b>Software de sonoterapia personalizada para biorretroalimentaci\u00f3n y bienestar<\/b><\/p>\n<p><b>\u00bfQu\u00e9 es el m\u00f3dulo de terapia de sonido Clasp Portal?<\/b><\/p>\n<p><span style=\"font-weight: 400;\">En <\/span><b>M\u00f3dulo de terapia de sonido Clasp Portal<\/b><span style=\"font-weight: 400;\"> es un <\/span><b>soluci\u00f3n avanzada de biorretroalimentaci\u00f3n basada en el sonido<\/b><span style=\"font-weight: 400;\"> que utiliza el an\u00e1lisis de voz para crear <\/span><b>sesiones personalizadas de sonoterapia<\/b><span style=\"font-weight: 400;\">.<\/span><span style=\"font-weight: 400;\"><br \/>\n<\/span><span style=\"font-weight: 400;\">El sistema analiza la voz del usuario para identificar patrones emocionales y energ\u00e9ticos, y a continuaci\u00f3n genera un paisaje sonoro personalizado dise\u00f1ado para favorecer el equilibrio, la claridad y el bienestar general.<\/span><\/p>\n<p><span style=\"font-weight: 400;\">Este m\u00f3dulo forma parte del <\/span><b>Sistema Clasp Portal<\/b><span style=\"font-weight: 400;\"> y est\u00e1 dise\u00f1ado para experiencias de sonoterapia inteligentes y adaptables.<\/span><\/p>","protected":false},"featured_media":26316,"comment_status":"open","ping_status":"closed","template":"","meta":{"_acf_changed":false,"_seopress_robots_primary_cat":"","_seopress_titles_title":"Clasp Portal Sound Therapy Module - Precision Tech","_seopress_titles_desc":"Professional sound therapy integration. The Clasp Portal Sound Therapy Module enhances Q9 sessions for holistic balance. View Specifications.","_seopress_robots_index":""},"product_brand":[],"product_cat":[136],"product_tag":[],"class_list":{"0":"post-29250","1":"product","2":"type-product","3":"status-publish","4":"has-post-thumbnail","6":"product_cat-software","8":"first","9":"instock","10":"virtual","11":"taxable","12":"purchasable","13":"product-type-simple"},"acf":[],"_links":{"self":[{"href":"https:\/\/vibeyoup.com\/es\/wp-json\/wp\/v2\/product\/29250","targetHints":{"allow":["GET"]}}],"collection":[{"href":"https:\/\/vibeyoup.com\/es\/wp-json\/wp\/v2\/product"}],"about":[{"href":"https:\/\/vibeyoup.com\/es\/wp-json\/wp\/v2\/types\/product"}],"replies":[{"embeddable":true,"href":"https:\/\/vibeyoup.com\/es\/wp-json\/wp\/v2\/comments?post=29250"}],"wp:featuredmedia":[{"embeddable":true,"href":"https:\/\/vibeyoup.com\/es\/wp-json\/wp\/v2\/media\/26316"}],"wp:attachment":[{"href":"https:\/\/vibeyoup.com\/es\/wp-json\/wp\/v2\/media?parent=29250"}],"wp:term":[{"taxonomy":"product_brand","embeddable":true,"href":"https:\/\/vibeyoup.com\/es\/wp-json\/wp\/v2\/product_brand?post=29250"},{"taxonomy":"product_cat","embeddable":true,"href":"https:\/\/vibeyoup.com\/es\/wp-json\/wp\/v2\/product_cat?post=29250"},{"taxonomy":"product_tag","embeddable":true,"href":"https:\/\/vibeyoup.com\/es\/wp-json\/wp\/v2\/product_tag?post=29250"}],"curies":[{"name":"wp","href":"https:\/\/api.w.org\/{rel}","templated":true}]}}