{"id":29246,"date":"2026-01-22T18:34:52","date_gmt":"2026-01-22T18:34:52","guid":{"rendered":"https:\/\/vibeyoup.com\/?post_type=product&#038;p=29246"},"modified":"2026-01-22T18:43:40","modified_gmt":"2026-01-22T18:43:40","slug":"modulo-e-aid-del-portal-clasp","status":"publish","type":"product","link":"https:\/\/vibeyoup.com\/es\/termek\/clasp-portal-e-aid-module\/","title":{"rendered":"M\u00f3dulo e-AID del portal Clasp"},"content":{"rendered":"<p><b>\u00bfC\u00f3mo funciona el m\u00f3dulo e-AID?<\/b><\/p>\n<p><span style=\"font-weight: 400;\">El m\u00f3dulo e-AID del Portal Clasp se centra en el estr\u00e9s, ya que ayuda a reducir los niveles de estr\u00e9s mediante la armonizaci\u00f3n del biofeedback.<\/span><span style=\"font-weight: 400;\"><br \/>\n<\/span><span style=\"font-weight: 400;\">A medida que disminuye el estr\u00e9s, se alteran los patrones de comportamiento impulsados por el estr\u00e9s, lo que permite a los usuarios recuperar el control sobre las respuestas autom\u00e1ticas.<\/span><\/p>\n<p><span style=\"font-weight: 400;\">Al abordar el estr\u00e9s en lugar de los s\u00edntomas, el m\u00f3dulo favorece un cambio sostenible mediante sesiones repetidas de biorretroalimentaci\u00f3n.<\/span><\/p>\n<p><b>Funciones principales del m\u00f3dulo e-AID del portal Clasp<\/b><\/p>\n<ul>\n<li style=\"font-weight: 400;\" aria-level=\"1\"><span style=\"font-weight: 400;\">Apoya la <\/span><b>interrupci\u00f3n de los bucles de h\u00e1bitos inducidos por el estr\u00e9s<\/b><\/li>\n<li style=\"font-weight: 400;\" aria-level=\"1\"><span style=\"font-weight: 400;\">Ayuda a reducir los niveles de estr\u00e9s que conducen a comportamientos inconscientes<\/span><\/li>\n<li style=\"font-weight: 400;\" aria-level=\"1\"><span style=\"font-weight: 400;\">Favorece la claridad mental y la estabilidad emocional<\/span><\/li>\n<li style=\"font-weight: 400;\" aria-level=\"1\"><span style=\"font-weight: 400;\">Dise\u00f1ado para reeducar los patrones de respuesta relacionados con el estr\u00e9s<\/span><\/li>\n<li style=\"font-weight: 400;\" aria-level=\"1\"><span style=\"font-weight: 400;\">Se centra en la reducci\u00f3n del estr\u00e9s a largo plazo mediante biorretroalimentaci\u00f3n<\/span><\/li>\n<\/ul>\n<p><b>Biorretroalimentaci\u00f3n medible y f\u00e1cil de usar<\/b><\/p>\n<ul>\n<li style=\"font-weight: 400;\" aria-level=\"1\"><span style=\"font-weight: 400;\">Dise\u00f1ado para <\/span><b>uso sencillo y eficaz<\/b><\/li>\n<li style=\"font-weight: 400;\" aria-level=\"1\"><span style=\"font-weight: 400;\">No requiere configuraciones complejas<\/span><\/li>\n<li style=\"font-weight: 400;\" aria-level=\"1\"><span style=\"font-weight: 400;\">Las mediciones de referencia incluyen <\/span><b>EEG, ECG y EMG<\/b><\/li>\n<li style=\"font-weight: 400;\" aria-level=\"1\"><span style=\"font-weight: 400;\">Se utilizan datos de EEG, ECG y EMG <\/span><b>exclusivamente como indicadores de referencia<\/b><span style=\"font-weight: 400;\"> evaluar la eficacia de la armonizaci\u00f3n<\/span><\/li>\n<\/ul>\n<p><b>Compatibilidad y requisitos<\/b><\/p>\n<ul>\n<li style=\"font-weight: 400;\" aria-level=\"1\"><span style=\"font-weight: 400;\">Compatible <\/span><b>s\u00f3lo con dispositivos SCIO (USB) y Mandelay Q9<\/b><\/li>\n<li style=\"font-weight: 400;\" aria-level=\"1\"><span style=\"font-weight: 400;\">Destinado exclusivamente a aplicaciones de biorretroalimentaci\u00f3n<\/span><\/li>\n<li style=\"font-weight: 400;\" aria-level=\"1\"><span style=\"font-weight: 400;\">Las reclamaciones s\u00f3lo se tienen en cuenta en relaci\u00f3n con problemas de biorretroalimentaci\u00f3n.<\/span><\/li>\n<\/ul>\n<p><b>Productos destacados<\/b><\/p>\n<ul>\n<li style=\"font-weight: 400;\" aria-level=\"1\"><span style=\"font-weight: 400;\">M\u00f3dulo de software de biorretroalimentaci\u00f3n<\/span><\/li>\n<li style=\"font-weight: 400;\" aria-level=\"1\"><span style=\"font-weight: 400;\">Se centra en los patrones de comportamiento relacionados con el estr\u00e9s<\/span><\/li>\n<li style=\"font-weight: 400;\" aria-level=\"1\"><span style=\"font-weight: 400;\">Mediciones de EEG, ECG y EMG basadas en referencias<\/span><\/li>\n<li style=\"font-weight: 400;\" aria-level=\"1\"><span style=\"font-weight: 400;\">Compatible con SCIO USB y Mandelay Q9<\/span><\/li>\n<\/ul>","protected":false},"excerpt":{"rendered":"<p><b>Software de biorretroalimentaci\u00f3n para patrones de h\u00e1bitos relacionados con el estr\u00e9s<\/b><\/p>\n<p><b>\u00bfQu\u00e9 es el m\u00f3dulo e-AID de Clasp Portal?<\/b><\/p>\n<p><span style=\"font-weight: 400;\">En <\/span><b>M\u00f3dulo e-AID del portal Clasp<\/b><span style=\"font-weight: 400;\"> es un <\/span><b>soluci\u00f3n avanzada de software de biorretroalimentaci\u00f3n<\/b><span style=\"font-weight: 400;\"> dise\u00f1ado para abordar <\/span><b>patrones de comportamiento impulsados por el estr\u00e9s<\/b><span style=\"font-weight: 400;\">.<\/span><span style=\"font-weight: 400;\"><br \/>\n<\/span><span style=\"font-weight: 400;\">Se centra en reducir los niveles de estr\u00e9s para interrumpir los h\u00e1bitos autom\u00e1ticos que suele desencadenar el estr\u00e9s, como los comportamientos compulsivos y los mecanismos de afrontamiento inconscientes.<\/span><\/p>\n<p><span style=\"font-weight: 400;\">El m\u00f3dulo est\u00e1 destinado exclusivamente a su uso en el \u00e1mbito de la <\/span><b>biorretroalimentaci\u00f3n<\/b><span style=\"font-weight: 400;\"> y est\u00e1 disponible con un <\/span><b>7 d\u00edas de prueba gratuita<\/b><span style=\"font-weight: 400;\">.<\/span><\/p>","protected":false},"featured_media":26317,"comment_status":"open","ping_status":"closed","template":"","meta":{"_acf_changed":false,"_seopress_robots_primary_cat":"none","_seopress_titles_title":"Clasp Portal with E-AID Module - Advanced Q9 Tech","_seopress_titles_desc":"Get the Clasp Portal and powerful E-AID Module. This certified accessory elevates your Q9 device's diagnostic precision. Order Now.","_seopress_robots_index":""},"product_brand":[],"product_cat":[136],"product_tag":[],"class_list":{"0":"post-29246","1":"product","2":"type-product","3":"status-publish","4":"has-post-thumbnail","6":"product_cat-software","8":"first","9":"instock","10":"virtual","11":"taxable","12":"purchasable","13":"product-type-simple"},"acf":[],"_links":{"self":[{"href":"https:\/\/vibeyoup.com\/es\/wp-json\/wp\/v2\/product\/29246","targetHints":{"allow":["GET"]}}],"collection":[{"href":"https:\/\/vibeyoup.com\/es\/wp-json\/wp\/v2\/product"}],"about":[{"href":"https:\/\/vibeyoup.com\/es\/wp-json\/wp\/v2\/types\/product"}],"replies":[{"embeddable":true,"href":"https:\/\/vibeyoup.com\/es\/wp-json\/wp\/v2\/comments?post=29246"}],"wp:featuredmedia":[{"embeddable":true,"href":"https:\/\/vibeyoup.com\/es\/wp-json\/wp\/v2\/media\/26317"}],"wp:attachment":[{"href":"https:\/\/vibeyoup.com\/es\/wp-json\/wp\/v2\/media?parent=29246"}],"wp:term":[{"taxonomy":"product_brand","embeddable":true,"href":"https:\/\/vibeyoup.com\/es\/wp-json\/wp\/v2\/product_brand?post=29246"},{"taxonomy":"product_cat","embeddable":true,"href":"https:\/\/vibeyoup.com\/es\/wp-json\/wp\/v2\/product_cat?post=29246"},{"taxonomy":"product_tag","embeddable":true,"href":"https:\/\/vibeyoup.com\/es\/wp-json\/wp\/v2\/product_tag?post=29246"}],"curies":[{"name":"wp","href":"https:\/\/api.w.org\/{rel}","templated":true}]}}