{"id":29242,"date":"2026-01-22T18:32:16","date_gmt":"2026-01-22T18:32:16","guid":{"rendered":"https:\/\/vibeyoup.com\/?post_type=product&#038;p=29242"},"modified":"2026-01-22T18:32:16","modified_gmt":"2026-01-22T18:32:16","slug":"modulo-de-formacion-basica-del-portal-clasp","status":"publish","type":"product","link":"https:\/\/vibeyoup.com\/es\/termek\/clasp-portal-basic-training-module\/","title":{"rendered":"M\u00f3dulo de formaci\u00f3n b\u00e1sica del Portal Clasp"},"content":{"rendered":"<p><b>\u00bfC\u00f3mo funciona la formaci\u00f3n b\u00e1sica de Clasp Portal?<\/b><\/p>\n<p><span style=\"font-weight: 400;\">El m\u00f3dulo de formaci\u00f3n b\u00e1sica del Portal Clasp utiliza un <\/span><b>proceso terap\u00e9utico automatizado con un solo clic<\/b><span style=\"font-weight: 400;\">.<\/span><span style=\"font-weight: 400;\"><br \/>\n<\/span><span style=\"font-weight: 400;\">Antes y despu\u00e9s de cada sesi\u00f3n, el programa mide <\/span><b>resistencia cut\u00e1nea<\/b><span style=\"font-weight: 400;\">, Ello permite verificar de nuevo la formaci\u00f3n y ayuda a evaluar su eficacia.<\/span><\/p>\n<p><span style=\"font-weight: 400;\">Este proceso automatizado favorece la coherencia de las sesiones y pone de relieve las \u00e1reas que pueden requerir m\u00e1s atenci\u00f3n.<\/span><\/p>\n<p><b>Caracter\u00edsticas principales de la formaci\u00f3n b\u00e1sica del Portal Clasp<\/b><\/p>\n<ul>\n<li style=\"font-weight: 400;\" aria-level=\"1\"><b>Terapia de biorretroalimentaci\u00f3n con un solo clic<\/b><span style=\"font-weight: 400;\"> con verificaci\u00f3n autom\u00e1tica<\/span><\/li>\n<li style=\"font-weight: 400;\" aria-level=\"1\"><span style=\"font-weight: 400;\">Mide la resistencia de la piel antes y despu\u00e9s de las sesiones<\/span><\/li>\n<li style=\"font-weight: 400;\" aria-level=\"1\"><span style=\"font-weight: 400;\">Ayuda a confirmar la eficacia del entrenamiento con biorretroalimentaci\u00f3n<\/span><\/li>\n<li style=\"font-weight: 400;\" aria-level=\"1\"><span style=\"font-weight: 400;\">Referencias de medici\u00f3n avanzadas que incluyen <\/span><b>EEG, ECG y EMG<\/b><span style=\"font-weight: 400;\"> (opcional)<\/span><\/li>\n<li style=\"font-weight: 400;\" aria-level=\"1\"><span style=\"font-weight: 400;\">Dise\u00f1ado para simplificar los flujos de trabajo y maximizar la eficacia<\/span><\/li>\n<\/ul>\n<p><b>Datos de medici\u00f3n y referencia<\/b><\/p>\n<p><span style=\"font-weight: 400;\">Se incluyen mediciones de EEG, ECG y EMG <\/span><b>\u00fanicamente como indicadores de referencia<\/b><span style=\"font-weight: 400;\">.<\/span><span style=\"font-weight: 400;\"><br \/>\n<\/span><span style=\"font-weight: 400;\">Se utilizan para evaluar la eficacia del proceso de armonizaci\u00f3n del biofeedback y no tienen ninguna otra finalidad.<\/span><\/p>\n<p><b>Compatibilidad y requisitos<\/b><\/p>\n<ul>\n<li style=\"font-weight: 400;\" aria-level=\"1\"><span style=\"font-weight: 400;\">Compatible <\/span><b>s\u00f3lo con dispositivos SCIO USB y Mandelay Q9<\/b><\/li>\n<li style=\"font-weight: 400;\" aria-level=\"1\"><span style=\"font-weight: 400;\">Dise\u00f1ado <\/span><b>exclusivamente para aplicaciones de biorretroalimentaci\u00f3n<\/b><\/li>\n<li style=\"font-weight: 400;\" aria-level=\"1\"><span style=\"font-weight: 400;\">Destinado exclusivamente al campo de la biorretroalimentaci\u00f3n<\/span><\/li>\n<\/ul>\n<p><span style=\"font-weight: 400;\">S\u00f3lo se tendr\u00e1n en cuenta las quejas relacionadas con problemas de biofeedback.<\/span><\/p>\n<p><b>Productos destacados<\/b><\/p>\n<ul>\n<li style=\"font-weight: 400;\" aria-level=\"1\"><span style=\"font-weight: 400;\">Software de biorretroalimentaci\u00f3n<\/span><\/li>\n<li style=\"font-weight: 400;\" aria-level=\"1\"><span style=\"font-weight: 400;\">Interfaz automatizada y f\u00e1cil de usar<\/span><\/li>\n<li style=\"font-weight: 400;\" aria-level=\"1\"><span style=\"font-weight: 400;\">Terapia con un solo clic y nueva verificaci\u00f3n<\/span><\/li>\n<li style=\"font-weight: 400;\" aria-level=\"1\"><span style=\"font-weight: 400;\">Mediciones de referencia: EEG, ECG, EMG<\/span><\/li>\n<li style=\"font-weight: 400;\" aria-level=\"1\"><span style=\"font-weight: 400;\">Compatible con SCIO USB y Mandelay Q9<\/span><\/li>\n<\/ul>","protected":false},"excerpt":{"rendered":"<p><b>Software de biorretroalimentaci\u00f3n para dispositivos SCIO y Mandelay Q9<\/b><\/p>\n<p><b>\u00bfQu\u00e9 es el m\u00f3dulo de formaci\u00f3n b\u00e1sica de Clasp Portal?<\/b><\/p>\n<p><span style=\"font-weight: 400;\">En <\/span><b>M\u00f3dulo de formaci\u00f3n b\u00e1sica del Portal Clasp<\/b><span style=\"font-weight: 400;\"> es un <\/span><b>soluci\u00f3n de software de biorretroalimentaci\u00f3n<\/b><span style=\"font-weight: 400;\"> dise\u00f1ado para simplificar las sesiones de biorretroalimentaci\u00f3n y ofrecer al mismo tiempo resultados medibles y verificables.<\/span><span style=\"font-weight: 400;\"><br \/>\n<\/span><span style=\"font-weight: 400;\">Es adecuado tanto para profesionales como para principiantes que deseen un <\/span><b>sistema de biorretroalimentaci\u00f3n automatizado y f\u00e1cil de usar<\/b><span style=\"font-weight: 400;\">.<\/span><\/p>\n<p><span style=\"font-weight: 400;\">El m\u00f3dulo est\u00e1 disponible con un <\/span><b>7 d\u00edas de prueba gratuita<\/b><span style=\"font-weight: 400;\">, lo que permite a los usuarios experimentar su funcionalidad antes de comprometerse.<\/span><\/p>","protected":false},"featured_media":26316,"comment_status":"open","ping_status":"closed","template":"","meta":{"_acf_changed":false,"_seopress_robots_primary_cat":"","_seopress_titles_title":"Professional Clasp Portal with Basic Training","_seopress_titles_desc":"Buy the Clasp Portal and the essential Basic Training Module. Advanced knowledge for authoritative use of your Q9 device. Learn More.","_seopress_robots_index":""},"product_brand":[],"product_cat":[136],"product_tag":[],"class_list":{"0":"post-29242","1":"product","2":"type-product","3":"status-publish","4":"has-post-thumbnail","6":"product_cat-software","8":"first","9":"instock","10":"virtual","11":"taxable","12":"purchasable","13":"product-type-simple"},"acf":[],"_links":{"self":[{"href":"https:\/\/vibeyoup.com\/es\/wp-json\/wp\/v2\/product\/29242","targetHints":{"allow":["GET"]}}],"collection":[{"href":"https:\/\/vibeyoup.com\/es\/wp-json\/wp\/v2\/product"}],"about":[{"href":"https:\/\/vibeyoup.com\/es\/wp-json\/wp\/v2\/types\/product"}],"replies":[{"embeddable":true,"href":"https:\/\/vibeyoup.com\/es\/wp-json\/wp\/v2\/comments?post=29242"}],"wp:featuredmedia":[{"embeddable":true,"href":"https:\/\/vibeyoup.com\/es\/wp-json\/wp\/v2\/media\/26316"}],"wp:attachment":[{"href":"https:\/\/vibeyoup.com\/es\/wp-json\/wp\/v2\/media?parent=29242"}],"wp:term":[{"taxonomy":"product_brand","embeddable":true,"href":"https:\/\/vibeyoup.com\/es\/wp-json\/wp\/v2\/product_brand?post=29242"},{"taxonomy":"product_cat","embeddable":true,"href":"https:\/\/vibeyoup.com\/es\/wp-json\/wp\/v2\/product_cat?post=29242"},{"taxonomy":"product_tag","embeddable":true,"href":"https:\/\/vibeyoup.com\/es\/wp-json\/wp\/v2\/product_tag?post=29242"}],"curies":[{"name":"wp","href":"https:\/\/api.w.org\/{rel}","templated":true}]}}