{"id":29239,"date":"2026-01-22T18:20:32","date_gmt":"2026-01-22T18:20:32","guid":{"rendered":"https:\/\/vibeyoup.com\/?post_type=product&#038;p=29239"},"modified":"2026-02-28T09:19:24","modified_gmt":"2026-02-28T09:19:24","slug":"arnes-de-extremidades-para-eductor-mandelay-q9-hoh","status":"publish","type":"product","link":"https:\/\/vibeyoup.com\/es\/termek\/limb-harness-for-mandelay-q9-hoh-eductor\/","title":{"rendered":"Arn\u00e9s de extremidades para Mandelay Q9, HOH y Eductor"},"content":{"rendered":"<p><b>Principales ventajas del arn\u00e9s de extremidades original<\/b><\/p>\n<ul>\n<li style=\"font-weight: 400;\" aria-level=\"1\"><b>Compatibilidad garantizada<\/b><span style=\"font-weight: 400;\"> con dispositivos Mandelay Q9, HOH y Eductor<\/span><\/li>\n<li style=\"font-weight: 400;\" aria-level=\"1\"><span style=\"font-weight: 400;\">Dise\u00f1o aprobado por el fabricante y cl\u00ednicamente probado<\/span><\/li>\n<li style=\"font-weight: 400;\" aria-level=\"1\"><span style=\"font-weight: 400;\">Alta conductividad <\/span><b>caucho galv\u00e1nico<\/b><span style=\"font-weight: 400;\"> para una transmisi\u00f3n fiable de la se\u00f1al<\/span><\/li>\n<li style=\"font-weight: 400;\" aria-level=\"1\"><span style=\"font-weight: 400;\">Permite realizar mediciones de biorretroalimentaci\u00f3n precisas y coherentes<\/span><\/li>\n<li style=\"font-weight: 400;\" aria-level=\"1\"><span style=\"font-weight: 400;\">Ayuda a evitar el mal funcionamiento del dispositivo causado por accesorios no certificados.<\/span><\/li>\n<li style=\"font-weight: 400;\" aria-level=\"1\"><span style=\"font-weight: 400;\">Mantiene la validez de la garant\u00eda cuando se adquiere a trav\u00e9s de distribuidores oficiales<\/span><\/li>\n<\/ul>\n<p><b>Conductividad, durabilidad y rendimiento<\/b><\/p>\n<p><span style=\"font-weight: 400;\">El arn\u00e9s de extremidades est\u00e1 fabricado con <\/span><b>caucho galv\u00e1nico de alta capacidad<\/b><span style=\"font-weight: 400;\">, proporcionando una conductividad fuerte y constante a lo largo de un uso repetido.<\/span><span style=\"font-weight: 400;\"><br \/>\n<\/span><span style=\"font-weight: 400;\">Como ocurre con todos los materiales conductores, el rendimiento disminuye con el tiempo, por lo que se recomienda sustituirlos peri\u00f3dicamente para garantizar una funcionalidad \u00f3ptima del dispositivo.<\/span><\/p>\n<p><b>Directrices de sustituci\u00f3n:<\/b><\/p>\n<ul>\n<li style=\"font-weight: 400;\" aria-level=\"1\"><b>Uso profesional:<\/b><span style=\"font-weight: 400;\"> cada 1-2 a\u00f1os<\/span><\/li>\n<li style=\"font-weight: 400;\" aria-level=\"1\"><b>Uso dom\u00e9stico:<\/b><span style=\"font-weight: 400;\"> cada 3-4 a\u00f1os<\/span><\/li>\n<\/ul>\n<p><b>Cobertura de la garant\u00eda:<\/b><span style=\"font-weight: 400;\"> 6 meses para los arneses de extremidades.<\/span><\/p>\n<p><b>Dise\u00f1o y caracter\u00edsticas t\u00e9cnicas<\/b><\/p>\n<ul>\n<li style=\"font-weight: 400;\" aria-level=\"1\"><span style=\"font-weight: 400;\">Redise\u00f1ado en <\/span><b>2019<\/b><span style=\"font-weight: 400;\"> para una mayor durabilidad y facilidad de limpieza<\/span><\/li>\n<li style=\"font-weight: 400;\" aria-level=\"1\"><b>8 puntos de contacto con la piel<\/b><span style=\"font-weight: 400;\"> para una conductividad y una precisi\u00f3n de medici\u00f3n m\u00e1ximas<\/span><\/li>\n<li style=\"font-weight: 400;\" aria-level=\"1\"><span style=\"font-weight: 400;\">Materiales profesionales de alta calidad y f\u00e1ciles de limpiar<\/span><\/li>\n<li style=\"font-weight: 400;\" aria-level=\"1\"><span style=\"font-weight: 400;\">Seguridad, comodidad y fiabilidad cl\u00ednicamente probadas<\/span><\/li>\n<li style=\"font-weight: 400;\" aria-level=\"1\"><span style=\"font-weight: 400;\">Construcci\u00f3n aprobada por el fabricante<\/span><\/li>\n<\/ul>\n<p><b>Especificaciones t\u00e9cnicas<\/b><\/p>\n<ul>\n<li style=\"font-weight: 400;\" aria-level=\"1\"><span style=\"font-weight: 400;\">Tipo de producto: Arn\u00e9s de biorretroalimentaci\u00f3n para extremidades<\/span><\/li>\n<li style=\"font-weight: 400;\" aria-level=\"1\"><span style=\"font-weight: 400;\">Compatibilidad: Mandelay Q9, HOH, Eductor<\/span><\/li>\n<li style=\"font-weight: 400;\" aria-level=\"1\"><span style=\"font-weight: 400;\">Material: Caucho galv\u00e1nico de alta capacidad<\/span><\/li>\n<li style=\"font-weight: 400;\" aria-level=\"1\"><span style=\"font-weight: 400;\">Longitud: <\/span><b>300 cm<\/b><\/li>\n<\/ul>\n<p><b>\u00bfPor qu\u00e9 utilizar arneses de extremidades verificadas?<\/b><\/p>\n<p><span style=\"font-weight: 400;\">El uso de arneses de extremidades originales y homologados por el fabricante ayuda a garantizar:<\/span><\/p>\n<ul>\n<li style=\"font-weight: 400;\" aria-level=\"1\"><span style=\"font-weight: 400;\">Sesiones de biorretroalimentaci\u00f3n precisas y fiables<\/span><\/li>\n<li style=\"font-weight: 400;\" aria-level=\"1\"><span style=\"font-weight: 400;\">Eficacia del dispositivo a largo plazo<\/span><\/li>\n<li style=\"font-weight: 400;\" aria-level=\"1\"><span style=\"font-weight: 400;\">Transmisi\u00f3n estable de la se\u00f1al<\/span><\/li>\n<li style=\"font-weight: 400;\" aria-level=\"1\"><span style=\"font-weight: 400;\">Protecci\u00f3n continua de la garant\u00eda<\/span><\/li>\n<li style=\"font-weight: 400;\" aria-level=\"1\"><span style=\"font-weight: 400;\">Funcionamiento seguro y uniforme<\/span><\/li>\n<\/ul>\n<p><span style=\"font-weight: 400;\">Dise\u00f1ado para ofrecer durabilidad, conductividad y precisi\u00f3n, este arn\u00e9s de extremidades favorece un rendimiento \u00f3ptimo de la biorretroalimentaci\u00f3n y protege su inversi\u00f3n en el dispositivo.<\/span><\/p>","protected":false},"excerpt":{"rendered":"<p><b>Arn\u00e9s para extremidades con biorretroalimentaci\u00f3n aprobado por el fabricante<\/b><\/p>\n<p><b>\u00bfQu\u00e9 es el arn\u00e9s de extremidades para Mandelay Q9, HOH y Eductor?<\/b><\/p>\n<p><span style=\"font-weight: 400;\">En <\/span><b>Arn\u00e9s de extremidades para Mandelay Q9, HOH y Eductor<\/b><span style=\"font-weight: 400;\"> es un <\/span><b>accesorio de biorretroalimentaci\u00f3n homologado por el fabricante<\/b><span style=\"font-weight: 400;\"> dise\u00f1ado para garantizar una transmisi\u00f3n estable de la se\u00f1al y mediciones precisas durante las sesiones de biorretroalimentaci\u00f3n.<\/span><span style=\"font-weight: 400;\"><br \/>\n<\/span><span style=\"font-weight: 400;\">Este arn\u00e9s de extremidades est\u00e1 cl\u00ednicamente probado y dise\u00f1ado espec\u00edficamente para <\/span><b>Mandelay Q9<\/b><span style=\"font-weight: 400;\">, <\/span><b>HOH<\/b><span style=\"font-weight: 400;\">, y <\/span><b>Eductor<\/b><span style=\"font-weight: 400;\"> dispositivos de biorretroalimentaci\u00f3n.<\/span><\/p>\n<p><span style=\"font-weight: 400;\">El uso de accesorios verificados es esencial para mantener el rendimiento del dispositivo, la precisi\u00f3n y la protecci\u00f3n de la garant\u00eda.<\/span><\/p>","protected":false},"featured_media":29234,"comment_status":"open","ping_status":"closed","template":"","meta":{"_acf_changed":false,"_seopress_robots_primary_cat":"none","_seopress_titles_title":"Limb Harness for Mandelay Q9, HOH & Eductor","_seopress_titles_desc":"The Limb Harness for Mandelay Q9, HOH, and Eductor is a manufacturer-approved accessory for stable and accurate biofeedback measurements.","_seopress_robots_index":""},"product_brand":[],"product_cat":[134],"product_tag":[],"class_list":{"0":"post-29239","1":"product","2":"type-product","3":"status-publish","4":"has-post-thumbnail","6":"product_cat-accessories","8":"first","9":"instock","10":"taxable","11":"shipping-taxable","12":"purchasable","13":"product-type-simple"},"acf":[],"_links":{"self":[{"href":"https:\/\/vibeyoup.com\/es\/wp-json\/wp\/v2\/product\/29239","targetHints":{"allow":["GET"]}}],"collection":[{"href":"https:\/\/vibeyoup.com\/es\/wp-json\/wp\/v2\/product"}],"about":[{"href":"https:\/\/vibeyoup.com\/es\/wp-json\/wp\/v2\/types\/product"}],"replies":[{"embeddable":true,"href":"https:\/\/vibeyoup.com\/es\/wp-json\/wp\/v2\/comments?post=29239"}],"wp:featuredmedia":[{"embeddable":true,"href":"https:\/\/vibeyoup.com\/es\/wp-json\/wp\/v2\/media\/29234"}],"wp:attachment":[{"href":"https:\/\/vibeyoup.com\/es\/wp-json\/wp\/v2\/media?parent=29239"}],"wp:term":[{"taxonomy":"product_brand","embeddable":true,"href":"https:\/\/vibeyoup.com\/es\/wp-json\/wp\/v2\/product_brand?post=29239"},{"taxonomy":"product_cat","embeddable":true,"href":"https:\/\/vibeyoup.com\/es\/wp-json\/wp\/v2\/product_cat?post=29239"},{"taxonomy":"product_tag","embeddable":true,"href":"https:\/\/vibeyoup.com\/es\/wp-json\/wp\/v2\/product_tag?post=29239"}],"curies":[{"name":"wp","href":"https:\/\/api.w.org\/{rel}","templated":true}]}}