{"id":29235,"date":"2026-01-22T18:18:43","date_gmt":"2026-01-22T18:18:43","guid":{"rendered":"https:\/\/vibeyoup.com\/?post_type=product&#038;p=29235"},"modified":"2026-02-28T09:20:21","modified_gmt":"2026-02-28T09:20:21","slug":"arnes-de-cabeza-para-eductor-mandelay-q9-hoh","status":"publish","type":"product","link":"https:\/\/vibeyoup.com\/es\/termek\/head-harness-for-mandelay-q9-hoh-eductor\/","title":{"rendered":"Arn\u00e9s de cabeza para Mandelay Q9, HOH y Eductor"},"content":{"rendered":"<p><b>\u00bfPor qu\u00e9 elegir el arn\u00e9s de cabeza Original?<\/b><\/p>\n<ul>\n<li style=\"font-weight: 400;\" aria-level=\"1\"><b>Compatibilidad garantizada<\/b><span style=\"font-weight: 400;\"> con dispositivos Mandelay Q9, HOH y Eductor<\/span><\/li>\n<li style=\"font-weight: 400;\" aria-level=\"1\"><span style=\"font-weight: 400;\">Dise\u00f1o aprobado por el fabricante y cl\u00ednicamente probado<\/span><\/li>\n<li style=\"font-weight: 400;\" aria-level=\"1\"><span style=\"font-weight: 400;\">Alta conductividad <\/span><b>caucho galv\u00e1nico<\/b><span style=\"font-weight: 400;\"> para una transmisi\u00f3n fiable de la se\u00f1al<\/span><\/li>\n<li style=\"font-weight: 400;\" aria-level=\"1\"><span style=\"font-weight: 400;\">Admite mediciones de biorretroalimentaci\u00f3n precisas<\/span><\/li>\n<li style=\"font-weight: 400;\" aria-level=\"1\"><span style=\"font-weight: 400;\">Ayuda a mantener la validez de la garant\u00eda del dispositivo<\/span><\/li>\n<\/ul>\n<p><span style=\"font-weight: 400;\">Los arneses de cabeza no certificados pueden reducir el rendimiento y comprometer la seguridad del dispositivo.<\/span><\/p>\n<p><b>Dise\u00f1o y rendimiento<\/b><\/p>\n<p><span style=\"font-weight: 400;\">El arn\u00e9s de cabeza est\u00e1 hecho de <\/span><b>caucho galv\u00e1nico de alta capacidad<\/b><span style=\"font-weight: 400;\">, proporcionando una conductividad constante a lo largo de usos repetidos.<\/span><span style=\"font-weight: 400;\"><br \/>\n<\/span><span style=\"font-weight: 400;\">Para un rendimiento \u00f3ptimo, se recomienda sustituirlos peri\u00f3dicamente:<\/span><\/p>\n<ul>\n<li style=\"font-weight: 400;\" aria-level=\"1\"><b>Uso profesional:<\/b><span style=\"font-weight: 400;\"> cada 1-2 a\u00f1os<\/span><\/li>\n<li style=\"font-weight: 400;\" aria-level=\"1\"><b>Uso dom\u00e9stico:<\/b><span style=\"font-weight: 400;\"> cada 3-4 a\u00f1os<\/span><\/li>\n<\/ul>\n<p><span style=\"font-weight: 400;\">La garant\u00eda del arn\u00e9s de cabeza es <\/span><b>6 meses<\/b><span style=\"font-weight: 400;\">.<\/span><\/p>\n<p><b>Especificaciones del producto<\/b><\/p>\n<ul>\n<li style=\"font-weight: 400;\" aria-level=\"1\"><span style=\"font-weight: 400;\">Redise\u00f1ado en <\/span><b>2019<\/b><span style=\"font-weight: 400;\"> para mejorar la durabilidad y facilitar la limpieza<\/span><\/li>\n<li style=\"font-weight: 400;\" aria-level=\"1\"><b>8 puntos de contacto con la piel<\/b><span style=\"font-weight: 400;\"> para mejorar la conductividad<\/span><\/li>\n<li style=\"font-weight: 400;\" aria-level=\"1\"><span style=\"font-weight: 400;\">Materiales profesionales f\u00e1ciles de limpiar<\/span><\/li>\n<li style=\"font-weight: 400;\" aria-level=\"1\"><span style=\"font-weight: 400;\">Longitud: <\/span><b>190 cm<\/b><\/li>\n<li style=\"font-weight: 400;\" aria-level=\"1\"><span style=\"font-weight: 400;\">Seguridad y rendimiento cl\u00ednicamente probados<\/span><\/li>\n<\/ul>\n<p><b>Por qu\u00e9 son importantes los accesorios verificados<\/b><\/p>\n<p><span style=\"font-weight: 400;\">El uso de arneses de cabeza homologados por el fabricante ayuda a garantizar:<\/span><\/p>\n<ul>\n<li style=\"font-weight: 400;\" aria-level=\"1\"><span style=\"font-weight: 400;\">Sesiones de biorretroalimentaci\u00f3n precisas y fiables<\/span><\/li>\n<li style=\"font-weight: 400;\" aria-level=\"1\"><span style=\"font-weight: 400;\">Eficacia del dispositivo a largo plazo<\/span><\/li>\n<li style=\"font-weight: 400;\" aria-level=\"1\"><span style=\"font-weight: 400;\">Protecci\u00f3n continua de la garant\u00eda<\/span><\/li>\n<li style=\"font-weight: 400;\" aria-level=\"1\"><span style=\"font-weight: 400;\">Funcionamiento seguro y uniforme<\/span><\/li>\n<\/ul>\n<p><span style=\"font-weight: 400;\">Dise\u00f1ado para ofrecer precisi\u00f3n, seguridad y rendimiento, este arn\u00e9s para la cabeza permite realizar mediciones de biorretroalimentaci\u00f3n \u00f3ptimas y garantizar la fiabilidad del dispositivo a largo plazo.<\/span><\/p>","protected":false},"excerpt":{"rendered":"<p><b>Arn\u00e9s de cabeza biorretroalimentado aprobado por el fabricante<\/b><\/p>\n<p><b>\u00bfQu\u00e9 es el arn\u00e9s de cabeza para Mandelay Q9, HOH y Eductor?<\/b><\/p>\n<p><span style=\"font-weight: 400;\">En <\/span><b>Arn\u00e9s de cabeza para Mandelay Q9, HOH y Eductor<\/b><span style=\"font-weight: 400;\"> es un <\/span><b>accesorio de biorretroalimentaci\u00f3n homologado por el fabricante<\/b><span style=\"font-weight: 400;\"> dise\u00f1ado para garantizar una transmisi\u00f3n precisa de la se\u00f1al y mediciones estables durante las sesiones de biorretroalimentaci\u00f3n.<\/span><span style=\"font-weight: 400;\"><br \/>\n<\/span><span style=\"font-weight: 400;\">Este arn\u00e9s de cabeza ha sido probado cl\u00ednicamente y dise\u00f1ado espec\u00edficamente para una compatibilidad perfecta con los dispositivos de biorretroalimentaci\u00f3n Mandelay Q9, HOH y Eductor.<\/span><\/p>\n<p><span style=\"font-weight: 400;\">El uso de accesorios verificados es esencial para mantener el rendimiento del dispositivo y la protecci\u00f3n de la garant\u00eda.<\/span><\/p>","protected":false},"featured_media":29238,"comment_status":"open","ping_status":"closed","template":"","meta":{"_acf_changed":false,"_seopress_robots_primary_cat":"none","_seopress_titles_title":"Head Harness for Mandelay Q9, HOH & Eductor","_seopress_titles_desc":"The Head Harness for Mandelay Q9, HOH, and Eductor is a manufacturer-approved accessory for accurate and stable biofeedback measurements.","_seopress_robots_index":""},"product_brand":[],"product_cat":[134],"product_tag":[],"class_list":{"0":"post-29235","1":"product","2":"type-product","3":"status-publish","4":"has-post-thumbnail","6":"product_cat-accessories","8":"first","9":"instock","10":"taxable","11":"shipping-taxable","12":"purchasable","13":"product-type-simple"},"acf":[],"_links":{"self":[{"href":"https:\/\/vibeyoup.com\/es\/wp-json\/wp\/v2\/product\/29235","targetHints":{"allow":["GET"]}}],"collection":[{"href":"https:\/\/vibeyoup.com\/es\/wp-json\/wp\/v2\/product"}],"about":[{"href":"https:\/\/vibeyoup.com\/es\/wp-json\/wp\/v2\/types\/product"}],"replies":[{"embeddable":true,"href":"https:\/\/vibeyoup.com\/es\/wp-json\/wp\/v2\/comments?post=29235"}],"wp:featuredmedia":[{"embeddable":true,"href":"https:\/\/vibeyoup.com\/es\/wp-json\/wp\/v2\/media\/29238"}],"wp:attachment":[{"href":"https:\/\/vibeyoup.com\/es\/wp-json\/wp\/v2\/media?parent=29235"}],"wp:term":[{"taxonomy":"product_brand","embeddable":true,"href":"https:\/\/vibeyoup.com\/es\/wp-json\/wp\/v2\/product_brand?post=29235"},{"taxonomy":"product_cat","embeddable":true,"href":"https:\/\/vibeyoup.com\/es\/wp-json\/wp\/v2\/product_cat?post=29235"},{"taxonomy":"product_tag","embeddable":true,"href":"https:\/\/vibeyoup.com\/es\/wp-json\/wp\/v2\/product_tag?post=29235"}],"curies":[{"name":"wp","href":"https:\/\/api.w.org\/{rel}","templated":true}]}}