{"id":29231,"date":"2026-01-22T18:16:09","date_gmt":"2026-01-22T18:16:09","guid":{"rendered":"https:\/\/vibeyoup.com\/?post_type=product&#038;p=29231"},"modified":"2026-02-28T09:18:11","modified_gmt":"2026-02-28T09:18:11","slug":"mandelay-q9-eductor-harness-set","status":"publish","type":"product","link":"https:\/\/vibeyoup.com\/es\/termek\/mandelay-q9-eductor-harness-set\/","title":{"rendered":"Mandelay Q9 &amp; Eductor Arn\u00e9s Set"},"content":{"rendered":"<p><b>\u00bfPor qu\u00e9 elegir el Juego de arneses original?<\/b><\/p>\n<ul>\n<li style=\"font-weight: 400;\" aria-level=\"1\"><b>Compatibilidad garantizada<\/b><span style=\"font-weight: 400;\"> con dispositivos Mandelay Q9 y Eductor<\/span><\/li>\n<li style=\"font-weight: 400;\" aria-level=\"1\"><span style=\"font-weight: 400;\">Accesorios aprobados por el fabricante y cl\u00ednicamente probados<\/span><\/li>\n<li style=\"font-weight: 400;\" aria-level=\"1\"><span style=\"font-weight: 400;\">Conductividad estable para mediciones biofeedback precisas<\/span><\/li>\n<li style=\"font-weight: 400;\" aria-level=\"1\"><span style=\"font-weight: 400;\">Ayuda a proteger el rendimiento del dispositivo y la validez de la garant\u00eda<\/span><\/li>\n<li style=\"font-weight: 400;\" aria-level=\"1\"><span style=\"font-weight: 400;\">Dise\u00f1ado para uso profesional y dom\u00e9stico<\/span><\/li>\n<\/ul>\n<p><span style=\"font-weight: 400;\">Los arneses no certificados o refabricados pueden reducir el rendimiento y comprometer la seguridad del dispositivo.<\/span><\/p>\n<p><b>Dise\u00f1o y rendimiento del arn\u00e9s<\/b><\/p>\n<p><span style=\"font-weight: 400;\">Los arneses est\u00e1n hechos de <\/span><b>caucho galv\u00e1nico de alta capacidad<\/b><span style=\"font-weight: 400;\">, proporcionando una conductividad constante a lo largo de usos repetidos.<\/span><span style=\"font-weight: 400;\"><br \/>\n<\/span><span style=\"font-weight: 400;\">Para un rendimiento \u00f3ptimo, se recomienda sustituirlos peri\u00f3dicamente:<\/span><\/p>\n<ul>\n<li style=\"font-weight: 400;\" aria-level=\"1\"><b>Uso profesional:<\/b><span style=\"font-weight: 400;\"> cada 1-2 a\u00f1os<\/span><\/li>\n<li style=\"font-weight: 400;\" aria-level=\"1\"><b>Uso dom\u00e9stico:<\/b><span style=\"font-weight: 400;\"> cada 3-4 a\u00f1os<\/span><\/li>\n<\/ul>\n<p><span style=\"font-weight: 400;\">La garant\u00eda del juego de arneses es <\/span><b>6 meses<\/b><span style=\"font-weight: 400;\">.<\/span><\/p>\n<p><b>Especificaciones del producto<\/b><\/p>\n<p><b>Arn\u00e9s de cabeza<\/b><\/p>\n<ul>\n<li style=\"font-weight: 400;\" aria-level=\"1\"><span style=\"font-weight: 400;\">Redise\u00f1ado en 2019 para mejorar la usabilidad y facilitar la limpieza<\/span><\/li>\n<li style=\"font-weight: 400;\" aria-level=\"1\"><span style=\"font-weight: 400;\">8 puntos de contacto con la piel para una transmisi\u00f3n \u00f3ptima de la se\u00f1al<\/span><\/li>\n<li style=\"font-weight: 400;\" aria-level=\"1\"><span style=\"font-weight: 400;\">De caucho galv\u00e1nico de alta conductividad<\/span><\/li>\n<li style=\"font-weight: 400;\" aria-level=\"1\"><span style=\"font-weight: 400;\">Longitud: <\/span><b>190 cm<\/b><\/li>\n<li style=\"font-weight: 400;\" aria-level=\"1\"><span style=\"font-weight: 400;\">Seguridad y rendimiento cl\u00ednicamente probados<\/span><\/li>\n<\/ul>\n<p><b>Arn\u00e9s de extremidades<\/b><\/p>\n<ul>\n<li style=\"font-weight: 400;\" aria-level=\"1\"><span style=\"font-weight: 400;\">Redise\u00f1ado en 2019 para mayor durabilidad y eficiencia<\/span><\/li>\n<li style=\"font-weight: 400;\" aria-level=\"1\"><span style=\"font-weight: 400;\">8 puntos de contacto con la piel para una conductividad fiable<\/span><\/li>\n<li style=\"font-weight: 400;\" aria-level=\"1\"><span style=\"font-weight: 400;\">De caucho galv\u00e1nico de alta conductividad<\/span><\/li>\n<li style=\"font-weight: 400;\" aria-level=\"1\"><span style=\"font-weight: 400;\">Longitud: <\/span><b>300 cm<\/b><\/li>\n<li style=\"font-weight: 400;\" aria-level=\"1\"><span style=\"font-weight: 400;\">Cl\u00ednicamente probado para un rendimiento constante<\/span><\/li>\n<\/ul>\n<p><b>Por qu\u00e9 son importantes los accesorios verificados<\/b><\/p>\n<p><span style=\"font-weight: 400;\">El uso de juegos de arneses originales ayuda a garantizar:<\/span><\/p>\n<ul>\n<li style=\"font-weight: 400;\" aria-level=\"1\"><span style=\"font-weight: 400;\">Sesiones de biorretroalimentaci\u00f3n precisas y fiables<\/span><\/li>\n<li style=\"font-weight: 400;\" aria-level=\"1\"><span style=\"font-weight: 400;\">Eficacia del dispositivo a largo plazo<\/span><\/li>\n<li style=\"font-weight: 400;\" aria-level=\"1\"><span style=\"font-weight: 400;\">Protecci\u00f3n continua de la garant\u00eda<\/span><\/li>\n<li style=\"font-weight: 400;\" aria-level=\"1\"><span style=\"font-weight: 400;\">Resultados seguros y coherentes<\/span><\/li>\n<\/ul>\n<p><span style=\"font-weight: 400;\">Dise\u00f1ado para ofrecer durabilidad, conductividad y rendimiento, este juego de arneses permite realizar mediciones de biorretroalimentaci\u00f3n \u00f3ptimas y garantizar la fiabilidad del dispositivo a largo plazo.<\/span><\/p>","protected":false},"excerpt":{"rendered":"<p><b>Accesorios del arn\u00e9s de biorretroalimentaci\u00f3n aprobados por el fabricante<\/b><\/p>\n<p><b>\u00bfQu\u00e9 es el juego de arn\u00e9s Mandelay Q9 y Eductor?<\/b><\/p>\n<p><span style=\"font-weight: 400;\">En <\/span><b>Mandelay Q9 &amp; Eductor Arn\u00e9s Set<\/b><span style=\"font-weight: 400;\"> es un <\/span><b>accesorio de biorretroalimentaci\u00f3n homologado por el fabricante<\/b><span style=\"font-weight: 400;\"> dise\u00f1ado espec\u00edficamente para su uso con <\/span><b>Mandelay Q9<\/b><span style=\"font-weight: 400;\"> y <\/span><b>Eductor<\/b><span style=\"font-weight: 400;\"> dispositivos de biorretroalimentaci\u00f3n.<\/span><span style=\"font-weight: 400;\"><br \/>\n<\/span><span style=\"font-weight: 400;\">Estos arneses cl\u00ednicamente probados garantizan una transmisi\u00f3n fiable de la se\u00f1al, una conductividad \u00f3ptima y un funcionamiento seguro durante las sesiones de biorretroalimentaci\u00f3n profesionales y dom\u00e9sticas.<\/span><\/p>\n<p><span style=\"font-weight: 400;\">El uso de arneses verificados es esencial para mantener el rendimiento del dispositivo y la protecci\u00f3n de la garant\u00eda.<\/span><\/p>","protected":false},"featured_media":29234,"comment_status":"open","ping_status":"closed","template":"","meta":{"_acf_changed":false,"_seopress_robots_primary_cat":"none","_seopress_titles_title":"Mandelay Q9 & Eductor Harness Set","_seopress_titles_desc":"The Mandelay Q9 & Eductor Harness Set is a manufacturer-approved biofeedback accessory designed specifically for use with Mandelay Q9 and Eductor biofeedback devices.","_seopress_robots_index":""},"product_brand":[],"product_cat":[134],"product_tag":[],"class_list":{"0":"post-29231","1":"product","2":"type-product","3":"status-publish","4":"has-post-thumbnail","6":"product_cat-accessories","8":"first","9":"instock","10":"taxable","11":"shipping-taxable","12":"purchasable","13":"product-type-simple"},"acf":[],"_links":{"self":[{"href":"https:\/\/vibeyoup.com\/es\/wp-json\/wp\/v2\/product\/29231","targetHints":{"allow":["GET"]}}],"collection":[{"href":"https:\/\/vibeyoup.com\/es\/wp-json\/wp\/v2\/product"}],"about":[{"href":"https:\/\/vibeyoup.com\/es\/wp-json\/wp\/v2\/types\/product"}],"replies":[{"embeddable":true,"href":"https:\/\/vibeyoup.com\/es\/wp-json\/wp\/v2\/comments?post=29231"}],"wp:featuredmedia":[{"embeddable":true,"href":"https:\/\/vibeyoup.com\/es\/wp-json\/wp\/v2\/media\/29234"}],"wp:attachment":[{"href":"https:\/\/vibeyoup.com\/es\/wp-json\/wp\/v2\/media?parent=29231"}],"wp:term":[{"taxonomy":"product_brand","embeddable":true,"href":"https:\/\/vibeyoup.com\/es\/wp-json\/wp\/v2\/product_brand?post=29231"},{"taxonomy":"product_cat","embeddable":true,"href":"https:\/\/vibeyoup.com\/es\/wp-json\/wp\/v2\/product_cat?post=29231"},{"taxonomy":"product_tag","embeddable":true,"href":"https:\/\/vibeyoup.com\/es\/wp-json\/wp\/v2\/product_tag?post=29231"}],"curies":[{"name":"wp","href":"https:\/\/api.w.org\/{rel}","templated":true}]}}