{"id":29187,"date":"2026-01-21T18:09:03","date_gmt":"2026-01-21T18:09:03","guid":{"rendered":"https:\/\/vibeyoup.com\/?post_type=product&#038;p=29187"},"modified":"2026-02-23T14:28:42","modified_gmt":"2026-02-23T14:28:42","slug":"sonda-de-profundidad-magnetica-quantumspot","status":"publish","type":"product","link":"https:\/\/vibeyoup.com\/es\/termek\/quantumspot-magnetic-depth-probe\/","title":{"rendered":"Sonda de profundidad magn\u00e9tica QuantumSpot"},"content":{"rendered":"<p><b>Caracter\u00edsticas principales de QuantumSpot<\/b><\/p>\n<ul>\n<li style=\"font-weight: 400;\" aria-level=\"1\"><span style=\"font-weight: 400;\">Di\u00e1metro total: <\/span><b>40 mm<\/b><\/li>\n<li style=\"font-weight: 400;\" aria-level=\"1\"><span style=\"font-weight: 400;\">Di\u00e1metro de la superficie operativa: <\/span><b>30 mm<\/b><\/li>\n<li style=\"font-weight: 400;\" aria-level=\"1\"><span style=\"font-weight: 400;\">Profundidad de penetraci\u00f3n del campo magn\u00e9tico: <\/span><b>60-70 mm<\/b><span style=\"font-weight: 400;\">, seg\u00fan el tipo de tejido<\/span><\/li>\n<li style=\"font-weight: 400;\" aria-level=\"1\"><span style=\"font-weight: 400;\">Fuerza magn\u00e9tica: <\/span><b>4000 gauss<\/b><\/li>\n<li style=\"font-weight: 400;\" aria-level=\"1\"><span style=\"font-weight: 400;\">Materiales: <\/span><b>Im\u00e1n de neodimio<\/b><span style=\"font-weight: 400;\"> con superficie de contacto de acero inoxidable<\/span><\/li>\n<li style=\"font-weight: 400;\" aria-level=\"1\"><span style=\"font-weight: 400;\">Longitud del cable: <\/span><b>170 cm<\/b><\/li>\n<li style=\"font-weight: 400;\" aria-level=\"1\"><span style=\"font-weight: 400;\">Superficie de contacto suave y c\u00f3moda<\/span><\/li>\n<\/ul>\n<p><span style=\"font-weight: 400;\">El cabezal magn\u00e9tico contiene un <\/span><b>potente im\u00e1n permanente circular<\/b><span style=\"font-weight: 400;\"> que permite la penetraci\u00f3n profunda en los tejidos de las se\u00f1ales transmitidas.<\/span><\/p>\n<p><b>\u00bfC\u00f3mo funciona el QuantumSpot?<\/b><\/p>\n<p><span style=\"font-weight: 400;\">La sonda de profundidad magn\u00e9tica QuantumSpot se conecta al <\/span><b>enchufe azul<\/b><span style=\"font-weight: 400;\"> del dispositivo SCIO o Mandelay Q9.<\/span><span style=\"font-weight: 400;\"><br \/>\n<\/span><span style=\"font-weight: 400;\">Una vez conectado, el campo magn\u00e9tico penetra en los tejidos corporales y favorece una transmisi\u00f3n m\u00e1s profunda de las se\u00f1ales del aparato, lo que contribuye a aumentar la eficacia de la sesi\u00f3n.<\/span><\/p>\n<p><span style=\"font-weight: 400;\">El sistema activa el QuantumSpot autom\u00e1ticamente cuando se conecta.<\/span><\/p>\n<p><b>Software y programas compatibles<\/b><\/p>\n<p><span style=\"font-weight: 400;\">El QuantumSpot es compatible con:<\/span><\/p>\n<ul>\n<li style=\"font-weight: 400;\" aria-level=\"1\"><b>CLASP64<\/b><\/li>\n<li style=\"font-weight: 400;\" aria-level=\"1\"><b>Portal Clasp<\/b><\/li>\n<\/ul>\n<p><span style=\"font-weight: 400;\">No requiere activaci\u00f3n manual, ya que el sistema reconoce el accesorio autom\u00e1ticamente.<\/span><\/p>\n<p><b>Indicaciones de uso y seguridad<\/b><\/p>\n<ul>\n<li style=\"font-weight: 400;\" aria-level=\"1\"><span style=\"font-weight: 400;\">Retire el <\/span><b>tapa protectora<\/b><span style=\"font-weight: 400;\"> antes de utilizarlo y sustituirlo despu\u00e9s del tratamiento<\/span><\/li>\n<li style=\"font-weight: 400;\" aria-level=\"1\"><span style=\"font-weight: 400;\">Visite <\/span><b>no utilizar<\/b><span style=\"font-weight: 400;\"> en pacientes con marcapasos o implantes electr\u00f3nicos<\/span><\/li>\n<li style=\"font-weight: 400;\" aria-level=\"1\"><span style=\"font-weight: 400;\">Eliminar <\/span><b>aud\u00edfonos<\/b><span style=\"font-weight: 400;\"> antes de usar<\/span><\/li>\n<li style=\"font-weight: 400;\" aria-level=\"1\"><span style=\"font-weight: 400;\">Evitar su uso en zonas con implantes met\u00e1licos o fragmentos met\u00e1licos<\/span><\/li>\n<li style=\"font-weight: 400;\" aria-level=\"1\"><span style=\"font-weight: 400;\">No colocar en zonas sensibles como ojos, o\u00eddos, cara o dientes<\/span><\/li>\n<li style=\"font-weight: 400;\" aria-level=\"1\"><span style=\"font-weight: 400;\">No colocar directamente sobre el coraz\u00f3n<\/span><\/li>\n<\/ul>\n<p><span style=\"font-weight: 400;\">Para obtener los mejores resultados, la sonda debe colocarse <\/span><b>directamente sobre la piel<\/b><span style=\"font-weight: 400;\">. La ropa fina puede permitir una penetraci\u00f3n limitada, mientras que los tejidos m\u00e1s gruesos pueden reducir la eficacia.<\/span><\/p>\n<p><b>Limpieza y mantenimiento<\/b><\/p>\n<ul>\n<li style=\"font-weight: 400;\" aria-level=\"1\"><span style=\"font-weight: 400;\">Limpie la carcasa de pl\u00e1stico y la superficie de contacto con un <\/span><b>pa\u00f1o h\u00famedo<\/b><\/li>\n<li style=\"font-weight: 400;\" aria-level=\"1\"><span style=\"font-weight: 400;\">El cabezal magn\u00e9tico puede desinfectarse con <\/span><b>alcohol o spray desinfectante<\/b><\/li>\n<\/ul>\n<p><b>Preguntas frecuentes<\/b><\/p>\n<p><b>\u00bfD\u00f3nde debe conectarse el QuantumSpot?<\/b><span style=\"font-weight: 400;\"><br \/>\n<\/span><span style=\"font-weight: 400;\">Conecte el cable azul al <\/span><b>enchufe azul<\/b><span style=\"font-weight: 400;\">. La toma roja no est\u00e1 prevista para este accesorio.<\/span><\/p>\n<p><b>\u00bfA qu\u00e9 profundidad penetra el campo magn\u00e9tico?<\/b><span style=\"font-weight: 400;\"><br \/>\n<\/span><span style=\"font-weight: 400;\">El campo magn\u00e9tico penetra aproximadamente <\/span><b>60-70 mm<\/b><span style=\"font-weight: 400;\">, dependiendo del tipo de tejido.<\/span><\/p>\n<p><b>\u00bfSe puede utilizar en cualquier parte del cuerpo?<\/b><span style=\"font-weight: 400;\"><br \/>\n<\/span><span style=\"font-weight: 400;\">Puede utilizarse en cualquier zona con un contacto adecuado con la piel, excepto zonas sensibles y regiones con implantes met\u00e1licos.<\/span><\/p>","protected":false},"excerpt":{"rendered":"<p><b>Accesorio de terapia para los sistemas SCIO y Mandelay Q9<\/b><\/p>\n<p><b>\u00bfQu\u00e9 es la sonda de profundidad magn\u00e9tica QuantumSpot?<\/b><\/p>\n<p><span style=\"font-weight: 400;\">En <\/span><b>Sonda de profundidad magn\u00e9tica QuantumSpot<\/b><span style=\"font-weight: 400;\"> es un <\/span><b>accesorio terap\u00e9utico especializado<\/b><span style=\"font-weight: 400;\"> dise\u00f1ado para mejorar la funcionalidad de <\/span><b>SCIO<\/b><span style=\"font-weight: 400;\"> y <\/span><b>Mandelay Q9<\/b><span style=\"font-weight: 400;\"> dispositivos.<\/span><span style=\"font-weight: 400;\"><br \/>\n<\/span><span style=\"font-weight: 400;\">Utiliza un <\/span><b>campo magn\u00e9tico<\/b><span style=\"font-weight: 400;\"> para favorecer una penetraci\u00f3n m\u00e1s profunda en el organismo de la informaci\u00f3n transmitida por estos sistemas, lo que contribuye a que las sesiones sean m\u00e1s espec\u00edficas y eficaces.<\/span><\/p>","protected":false},"featured_media":29190,"comment_status":"open","ping_status":"closed","template":"","meta":{"_acf_changed":false,"_seopress_robots_primary_cat":"none","_seopress_titles_title":"Quantum Spot: Advanced Biofeedback Spot Therapy","_seopress_titles_desc":"Use the certified Quantum Spot for highly precise, authoritative localized biofeedback therapy and complete holistic balance. View Specifications.","_seopress_robots_index":""},"product_brand":[],"product_cat":[128],"product_tag":[],"class_list":{"0":"post-29187","1":"product","2":"type-product","3":"status-publish","4":"has-post-thumbnail","6":"product_cat-energy-harmonizing-devices","8":"first","9":"instock","10":"taxable","11":"shipping-taxable","12":"purchasable","13":"product-type-simple"},"acf":[],"_links":{"self":[{"href":"https:\/\/vibeyoup.com\/es\/wp-json\/wp\/v2\/product\/29187","targetHints":{"allow":["GET"]}}],"collection":[{"href":"https:\/\/vibeyoup.com\/es\/wp-json\/wp\/v2\/product"}],"about":[{"href":"https:\/\/vibeyoup.com\/es\/wp-json\/wp\/v2\/types\/product"}],"replies":[{"embeddable":true,"href":"https:\/\/vibeyoup.com\/es\/wp-json\/wp\/v2\/comments?post=29187"}],"wp:featuredmedia":[{"embeddable":true,"href":"https:\/\/vibeyoup.com\/es\/wp-json\/wp\/v2\/media\/29190"}],"wp:attachment":[{"href":"https:\/\/vibeyoup.com\/es\/wp-json\/wp\/v2\/media?parent=29187"}],"wp:term":[{"taxonomy":"product_brand","embeddable":true,"href":"https:\/\/vibeyoup.com\/es\/wp-json\/wp\/v2\/product_brand?post=29187"},{"taxonomy":"product_cat","embeddable":true,"href":"https:\/\/vibeyoup.com\/es\/wp-json\/wp\/v2\/product_cat?post=29187"},{"taxonomy":"product_tag","embeddable":true,"href":"https:\/\/vibeyoup.com\/es\/wp-json\/wp\/v2\/product_tag?post=29187"}],"curies":[{"name":"wp","href":"https:\/\/api.w.org\/{rel}","templated":true}]}}