{"id":29185,"date":"2026-01-21T18:07:24","date_gmt":"2026-01-21T18:07:24","guid":{"rendered":"https:\/\/vibeyoup.com\/?post_type=product&#038;p=29185"},"modified":"2026-02-21T16:45:48","modified_gmt":"2026-02-21T16:45:48","slug":"pozitron-plus-sport","status":"publish","type":"product","link":"https:\/\/vibeyoup.com\/es\/termek\/pozitron-plus-sport\/","title":{"rendered":"Pozitr\u00f3n Plus Sport"},"content":{"rendered":"<p><b>Pruebas y efectos observados en atletas<\/b><\/p>\n<p><span style=\"font-weight: 400;\">Durante la fase final de las pruebas, el <\/span><b>Pozitr\u00f3n Plus Sport<\/b><span style=\"font-weight: 400;\"> se prob\u00f3 tanto con <\/span><b>deportistas aficionados y profesionales<\/b><span style=\"font-weight: 400;\">.<\/span><span style=\"font-weight: 400;\"><br \/>\n<\/span><span style=\"font-weight: 400;\">Bas\u00e1ndose en estas pruebas, se concluy\u00f3 que el <\/span><b>frecuencias positivas emitidas en el espacio donde se coloca el dispositivo<\/b><span style=\"font-weight: 400;\"> tienen fuertes efectos en los atletas, incluyendo:<\/span><\/p>\n<ul>\n<li style=\"font-weight: 400;\" aria-level=\"1\"><span style=\"font-weight: 400;\">Estimulaci\u00f3n de <\/span><b>energ\u00eda y resistencia<\/b><\/li>\n<li style=\"font-weight: 400;\" aria-level=\"1\"><span style=\"font-weight: 400;\">Apoyo a <\/span><b>relajaci\u00f3n y regeneraci\u00f3n r\u00e1pidas<\/b><\/li>\n<li style=\"font-weight: 400;\" aria-level=\"1\"><span style=\"font-weight: 400;\">Contribuci\u00f3n al mantenimiento de la salud de los factores humanos activos en el deporte<\/span><\/li>\n<\/ul>\n<p><span style=\"font-weight: 400;\">La amplia gama de efectos observados demostr\u00f3 que el dispositivo es un <\/span><b>un valor a\u00f1adido muy eficaz<\/b><span style=\"font-weight: 400;\"> como ayuda natural para aumentar el potencial energ\u00e9tico.<\/span><\/p>\n<p><b>Principales ventajas de Pozitron Plus Sport<\/b><\/p>\n<ul>\n<li style=\"font-weight: 400;\" aria-level=\"1\"><span style=\"font-weight: 400;\">Admite <\/span><b>resistencia mental<\/b><\/li>\n<li style=\"font-weight: 400;\" aria-level=\"1\"><span style=\"font-weight: 400;\">Promueve <\/span><b>relajaci\u00f3n, recuperaci\u00f3n y rehabilitaci\u00f3n r\u00e1pidas<\/b><span style=\"font-weight: 400;\"> tras una formaci\u00f3n intensiva<\/span><\/li>\n<li style=\"font-weight: 400;\" aria-level=\"1\"><span style=\"font-weight: 400;\">Ayuda a mantener un flujo energ\u00e9tico equilibrado tras el esfuerzo f\u00edsico<\/span><\/li>\n<li style=\"font-weight: 400;\" aria-level=\"1\"><span style=\"font-weight: 400;\">Favorece una regeneraci\u00f3n m\u00e1s r\u00e1pida en situaciones de estr\u00e9s y tensi\u00f3n<\/span><\/li>\n<li style=\"font-weight: 400;\" aria-level=\"1\"><span style=\"font-weight: 400;\">Contribuye al mantenimiento del equilibrio psicof\u00edsico de los deportistas<\/span><\/li>\n<\/ul>\n<p><b>\u00bfC\u00f3mo funciona Pozitron Plus Sport?<\/b><\/p>\n<p><span style=\"font-weight: 400;\">En <\/span><b>espectro de frecuencias positivas<\/b><span style=\"font-weight: 400;\"> de Pozitron Plus Sport se introduce en el espacio e interact\u00faa con el <\/span><b>sistema nervioso vegetativo (aut\u00f3nomo)<\/b><span style=\"font-weight: 400;\"> de los atletas.<\/span><span style=\"font-weight: 400;\"><br \/>\n<\/span><span style=\"font-weight: 400;\">Esta interacci\u00f3n favorece continuamente el trabajo de los \u00f3rganos y sistemas org\u00e1nicos internos en su frecuencia fisiol\u00f3gica natural.<\/span><\/p>\n<p><span style=\"font-weight: 400;\">Tras una ca\u00edda del flujo de energ\u00eda provocada por la actividad f\u00edsica, el espectro de frecuencias de Pozitron Plus Sport influye y equilibra el flujo de energ\u00eda en todo el cuerpo.<\/span><\/p>\n<p><b>Uso durante el entrenamiento, el descanso y el sue\u00f1o<\/b><\/p>\n<p><span style=\"font-weight: 400;\">Pozitron Plus Sport se describe como extremadamente eficaz cuando:<\/span><\/p>\n<ul>\n<li style=\"font-weight: 400;\" aria-level=\"1\"><span style=\"font-weight: 400;\">Desgastado <\/span><b>durante el ejercicio<\/b><\/li>\n<li style=\"font-weight: 400;\" aria-level=\"1\"><span style=\"font-weight: 400;\">Usado <\/span><b>despu\u00e9s del ejercicio<\/b><\/li>\n<li style=\"font-weight: 400;\" aria-level=\"1\"><span style=\"font-weight: 400;\">Situado cerca <\/span><b>durante el sue\u00f1o y el descanso<\/b><\/li>\n<\/ul>\n<p><span style=\"font-weight: 400;\">Se recomienda colocar el dispositivo junto a la cama o instalar una unidad Pozitron Plus permanente con un <\/span><b>radio de 20 m o 5 m<\/b><span style=\"font-weight: 400;\"> en espacios habitables, lugares de trabajo o zonas de descanso utilizadas por los deportistas.<\/span><\/p>\n<p><b>Flujo de energ\u00eda y rendimiento mental<\/b><\/p>\n<p><span style=\"font-weight: 400;\">Seg\u00fan la descripci\u00f3n, Pozitron Plus Sport:<\/span><\/p>\n<ul>\n<li style=\"font-weight: 400;\" aria-level=\"1\"><span style=\"font-weight: 400;\">Aumenta la <\/span><b>flujo de energ\u00eda por todo el cuerpo<\/b><span style=\"font-weight: 400;\">, favoreciendo una resistencia f\u00edsica m\u00e1s duradera<\/span><\/li>\n<li style=\"font-weight: 400;\" aria-level=\"1\"><span style=\"font-weight: 400;\">Promueve una mejor <\/span><b>flujo de energ\u00eda en el cerebro del atleta<\/b><\/li>\n<li style=\"font-weight: 400;\" aria-level=\"1\"><span style=\"font-weight: 400;\">Contribuye a <\/span><b>mayor fortaleza mental<\/b><span style=\"font-weight: 400;\">, concentraci\u00f3n y orientaci\u00f3n hacia los objetivos<\/span><\/li>\n<\/ul>\n<p><span style=\"font-weight: 400;\">El aumento del flujo de energ\u00eda puede medirse con instrumentos profesionales como <\/span><b>aparatos de electroacupuntura<\/b><span style=\"font-weight: 400;\">, como se menciona en el texto original.<\/span><\/p>\n<p><b>Protecci\u00f3n contra las radiaciones electromagn\u00e9ticas<\/b><\/p>\n<p><span style=\"font-weight: 400;\">Pozitron Plus Sport se describe con un <\/span><b>fuerte barrera protectora<\/b><span style=\"font-weight: 400;\"> alrededor del cuerpo del deportista contra el espectro pat\u00f3geno de las radiaciones electromagn\u00e9ticas nocivas, incluyendo:<\/span><\/p>\n<ul>\n<li style=\"font-weight: 400;\" aria-level=\"1\"><span style=\"font-weight: 400;\">GPS<\/span><\/li>\n<li style=\"font-weight: 400;\" aria-level=\"1\"><span style=\"font-weight: 400;\">Tel\u00e9fonos inteligentes<\/span><\/li>\n<li style=\"font-weight: 400;\" aria-level=\"1\"><span style=\"font-weight: 400;\">Cuadernos<\/span><\/li>\n<li style=\"font-weight: 400;\" aria-level=\"1\"><span style=\"font-weight: 400;\">Microondas<\/span><\/li>\n<li style=\"font-weight: 400;\" aria-level=\"1\"><span style=\"font-weight: 400;\">Wi-Fi<\/span><\/li>\n<li style=\"font-weight: 400;\" aria-level=\"1\"><span style=\"font-weight: 400;\">Ondas de radio<\/span><\/li>\n<li style=\"font-weight: 400;\" aria-level=\"1\"><span style=\"font-weight: 400;\">Conexiones por sat\u00e9lite<\/span><\/li>\n<li style=\"font-weight: 400;\" aria-level=\"1\"><span style=\"font-weight: 400;\">Pilas y otras fuentes de radiaci\u00f3n<\/span><\/li>\n<\/ul>\n<p><span style=\"font-weight: 400;\">Esta protecci\u00f3n ayuda a reducir la necesidad de que el organismo del deportista consuma energ\u00eda interna para defenderse de la exposici\u00f3n electromagn\u00e9tica ambiental.<\/span><\/p>\n<p><b>Pozitron Plus Sport - versi\u00f3n de uso personal de 3 m<\/b><\/p>\n<p><span style=\"font-weight: 400;\">En <\/span><b>Pozitron Plus Sport (radio de 3 metros)<\/b><span style=\"font-weight: 400;\"> est\u00e1 dise\u00f1ada para ser llevada alrededor del cuello del atleta.<\/span><span style=\"font-weight: 400;\"><br \/>\n<\/span><span style=\"font-weight: 400;\">Seg\u00fan la descripci\u00f3n, sus frecuencias:<\/span><\/p>\n<ul>\n<li style=\"font-weight: 400;\" aria-level=\"1\"><span style=\"font-weight: 400;\">Estimular el sistema nervioso vegetativo<\/span><\/li>\n<li style=\"font-weight: 400;\" aria-level=\"1\"><span style=\"font-weight: 400;\">Aumentar el flujo de energ\u00eda en los \u00f3rganos y sistemas org\u00e1nicos vitales<\/span><\/li>\n<li style=\"font-weight: 400;\" aria-level=\"1\"><span style=\"font-weight: 400;\">Aumentar significativamente la resistencia f\u00edsica<\/span><\/li>\n<li style=\"font-weight: 400;\" aria-level=\"1\"><span style=\"font-weight: 400;\">Mejorar el equilibrio energ\u00e9tico general del organismo<\/span><\/li>\n<\/ul>\n<p><b>\u00bfPor qu\u00e9 Pozitron Plus Sport es importante para los deportistas?<\/b><\/p>\n<p><span style=\"font-weight: 400;\">Debido a los altos niveles de exposici\u00f3n electromagn\u00e9tica (electrosmog), los deportistas se ven obligados a menudo a utilizar parte de su energ\u00eda interna para protegerse.<\/span><span style=\"font-weight: 400;\"><br \/>\n<\/span><span style=\"font-weight: 400;\">Pozitron Plus Sport ayuda a reducir esta p\u00e9rdida de energ\u00eda, lo que permite a los deportistas conservar la energ\u00eda interna y desarrollar <\/span><b>potencial energ\u00e9tico adicional<\/b><span style=\"font-weight: 400;\">, lo que puede contribuir a mejorar el rendimiento en momentos cruciales.<\/span><\/p>","protected":false},"excerpt":{"rendered":"<p><b>Dispositivo de apoyo energ\u00e9tico para deportistas\u00a0<\/b><\/p>\n<p><b>\u00bfQu\u00e9 es el Pozitron Plus Sport?<\/b><\/p>\n<p><span style=\"font-weight: 400;\">En <\/span><b>Pozitr\u00f3n Plus Sport<\/b><span style=\"font-weight: 400;\"> es un dispositivo energ\u00e9tico dise\u00f1ado para <\/span><b>aumentar la aptitud psicof\u00edsica de los deportistas<\/b><span style=\"font-weight: 400;\">.<\/span><span style=\"font-weight: 400;\"><br \/>\n<\/span><span style=\"font-weight: 400;\">Fue desarrollado por <\/span><b>Medi Spa y Pozitron Plus Internacional<\/b><span style=\"font-weight: 400;\">, empresas que observan continuamente la evoluci\u00f3n de las necesidades del mercado en consonancia con el desarrollo tecnol\u00f3gico moderno. Sus productos, centrados en la calidad y la eficiencia, ya se utilizan en todo el mundo, incluso en <\/span><b>medicina y entornos militares<\/b><span style=\"font-weight: 400;\">.<\/span><\/p>\n<p>&nbsp;<\/p>","protected":false},"featured_media":29186,"comment_status":"open","ping_status":"closed","template":"","meta":{"_acf_changed":false,"_seopress_robots_primary_cat":"none","_seopress_titles_title":"Pozitron Sport: Advanced Energy & Performance","_seopress_titles_desc":"The certified Pozitron Sport system. A professional device for precise athletic bio-regulation and authoritative holistic recovery support. View Specifications.","_seopress_robots_index":""},"product_brand":[],"product_cat":[128],"product_tag":[],"class_list":{"0":"post-29185","1":"product","2":"type-product","3":"status-publish","4":"has-post-thumbnail","6":"product_cat-energy-harmonizing-devices","8":"first","9":"instock","10":"taxable","11":"shipping-taxable","12":"purchasable","13":"product-type-simple"},"acf":[],"_links":{"self":[{"href":"https:\/\/vibeyoup.com\/es\/wp-json\/wp\/v2\/product\/29185","targetHints":{"allow":["GET"]}}],"collection":[{"href":"https:\/\/vibeyoup.com\/es\/wp-json\/wp\/v2\/product"}],"about":[{"href":"https:\/\/vibeyoup.com\/es\/wp-json\/wp\/v2\/types\/product"}],"replies":[{"embeddable":true,"href":"https:\/\/vibeyoup.com\/es\/wp-json\/wp\/v2\/comments?post=29185"}],"wp:featuredmedia":[{"embeddable":true,"href":"https:\/\/vibeyoup.com\/es\/wp-json\/wp\/v2\/media\/29186"}],"wp:attachment":[{"href":"https:\/\/vibeyoup.com\/es\/wp-json\/wp\/v2\/media?parent=29185"}],"wp:term":[{"taxonomy":"product_brand","embeddable":true,"href":"https:\/\/vibeyoup.com\/es\/wp-json\/wp\/v2\/product_brand?post=29185"},{"taxonomy":"product_cat","embeddable":true,"href":"https:\/\/vibeyoup.com\/es\/wp-json\/wp\/v2\/product_cat?post=29185"},{"taxonomy":"product_tag","embeddable":true,"href":"https:\/\/vibeyoup.com\/es\/wp-json\/wp\/v2\/product_tag?post=29185"}],"curies":[{"name":"wp","href":"https:\/\/api.w.org\/{rel}","templated":true}]}}