{"id":29181,"date":"2026-01-21T18:03:36","date_gmt":"2026-01-21T18:03:36","guid":{"rendered":"https:\/\/vibeyoup.com\/?post_type=product&#038;p=29181"},"modified":"2026-02-21T16:46:03","modified_gmt":"2026-02-21T16:46:03","slug":"pozitron-plus-personal-3-m","status":"publish","type":"product","link":"https:\/\/vibeyoup.com\/es\/termek\/pozitron-plus-personal-3-m\/","title":{"rendered":"Pozitr\u00f3n Plus Personal 3 m"},"content":{"rendered":"<p><b>\u00bfC\u00f3mo funciona el Pozitron Plus Personal 3 m?<\/b><\/p>\n<p><span style=\"font-weight: 400;\">Pozitron Plus Personal 3 m emite un espectro de frecuencias que:<\/span><\/p>\n<ul>\n<li style=\"font-weight: 400;\" aria-level=\"1\"><span style=\"font-weight: 400;\">Neutralizar las radiaciones nocivas<\/span><\/li>\n<li style=\"font-weight: 400;\" aria-level=\"1\"><span style=\"font-weight: 400;\">Estimular positivamente la <\/span><b>sistema nervioso involuntario<\/b><\/li>\n<li style=\"font-weight: 400;\" aria-level=\"1\"><span style=\"font-weight: 400;\">Elevar el <\/span><b>flujo de energ\u00eda a trav\u00e9s de todos los \u00f3rganos y sistemas org\u00e1nicos<\/b><\/li>\n<\/ul>\n<p><b>El espectro pat\u00f3geno de la radiaci\u00f3n nociva se neutraliza en el \u00e1rea de 3 metros a su alrededor - en un alto porcentaje - sobre 90%.<\/b><\/p>\n<p><b>Protecci\u00f3n port\u00e1til para uso diario<\/b><\/p>\n<p><span style=\"font-weight: 400;\">El Pozitron Plus Personal 3 m est\u00e1 dise\u00f1ado para llevarlo siempre encima.<\/span><span style=\"font-weight: 400;\"><br \/>\n<\/span><span style=\"font-weight: 400;\">Puede colocarse en un <\/span><b>cartera, bolso o bolsillo<\/b><span style=\"font-weight: 400;\">, o situado cerca durante las actividades cotidianas.<\/span><\/p>\n<p><span style=\"font-weight: 400;\">El uso diario recomendado incluye:<\/span><\/p>\n<ul>\n<li style=\"font-weight: 400;\" aria-level=\"1\"><span style=\"font-weight: 400;\">En el trabajo, la escuela o la universidad<\/span><\/li>\n<li style=\"font-weight: 400;\" aria-level=\"1\"><span style=\"font-weight: 400;\">Mientras espera una cita<\/span><\/li>\n<li style=\"font-weight: 400;\" aria-level=\"1\"><span style=\"font-weight: 400;\">En caf\u00e9s o espacios p\u00fablicos<\/span><\/li>\n<li style=\"font-weight: 400;\" aria-level=\"1\"><span style=\"font-weight: 400;\">Colocado sobre una mesa o sostenido en la mano<\/span><\/li>\n<\/ul>\n<p><b>Uso para viajar y dormir<\/b><\/p>\n<p><span style=\"font-weight: 400;\">El dispositivo es especialmente valioso durante los viajes.<\/span><span style=\"font-weight: 400;\"><br \/>\n<\/span><span style=\"font-weight: 400;\">Si se aloja en un hotel, pensi\u00f3n o casa rural, puede colocarse <\/span><b>cerca de la cama<\/b><span style=\"font-weight: 400;\">, ayudando a proteger la zona de descanso.<\/span><\/p>\n<p><span style=\"font-weight: 400;\">Adem\u00e1s de neutralizar las radiaciones nocivas, su espectro de frecuencias estimula positivamente el sistema nervioso involuntario y favorece el flujo energ\u00e9tico general durante el descanso.<\/span><\/p>\n<p><b>Caracter\u00edsticas principales del Pozitron Plus Personal 3 m<\/b><\/p>\n<ul>\n<li style=\"font-weight: 400;\" aria-level=\"1\"><span style=\"font-weight: 400;\">Dise\u00f1ado para <\/span><b>uso unipersonal<\/b><\/li>\n<li style=\"font-weight: 400;\" aria-level=\"1\"><span style=\"font-weight: 400;\">Radio de protecci\u00f3n activo: <\/span><b>aproximadamente 3 metros<\/b><\/li>\n<li style=\"font-weight: 400;\" aria-level=\"1\"><span style=\"font-weight: 400;\">Neutraliza las radiaciones nocivas <\/span><b>sobre 90% dentro de su rango activo<\/b><\/li>\n<li style=\"font-weight: 400;\" aria-level=\"1\"><span style=\"font-weight: 400;\">Port\u00e1til y f\u00e1cil de transportar<\/span><\/li>\n<li style=\"font-weight: 400;\" aria-level=\"1\"><span style=\"font-weight: 400;\">Refuerza el sistema inmunitario gracias a su influencia energ\u00e9tica<\/span><\/li>\n<li style=\"font-weight: 400;\" aria-level=\"1\"><span style=\"font-weight: 400;\">Favorece un estado de \u00e1nimo, una actitud y una energ\u00eda positivas<\/span><\/li>\n<\/ul>\n<p><b>Productos destacados<\/b><\/p>\n<ul>\n<li style=\"font-weight: 400;\" aria-level=\"1\"><span style=\"font-weight: 400;\">Dispositivo de protecci\u00f3n personal<\/span><\/li>\n<li style=\"font-weight: 400;\" aria-level=\"1\"><span style=\"font-weight: 400;\">Dise\u00f1o compacto y port\u00e1til<\/span><\/li>\n<li style=\"font-weight: 400;\" aria-level=\"1\"><span style=\"font-weight: 400;\">Adecuado para uso diario y de viaje<\/span><\/li>\n<li style=\"font-weight: 400;\" aria-level=\"1\"><span style=\"font-weight: 400;\">Radio activo: <\/span><b>3 metros<\/b><\/li>\n<\/ul>\n<p>&nbsp;<\/p>","protected":false},"excerpt":{"rendered":"<p><b>Dispositivo de protecci\u00f3n individual<\/b><\/p>\n<p><b>\u00bfQu\u00e9 es el Pozitron Plus Personal 3 m?<\/b><\/p>\n<p><span style=\"font-weight: 400;\">En <\/span><b>Pozitr\u00f3n Plus Personal 3 m<\/b><span style=\"font-weight: 400;\"> es un <\/span><b>dispositivo de protecci\u00f3n personal<\/b><span style=\"font-weight: 400;\"> dise\u00f1ado para apoyar energ\u00e9ticamente el cuerpo y aumentar la resistencia a la <\/span><b>radiaciones nocivas y enfermedades<\/b><span style=\"font-weight: 400;\"> reforzando el sistema inmunitario.<\/span><span style=\"font-weight: 400;\"><br \/>\n<\/span><span style=\"font-weight: 400;\">A trav\u00e9s de la <\/span><b>frecuencias positivas<\/b><span style=\"font-weight: 400;\"> que emite al ambiente circundante, tambi\u00e9n favorece periodos m\u00e1s prolongados de buen humor, actitud positiva, aumento de la energ\u00eda y un alto nivel de autopositividad.<\/span><\/p>\n<p><span style=\"font-weight: 400;\">El dispositivo tiene un <\/span><b>radio de protecci\u00f3n activo de aproximadamente 3 metros<\/b><span style=\"font-weight: 400;\"> y est\u00e1 destinado a <\/span><b>uso unipersonal<\/b><span style=\"font-weight: 400;\">.<\/span><\/p>","protected":false},"featured_media":29184,"comment_status":"open","ping_status":"closed","template":"","meta":{"_acf_changed":false,"_seopress_robots_primary_cat":"none","_seopress_titles_title":"Pozitron Personal: Certified Bio-Regulation Device","_seopress_titles_desc":"Secure the Pozitron Personal. This professional device ensures precise, individual human bio-regulation and holistic energy support. Order Now.","_seopress_robots_index":""},"product_brand":[],"product_cat":[128],"product_tag":[],"class_list":{"0":"post-29181","1":"product","2":"type-product","3":"status-publish","4":"has-post-thumbnail","6":"product_cat-energy-harmonizing-devices","8":"first","9":"instock","10":"taxable","11":"shipping-taxable","12":"purchasable","13":"product-type-simple"},"acf":[],"_links":{"self":[{"href":"https:\/\/vibeyoup.com\/es\/wp-json\/wp\/v2\/product\/29181","targetHints":{"allow":["GET"]}}],"collection":[{"href":"https:\/\/vibeyoup.com\/es\/wp-json\/wp\/v2\/product"}],"about":[{"href":"https:\/\/vibeyoup.com\/es\/wp-json\/wp\/v2\/types\/product"}],"replies":[{"embeddable":true,"href":"https:\/\/vibeyoup.com\/es\/wp-json\/wp\/v2\/comments?post=29181"}],"wp:featuredmedia":[{"embeddable":true,"href":"https:\/\/vibeyoup.com\/es\/wp-json\/wp\/v2\/media\/29184"}],"wp:attachment":[{"href":"https:\/\/vibeyoup.com\/es\/wp-json\/wp\/v2\/media?parent=29181"}],"wp:term":[{"taxonomy":"product_brand","embeddable":true,"href":"https:\/\/vibeyoup.com\/es\/wp-json\/wp\/v2\/product_brand?post=29181"},{"taxonomy":"product_cat","embeddable":true,"href":"https:\/\/vibeyoup.com\/es\/wp-json\/wp\/v2\/product_cat?post=29181"},{"taxonomy":"product_tag","embeddable":true,"href":"https:\/\/vibeyoup.com\/es\/wp-json\/wp\/v2\/product_tag?post=29181"}],"curies":[{"name":"wp","href":"https:\/\/api.w.org\/{rel}","templated":true}]}}