{"id":29178,"date":"2026-01-21T17:57:36","date_gmt":"2026-01-21T17:57:36","guid":{"rendered":"https:\/\/vibeyoup.com\/?post_type=product&#038;p=29178"},"modified":"2026-02-21T16:45:20","modified_gmt":"2026-02-21T16:45:20","slug":"pozitron-plus-hogar-20-m","status":"publish","type":"product","link":"https:\/\/vibeyoup.com\/es\/termek\/pozitron-plus-home-20-m\/","title":{"rendered":"Pozitr\u00f3n Plus HOME 20 m"},"content":{"rendered":"<p><b>\u00bfD\u00f3nde y c\u00f3mo utilizar el Pozitron Plus HOME 20 m?<\/b><\/p>\n<p><span style=\"font-weight: 400;\">Se debe colocar el Pozitron Plus HOME 20 m:<\/span><\/p>\n<ul>\n<li style=\"font-weight: 400;\" aria-level=\"1\"><span style=\"font-weight: 400;\">En su <\/span><b>caja original<\/b><\/li>\n<li style=\"font-weight: 400;\" aria-level=\"1\"><span style=\"font-weight: 400;\">En el <\/span><b>centro del espacio<\/b><span style=\"font-weight: 400;\"> (casa, apartamento, oficina, etc.)<\/span><\/li>\n<li style=\"font-weight: 400;\" aria-level=\"1\"><span style=\"font-weight: 400;\">En un <\/span><b>mesa, armario, c\u00f3moda o en el suelo<\/b><\/li>\n<\/ul>\n<p><span style=\"font-weight: 400;\">Las paredes no bloquean su funcionamiento.<\/span><span style=\"font-weight: 400;\"><br \/>\n<\/span><span style=\"font-weight: 400;\">Para garantizar la m\u00e1xima eficacia, se recomienda mantener <\/span><b>aproximadamente 30 cm de espacio libre<\/b><span style=\"font-weight: 400;\"> alrededor del dispositivo.<\/span><\/p>\n<p><span style=\"font-weight: 400;\">Esta colocaci\u00f3n permite la m\u00e1xima protecci\u00f3n <\/span><b>en todas las direcciones en un radio de 20 metros<\/b><span style=\"font-weight: 400;\">.<\/span><\/p>\n<p><b>\u00bfC\u00f3mo funciona el Pozitron Plus HOME 20 m?<\/b><\/p>\n<p><span style=\"font-weight: 400;\">Adem\u00e1s del <\/span><b>neutralizaci\u00f3n de radiaciones nocivas<\/b><span style=\"font-weight: 400;\">, Cuando el dispositivo se sostiene en la mano cerca del cuerpo, sus frecuencias:<\/span><\/p>\n<ul>\n<li style=\"font-weight: 400;\" aria-level=\"1\"><span style=\"font-weight: 400;\">Estimular positivamente la <\/span><b>sistema nervioso involuntario<\/b><\/li>\n<li style=\"font-weight: 400;\" aria-level=\"1\"><span style=\"font-weight: 400;\">Elevar el <\/span><b>flujo de energ\u00eda a trav\u00e9s de todos los \u00f3rganos y sistemas org\u00e1nicos<\/b><\/li>\n<\/ul>\n<p><span style=\"font-weight: 400;\">A trav\u00e9s de este apoyo energ\u00e9tico, Pozitron ayuda al organismo a ser m\u00e1s resistente a las radiaciones nocivas y a las enfermedades reforzando el sistema inmunitario.<\/span><\/p>\n<p><b>Efectos sobre el estado de \u00e1nimo y la energ\u00eda<\/b><\/p>\n<p><span style=\"font-weight: 400;\">Bajo la influencia del <\/span><b>frecuencias positivas<\/b><span style=\"font-weight: 400;\"> emitido al medio ambiente, el dispositivo admite:<\/span><\/p>\n<ul>\n<li style=\"font-weight: 400;\" aria-level=\"1\"><span style=\"font-weight: 400;\">Periodos m\u00e1s largos de buen humor<\/span><\/li>\n<li style=\"font-weight: 400;\" aria-level=\"1\"><span style=\"font-weight: 400;\">Una actitud m\u00e1s positiva<\/span><\/li>\n<li style=\"font-weight: 400;\" aria-level=\"1\"><span style=\"font-weight: 400;\">Aumento de la energ\u00eda positiva<\/span><\/li>\n<li style=\"font-weight: 400;\" aria-level=\"1\"><span style=\"font-weight: 400;\">Un mayor nivel de autopositividad<\/span><\/li>\n<\/ul>\n<p><b>Entornos recomendados<\/b><\/p>\n<p><span style=\"font-weight: 400;\">El Pozitron Plus HOME 20 m puede utilizarse en:<\/span><\/p>\n<ul>\n<li style=\"font-weight: 400;\" aria-level=\"1\"><span style=\"font-weight: 400;\">Casas particulares y apartamentos<\/span><\/li>\n<li style=\"font-weight: 400;\" aria-level=\"1\"><span style=\"font-weight: 400;\">Oficinas y espacios comerciales<\/span><\/li>\n<li style=\"font-weight: 400;\" aria-level=\"1\"><span style=\"font-weight: 400;\">F\u00e1bricas y centros de trabajo<\/span><\/li>\n<li style=\"font-weight: 400;\" aria-level=\"1\"><span style=\"font-weight: 400;\">Escuelas y guarder\u00edas<\/span><\/li>\n<li style=\"font-weight: 400;\" aria-level=\"1\"><span style=\"font-weight: 400;\">Hospitales y entornos sanitarios<\/span><\/li>\n<\/ul>\n<p><b>Productos destacados<\/b><\/p>\n<ul>\n<li style=\"font-weight: 400;\" aria-level=\"1\"><span style=\"font-weight: 400;\">Dise\u00f1ado para grandes espacios<\/span><\/li>\n<li style=\"font-weight: 400;\" aria-level=\"1\"><span style=\"font-weight: 400;\">Radio activo: <\/span><b>20 metros<\/b><\/li>\n<li style=\"font-weight: 400;\" aria-level=\"1\"><span style=\"font-weight: 400;\">Funciona a trav\u00e9s de paredes<\/span><\/li>\n<li style=\"font-weight: 400;\" aria-level=\"1\"><span style=\"font-weight: 400;\">Requiere espacio libre alrededor del dispositivo para un rendimiento \u00f3ptimo<\/span><\/li>\n<li style=\"font-weight: 400;\" aria-level=\"1\"><span style=\"font-weight: 400;\">Adecuado para entornos residenciales y profesionales<\/span><\/li>\n<\/ul>","protected":false},"excerpt":{"rendered":"<p><b>Dispositivo de protecci\u00f3n para grandes espacios<\/b><\/p>\n<p><b>\u00bfQu\u00e9 es el Pozitron Plus HOME 20 m?<\/b><\/p>\n<p><span style=\"font-weight: 400;\">En <\/span><b>Pozitr\u00f3n Plus HOME 20 m<\/b><span style=\"font-weight: 400;\"> est\u00e1 dise\u00f1ado para el <\/span><b>protecci\u00f3n de alta calidad de grandes espacios<\/b><span style=\"font-weight: 400;\">.<\/span><span style=\"font-weight: 400;\"><br \/>\n<\/span><span style=\"font-weight: 400;\">Se puede utilizar en <\/span><b>casas, apartamentos, oficinas, f\u00e1bricas, escuelas, guarder\u00edas, hospitales<\/b><span style=\"font-weight: 400;\">, y otros grandes entornos interiores.<\/span><\/p>\n<p><span style=\"font-weight: 400;\">El dispositivo proporciona protecci\u00f3n dentro de un <\/span><b>Radio de 20 metros<\/b><span style=\"font-weight: 400;\">, por lo que resulta ideal para cubrir espacios de vida o de trabajo enteros.<\/span><\/p>","protected":false},"featured_media":3245,"comment_status":"open","ping_status":"closed","template":"","meta":{"_acf_changed":false,"_seopress_robots_primary_cat":"none","_seopress_titles_title":"Pozitron Plus Home: Holistic Bio-Regulation","_seopress_titles_desc":"The certified Pozitron Plus Home system. Professional bio-regulation for the whole family's holistic balance and authoritative well-being. View Specifications.","_seopress_robots_index":""},"product_brand":[],"product_cat":[128],"product_tag":[],"class_list":{"0":"post-29178","1":"product","2":"type-product","3":"status-publish","4":"has-post-thumbnail","6":"product_cat-energy-harmonizing-devices","8":"first","9":"instock","10":"taxable","11":"shipping-taxable","12":"purchasable","13":"product-type-simple"},"acf":[],"_links":{"self":[{"href":"https:\/\/vibeyoup.com\/es\/wp-json\/wp\/v2\/product\/29178","targetHints":{"allow":["GET"]}}],"collection":[{"href":"https:\/\/vibeyoup.com\/es\/wp-json\/wp\/v2\/product"}],"about":[{"href":"https:\/\/vibeyoup.com\/es\/wp-json\/wp\/v2\/types\/product"}],"replies":[{"embeddable":true,"href":"https:\/\/vibeyoup.com\/es\/wp-json\/wp\/v2\/comments?post=29178"}],"wp:featuredmedia":[{"embeddable":true,"href":"https:\/\/vibeyoup.com\/es\/wp-json\/wp\/v2\/media\/3245"}],"wp:attachment":[{"href":"https:\/\/vibeyoup.com\/es\/wp-json\/wp\/v2\/media?parent=29178"}],"wp:term":[{"taxonomy":"product_brand","embeddable":true,"href":"https:\/\/vibeyoup.com\/es\/wp-json\/wp\/v2\/product_brand?post=29178"},{"taxonomy":"product_cat","embeddable":true,"href":"https:\/\/vibeyoup.com\/es\/wp-json\/wp\/v2\/product_cat?post=29178"},{"taxonomy":"product_tag","embeddable":true,"href":"https:\/\/vibeyoup.com\/es\/wp-json\/wp\/v2\/product_tag?post=29178"}],"curies":[{"name":"wp","href":"https:\/\/api.w.org\/{rel}","templated":true}]}}