{"id":29175,"date":"2026-01-21T17:54:55","date_gmt":"2026-01-21T17:54:55","guid":{"rendered":"https:\/\/vibeyoup.com\/?post_type=product&#038;p=29175"},"modified":"2026-02-21T16:45:34","modified_gmt":"2026-02-21T16:45:34","slug":"pozitron-plus-dekontaminator-gold-20-m-extra-fuerte","status":"publish","type":"product","link":"https:\/\/vibeyoup.com\/es\/termek\/pozitron-plus-dekontaminator-gold-20-m-extra-strong\/","title":{"rendered":"Pozitr\u00f3n Plus Dekontaminador Oro - 20 m (Extra Fuerte)"},"content":{"rendered":"<p><b>\u00bfC\u00f3mo funciona la DNE?<\/b><\/p>\n<p><span style=\"font-weight: 400;\">El Pozitron Plus Dekontamin\u00e1tor es un <\/span><b>producto nanotecnol\u00f3gico altamente sofisticado<\/b><span style=\"font-weight: 400;\"> que transmite activamente su propio amplio espectro de frecuencias positivas.<\/span><span style=\"font-weight: 400;\"><br \/>\n<\/span><span style=\"font-weight: 400;\">Estas frecuencias interfieren con las frecuencias de las energ\u00edas negativas y las eliminan.<\/span><\/p>\n<p><span style=\"font-weight: 400;\">En <\/span><b>proceso de descontaminaci\u00f3n<\/b><span style=\"font-weight: 400;\"> puede tomar de <\/span><b>de varios minutos a varias horas<\/b><span style=\"font-weight: 400;\">, dependiendo del nivel de contaminaci\u00f3n energ\u00e9tica del espacio, objeto o persona.<\/span><\/p>\n<p><span style=\"font-weight: 400;\">En <\/span><b>radio activo<\/b><span style=\"font-weight: 400;\"> del dispositivo es <\/span><b>aproximadamente 20 metros<\/b><span style=\"font-weight: 400;\">.<\/span><\/p>\n<p><b>Uso recomendado del Dekontaminator<\/b><\/p>\n<p><b>Uso profesional:<\/b><\/p>\n<p><span style=\"font-weight: 400;\">Si los pacientes o clientes acuden regularmente a su consulta, se recomienda:<\/span><\/p>\n<ul>\n<li style=\"font-weight: 400;\" aria-level=\"1\"><span style=\"font-weight: 400;\">Limpie el espacio durante aproximadamente <\/span><b>10 minutos<\/b><span style=\"font-weight: 400;\"> antes y despu\u00e9s de la jornada laboral<\/span><\/li>\n<li style=\"font-weight: 400;\" aria-level=\"1\"><span style=\"font-weight: 400;\">Coloque el dispositivo <\/span><b>1-2 metros del paciente durante unos 15 minutos<\/b><span style=\"font-weight: 400;\"> eliminar las energ\u00edas negativas y los bloqueos energ\u00e9ticos<\/span><\/li>\n<li style=\"font-weight: 400;\" aria-level=\"1\"><span style=\"font-weight: 400;\">Utilizar el dispositivo a diario en entornos profesionales<\/span><\/li>\n<\/ul>\n<p><span style=\"font-weight: 400;\">No es necesario explicar el dispositivo al paciente.<\/span><\/p>\n<p><b>Uso dom\u00e9stico:<\/b><\/p>\n<p><span style=\"font-weight: 400;\">Para entornos dom\u00e9sticos, se recomienda:<\/span><\/p>\n<ul>\n<li style=\"font-weight: 400;\" aria-level=\"1\"><span style=\"font-weight: 400;\">Coloque el dispositivo en cada habitaci\u00f3n para <\/span><b>aproximadamente 30 minutos<\/b><\/li>\n<li style=\"font-weight: 400;\" aria-level=\"1\"><span style=\"font-weight: 400;\">\u00dasalo <\/span><b>una o dos veces por semana<\/b><span style=\"font-weight: 400;\">, en funci\u00f3n de las necesidades<\/span><\/li>\n<li style=\"font-weight: 400;\" aria-level=\"1\"><span style=\"font-weight: 400;\">Col\u00f3calo en las camas utilizadas para dormir <\/span><b>dos veces al mes durante 10 minutos<\/b><\/li>\n<\/ul>\n<p><span style=\"font-weight: 400;\">Si es necesario limpiar objetos espec\u00edficos, coloque el aparato cerca de ellos para <\/span><b>unos 15 minutos<\/b><span style=\"font-weight: 400;\">.<\/span><\/p>\n<p><b>Advertencias de uso y almacenamiento<\/b><\/p>\n<p><span style=\"font-weight: 400;\">El Dekontamin\u00e1tor Pozitron Plus <\/span><b>no est\u00e1 dise\u00f1ado para un uso permanente<\/b><span style=\"font-weight: 400;\"> en espacios ocupados.<\/span><span style=\"font-weight: 400;\"><br \/>\n<\/span><span style=\"font-weight: 400;\">Debido a su fuerte transmisi\u00f3n de energ\u00eda, una exposici\u00f3n prolongada puede provocar efectos secundarios como n\u00e1useas, mareos, ac\u00fafenos, dolor de cabeza, presi\u00f3n en el pecho o palpitaciones.<\/span><\/p>\n<p><span style=\"font-weight: 400;\">Uso recomendado:<\/span><\/p>\n<ul>\n<li style=\"font-weight: 400;\" aria-level=\"1\"><span style=\"font-weight: 400;\">Mientras haya gente presente: <\/span><b>De 15 minutos a 1 hora como m\u00e1ximo<\/b><\/li>\n<li style=\"font-weight: 400;\" aria-level=\"1\"><span style=\"font-weight: 400;\">Cuando no hay personas presentes: puede dejarse en el espacio durante un d\u00eda o una noche completos.<\/span><\/li>\n<\/ul>\n<p><span style=\"font-weight: 400;\">Despu\u00e9s de su uso, el dispositivo debe colocarse de nuevo en su <\/span><b>caja negra original<\/b><span style=\"font-weight: 400;\">, donde se neutraliza su actividad.<\/span><\/p>\n<p><b>\u00bfQu\u00e9 es la energ\u00eda negativa?<\/b><\/p>\n<p><span style=\"font-weight: 400;\">Todos los seres vivos y objetos emiten vibraciones energ\u00e9ticas.<\/span><span style=\"font-weight: 400;\"><br \/>\n<\/span><span style=\"font-weight: 400;\">Las energ\u00edas negativas se forman por la interferencia de vibraciones energ\u00e9ticas desfavorables en el espacio, contaminando entornos, objetos y seres vivos.<\/span><\/p>\n<p><span style=\"font-weight: 400;\">La exposici\u00f3n prolongada a energ\u00edas negativas afecta principalmente a <\/span><b>salud mental<\/b><span style=\"font-weight: 400;\">, puede alterar el equilibrio psicof\u00edsico y provocar fatiga cr\u00f3nica, trastornos emocionales y dificultades funcionales.<\/span><\/p>\n<p><b>\u00bfQui\u00e9n debe utilizar el descontaminador Pozitron Plus?<\/b><\/p>\n<p><span style=\"font-weight: 400;\">El dispositivo est\u00e1 recomendado para:<\/span><\/p>\n<ul>\n<li style=\"font-weight: 400;\" aria-level=\"1\"><span style=\"font-weight: 400;\">Profesionales que trabajan estrechamente con personas (psiquiatras, psic\u00f3logos, m\u00e9dicos, terapeutas, masajistas, cosmet\u00f3logos, peluqueros, gestores, sanadores espirituales y otros).<\/span><\/li>\n<li style=\"font-weight: 400;\" aria-level=\"1\"><span style=\"font-weight: 400;\">Hogares familiares<\/span><\/li>\n<li style=\"font-weight: 400;\" aria-level=\"1\"><span style=\"font-weight: 400;\">Oficinas, f\u00e1bricas, escuelas, guarder\u00edas, hospitales, residencias de ancianos, instituciones p\u00fablicas y centros comerciales.<\/span><\/li>\n<\/ul>\n<p><span style=\"font-weight: 400;\">Los profesionales utilizan el dispositivo para:<\/span><\/p>\n<ul>\n<li style=\"font-weight: 400;\" aria-level=\"1\"><span style=\"font-weight: 400;\">Proteger su propia salud de las energ\u00edas negativas acumuladas<\/span><\/li>\n<li style=\"font-weight: 400;\" aria-level=\"1\"><span style=\"font-weight: 400;\">Mejorar la eficacia de sus servicios y la satisfacci\u00f3n del cliente<\/span><\/li>\n<\/ul>\n<p><b>Productos destacados<\/b><\/p>\n<ul>\n<li style=\"font-weight: 400;\" aria-level=\"1\"><span style=\"font-weight: 400;\">Descontaminador de Energ\u00edas Negativas (DNE)<\/span><\/li>\n<li style=\"font-weight: 400;\" aria-level=\"1\"><span style=\"font-weight: 400;\">Dispositivo nanotecnol\u00f3gico basado en la frecuencia<\/span><\/li>\n<li style=\"font-weight: 400;\" aria-level=\"1\"><span style=\"font-weight: 400;\">Versi\u00f3n Oro Extrafuerte<\/span><\/li>\n<li style=\"font-weight: 400;\" aria-level=\"1\"><span style=\"font-weight: 400;\">Radio activo: <\/span><b>20 metros<\/b><\/li>\n<li style=\"font-weight: 400;\" aria-level=\"1\"><span style=\"font-weight: 400;\">Dise\u00f1ado para entornos profesionales y dom\u00e9sticos<\/span><\/li>\n<\/ul>","protected":false},"excerpt":{"rendered":"<p><b>Descontaminador de Energ\u00edas Negativas (DNE)<\/b><\/p>\n<p><b>\u00bfQu\u00e9 es el Pozitron Plus Dekontaminator Gold?<\/b><\/p>\n<p><span style=\"font-weight: 400;\">En <\/span><b>Pozitron Plus Dekontaminator Gold (Extra Fuerte)<\/b><span style=\"font-weight: 400;\"> es un <\/span><b>DNE - Descontaminador de energ\u00edas negativas<\/b><span style=\"font-weight: 400;\">, dise\u00f1ado para <\/span><b>descontaminar y neutralizar las energ\u00edas negativas<\/b><span style=\"font-weight: 400;\"> de espacios, objetos y personas.<\/span><span style=\"font-weight: 400;\"><br \/>\n<\/span><span style=\"font-weight: 400;\">Funciona transmitiendo un <\/span><b>espectro programado de frecuencias<\/b><span style=\"font-weight: 400;\"> en el ambiente, interfiriendo con las vibraciones energ\u00e9ticas negativas y elimin\u00e1ndolas.<\/span><\/p>\n<p><span style=\"font-weight: 400;\">El dispositivo tambi\u00e9n admite <\/span><b>protecci\u00f3n preventiva a largo plazo<\/b><span style=\"font-weight: 400;\"> contra la acumulaci\u00f3n repetida de energ\u00edas negativas en el espacio tratado.<\/span><\/p>","protected":false},"featured_media":3243,"comment_status":"open","ping_status":"closed","template":"","meta":{"_acf_changed":false,"_seopress_robots_primary_cat":"none","_seopress_titles_title":"Pozitron Gold: Advanced Human Bio-Regulation","_seopress_titles_desc":"Experience Pozitron Gold, the advanced device for personal human bio-regulation, precision analysis, and authoritative holistic well-being. View Specifications.","_seopress_robots_index":""},"product_brand":[],"product_cat":[128],"product_tag":[],"class_list":{"0":"post-29175","1":"product","2":"type-product","3":"status-publish","4":"has-post-thumbnail","6":"product_cat-energy-harmonizing-devices","8":"first","9":"instock","10":"taxable","11":"shipping-taxable","12":"purchasable","13":"product-type-simple"},"acf":[],"_links":{"self":[{"href":"https:\/\/vibeyoup.com\/es\/wp-json\/wp\/v2\/product\/29175","targetHints":{"allow":["GET"]}}],"collection":[{"href":"https:\/\/vibeyoup.com\/es\/wp-json\/wp\/v2\/product"}],"about":[{"href":"https:\/\/vibeyoup.com\/es\/wp-json\/wp\/v2\/types\/product"}],"replies":[{"embeddable":true,"href":"https:\/\/vibeyoup.com\/es\/wp-json\/wp\/v2\/comments?post=29175"}],"wp:featuredmedia":[{"embeddable":true,"href":"https:\/\/vibeyoup.com\/es\/wp-json\/wp\/v2\/media\/3243"}],"wp:attachment":[{"href":"https:\/\/vibeyoup.com\/es\/wp-json\/wp\/v2\/media?parent=29175"}],"wp:term":[{"taxonomy":"product_brand","embeddable":true,"href":"https:\/\/vibeyoup.com\/es\/wp-json\/wp\/v2\/product_brand?post=29175"},{"taxonomy":"product_cat","embeddable":true,"href":"https:\/\/vibeyoup.com\/es\/wp-json\/wp\/v2\/product_cat?post=29175"},{"taxonomy":"product_tag","embeddable":true,"href":"https:\/\/vibeyoup.com\/es\/wp-json\/wp\/v2\/product_tag?post=29175"}],"curies":[{"name":"wp","href":"https:\/\/api.w.org\/{rel}","templated":true}]}}