{"id":29169,"date":"2026-01-21T17:48:00","date_gmt":"2026-01-21T17:48:00","guid":{"rendered":"https:\/\/vibeyoup.com\/?post_type=product&#038;p=29169"},"modified":"2026-02-21T16:42:21","modified_gmt":"2026-02-21T16:42:21","slug":"paquete-de-masaje-orgonico","status":"publish","type":"product","link":"https:\/\/vibeyoup.com\/es\/termek\/orgone-massage-package\/","title":{"rendered":"Paquete de Masaje Org\u00f3nico"},"content":{"rendered":"<p><b>\u00bfC\u00f3mo funciona el sistema de masaje Orgone?<\/b><\/p>\n<p><span style=\"font-weight: 400;\">El dispositivo utiliza <\/span><b>cristales de org\u00f3n continuamente activos<\/b><span style=\"font-weight: 400;\"> que interact\u00faan con el campo energ\u00e9tico natural del cuerpo durante el masaje.<\/span><span style=\"font-weight: 400;\"><br \/>\n<\/span><span style=\"font-weight: 400;\">Esta interacci\u00f3n favorece la relajaci\u00f3n y el flujo de energ\u00eda, mientras que la acci\u00f3n del masaje f\u00edsico ayuda a reducir la tensi\u00f3n y la rigidez muscular.<\/span><\/p>\n<p><span style=\"font-weight: 400;\">El sistema funciona de forma pasiva y puede utilizarse de forma independiente o junto con aceites o cremas de masaje.<\/span><\/p>\n<p><b>Principales beneficios del Paquete de Masaje Org\u00f3nico<\/b><\/p>\n<ul>\n<li style=\"font-weight: 400;\" aria-level=\"1\"><span style=\"font-weight: 400;\">Admite <\/span><b>relajaci\u00f3n muscular y articular<\/b><\/li>\n<li style=\"font-weight: 400;\" aria-level=\"1\"><span style=\"font-weight: 400;\">Ayuda a reducir la tensi\u00f3n y la rigidez despu\u00e9s de la actividad f\u00edsica<\/span><\/li>\n<li style=\"font-weight: 400;\" aria-level=\"1\"><span style=\"font-weight: 400;\">Favorece la circulaci\u00f3n y el confort general de los tejidos<\/span><\/li>\n<li style=\"font-weight: 400;\" aria-level=\"1\"><span style=\"font-weight: 400;\">Favorece la relajaci\u00f3n general y la reducci\u00f3n del estr\u00e9s<\/span><\/li>\n<li style=\"font-weight: 400;\" aria-level=\"1\"><span style=\"font-weight: 400;\">Favorece el equilibrio energ\u00e9tico y las rutinas de bienestar<\/span><\/li>\n<li style=\"font-weight: 400;\" aria-level=\"1\"><span style=\"font-weight: 400;\">No invasivo y f\u00e1cil de usar<\/span><\/li>\n<\/ul>\n<p><b>\u00bfPor qu\u00e9 elegir el Paquete de Masaje Org\u00f3nico?<\/b><\/p>\n<ul>\n<li style=\"font-weight: 400;\" aria-level=\"1\"><b>Doble enfoque:<\/b><span style=\"font-weight: 400;\"> combina el apoyo del masaje con la interacci\u00f3n de la energ\u00eda org\u00f3nica<\/span><\/li>\n<li style=\"font-weight: 400;\" aria-level=\"1\"><span style=\"font-weight: 400;\">F\u00e1cil de integrar en las sesiones diarias de autocuidado o bienestar profesional<\/span><\/li>\n<li style=\"font-weight: 400;\" aria-level=\"1\"><span style=\"font-weight: 400;\">Puede utilizarse solo o con productos de masaje a base de agua o aceite<\/span><\/li>\n<li style=\"font-weight: 400;\" aria-level=\"1\"><span style=\"font-weight: 400;\">Dise\u00f1ado para complementar otros sistemas de bienestar y biorretroalimentaci\u00f3n<\/span><\/li>\n<li style=\"font-weight: 400;\" aria-level=\"1\"><span style=\"font-weight: 400;\">Funcionamiento sin mantenimiento con cristales continuamente activos<\/span><\/li>\n<\/ul>\n<p><b>Compatibilidad y uso<\/b><\/p>\n<p><span style=\"font-weight: 400;\">El Paquete de Masaje Org\u00f3n puede ser utilizado como una herramienta de bienestar independiente o junto con sistemas tales como:<\/span><\/p>\n<ul>\n<li style=\"font-weight: 400;\" aria-level=\"1\"><span style=\"font-weight: 400;\">SCIO<\/span><\/li>\n<li style=\"font-weight: 400;\" aria-level=\"1\"><span style=\"font-weight: 400;\">Eductor<\/span><\/li>\n<li style=\"font-weight: 400;\" aria-level=\"1\"><span style=\"font-weight: 400;\">Mandelay Q9<\/span><\/li>\n<\/ul>\n<p><span style=\"font-weight: 400;\">Est\u00e1 dise\u00f1ado para favorecer la relajaci\u00f3n y la recuperaci\u00f3n dentro de rutinas de bienestar m\u00e1s amplias.<\/span><\/p>\n<p><b>\u00bfPara qui\u00e9n es el Paquete de Masaje Org\u00f3nico?<\/b><\/p>\n<ul>\n<li style=\"font-weight: 400;\" aria-level=\"1\"><span style=\"font-weight: 400;\">Personas que buscan relajaci\u00f3n y bienestar muscular<\/span><\/li>\n<li style=\"font-weight: 400;\" aria-level=\"1\"><span style=\"font-weight: 400;\">Profesionales del bienestar y masajistas<\/span><\/li>\n<li style=\"font-weight: 400;\" aria-level=\"1\"><span style=\"font-weight: 400;\">Usuarios con estilos de vida activos o f\u00edsicamente exigentes<\/span><\/li>\n<li style=\"font-weight: 400;\" aria-level=\"1\"><span style=\"font-weight: 400;\">Cualquier persona interesada en herramientas de bienestar basadas en la energ\u00eda<\/span><\/li>\n<\/ul>\n<p><b>Productos destacados<\/b><\/p>\n<ul>\n<li style=\"font-weight: 400;\" aria-level=\"1\"><span style=\"font-weight: 400;\">Sistema de masaje basado en la energ\u00eda org\u00f3nica<\/span><\/li>\n<li style=\"font-weight: 400;\" aria-level=\"1\"><span style=\"font-weight: 400;\">Utiliza <\/span><b>cristales org\u00f3n-activos<\/b><\/li>\n<li style=\"font-weight: 400;\" aria-level=\"1\"><span style=\"font-weight: 400;\">Actividad energ\u00e9tica pasiva y continua<\/span><\/li>\n<li style=\"font-weight: 400;\" aria-level=\"1\"><span style=\"font-weight: 400;\">F\u00e1cil de usar y port\u00e1til<\/span><\/li>\n<li style=\"font-weight: 400;\" aria-level=\"1\"><span style=\"font-weight: 400;\">Adecuado para uso dom\u00e9stico y profesional<\/span><\/li>\n<\/ul>\n<p><b>Aviso importante<\/b><\/p>\n<p><span style=\"font-weight: 400;\">Paquete de Masaje Org\u00f3nico <\/span><b>no sustituye al diagn\u00f3stico ni al tratamiento m\u00e9dico<\/b><span style=\"font-weight: 400;\">.<\/span><span style=\"font-weight: 400;\"><br \/>\n<\/span><span style=\"font-weight: 400;\">Est\u00e1 destinado a <\/span><b>s\u00f3lo con fines de bienestar y relajaci\u00f3n complementaria<\/b><span style=\"font-weight: 400;\">.<\/span><\/p>","protected":false},"excerpt":{"rendered":"<p><b>Sistema de masaje con energ\u00eda org\u00f3nica para la relajaci\u00f3n y el bienestar<\/b><\/p>\n<p><b>\u00bfQu\u00e9 es el Paquete de Masaje Org\u00f3nico?<\/b><\/p>\n<p><span style=\"font-weight: 400;\">En <\/span><b>Paquete de Masaje Org\u00f3nico<\/b><span style=\"font-weight: 400;\"> es un <\/span><b>sistema de masaje basado en la energ\u00eda org\u00f3nica<\/b><span style=\"font-weight: 400;\"> dise\u00f1ado para favorecer la relajaci\u00f3n, el confort muscular y el equilibrio energ\u00e9tico general.<\/span><span style=\"font-weight: 400;\"><br \/>\n<\/span><span style=\"font-weight: 400;\">Combinando <\/span><b>cristales org\u00f3n-activos<\/b><span style=\"font-weight: 400;\"> con un dise\u00f1o centrado en el masaje, el sistema favorece los procesos naturales de recuperaci\u00f3n y regeneraci\u00f3n del organismo de forma no invasiva y orientada al bienestar.<\/span><\/p>\n<p><span style=\"font-weight: 400;\">El Paquete de Masaje Org\u00f3nico es adecuado tanto para uso personal como para entornos profesionales de bienestar.<\/span><\/p>","protected":false},"featured_media":10877,"comment_status":"open","ping_status":"closed","template":"","meta":{"_acf_changed":false,"_seopress_robots_primary_cat":"none","_seopress_titles_title":"Orgon Massage for Holistic Biofeedback Balance","_seopress_titles_desc":"The professional Orgon Massage pad. A certified accessory that integrates seamlessly with your SCIO biofeedback device for holistic results. Learn More.","_seopress_robots_index":""},"product_brand":[],"product_cat":[128],"product_tag":[],"class_list":{"0":"post-29169","1":"product","2":"type-product","3":"status-publish","4":"has-post-thumbnail","6":"product_cat-energy-harmonizing-devices","8":"first","9":"instock","10":"taxable","11":"shipping-taxable","12":"purchasable","13":"product-type-simple"},"acf":[],"_links":{"self":[{"href":"https:\/\/vibeyoup.com\/es\/wp-json\/wp\/v2\/product\/29169","targetHints":{"allow":["GET"]}}],"collection":[{"href":"https:\/\/vibeyoup.com\/es\/wp-json\/wp\/v2\/product"}],"about":[{"href":"https:\/\/vibeyoup.com\/es\/wp-json\/wp\/v2\/types\/product"}],"replies":[{"embeddable":true,"href":"https:\/\/vibeyoup.com\/es\/wp-json\/wp\/v2\/comments?post=29169"}],"wp:featuredmedia":[{"embeddable":true,"href":"https:\/\/vibeyoup.com\/es\/wp-json\/wp\/v2\/media\/10877"}],"wp:attachment":[{"href":"https:\/\/vibeyoup.com\/es\/wp-json\/wp\/v2\/media?parent=29169"}],"wp:term":[{"taxonomy":"product_brand","embeddable":true,"href":"https:\/\/vibeyoup.com\/es\/wp-json\/wp\/v2\/product_brand?post=29169"},{"taxonomy":"product_cat","embeddable":true,"href":"https:\/\/vibeyoup.com\/es\/wp-json\/wp\/v2\/product_cat?post=29169"},{"taxonomy":"product_tag","embeddable":true,"href":"https:\/\/vibeyoup.com\/es\/wp-json\/wp\/v2\/product_tag?post=29169"}],"curies":[{"name":"wp","href":"https:\/\/api.w.org\/{rel}","templated":true}]}}