{"id":29166,"date":"2026-01-21T17:44:45","date_gmt":"2026-01-21T17:44:45","guid":{"rendered":"https:\/\/vibeyoup.com\/?post_type=product&#038;p=29166"},"modified":"2026-02-21T16:42:32","modified_gmt":"2026-02-21T16:42:32","slug":"paquete-orgone-canon","status":"publish","type":"product","link":"https:\/\/vibeyoup.com\/es\/termek\/orgone-canon-package\/","title":{"rendered":"Paquete Orgone Canon"},"content":{"rendered":"<p><b>\u00bfC\u00f3mo funciona el Canon Org\u00f3n?<\/b><\/p>\n<p><span style=\"font-weight: 400;\">El Canon Org\u00f3n utiliza <\/span><b>cristales de org\u00f3n continuamente activos<\/b><span style=\"font-weight: 400;\"> que interact\u00faan con los campos energ\u00e9ticos circundantes.<\/span><span style=\"font-weight: 400;\"><br \/>\n<\/span><span style=\"font-weight: 400;\">Estos cristales est\u00e1n dise\u00f1ados para permanecer energ\u00e9ticamente activos en todo momento, manteniendo una interacci\u00f3n de frecuencias constante sin la intervenci\u00f3n del usuario.<\/span><\/p>\n<p><span style=\"font-weight: 400;\">El dispositivo funciona de forma pasiva, lo que facilita su integraci\u00f3n en la vida cotidiana, las rutinas de bienestar o los entornos profesionales.<\/span><\/p>\n<p><b>Principales ventajas del paquete Orgone Canon<\/b><\/p>\n<ul>\n<li style=\"font-weight: 400;\" aria-level=\"1\"><span style=\"font-weight: 400;\">Admite <\/span><b>equilibrio energ\u00e9tico y armon\u00eda<\/b><\/li>\n<li style=\"font-weight: 400;\" aria-level=\"1\"><span style=\"font-weight: 400;\">Dise\u00f1ado para interactuar con las frecuencias naturales del cuerpo y del entorno<\/span><\/li>\n<li style=\"font-weight: 400;\" aria-level=\"1\"><span style=\"font-weight: 400;\">Funcionamiento pasivo con cristales de org\u00f3n continuamente activos<\/span><\/li>\n<li style=\"font-weight: 400;\" aria-level=\"1\"><span style=\"font-weight: 400;\">Adecuado para entornos con mucho estr\u00e9s y espacios centrados en el bienestar<\/span><\/li>\n<li style=\"font-weight: 400;\" aria-level=\"1\"><span style=\"font-weight: 400;\">No invasivo y f\u00e1cil de usar<\/span><\/li>\n<li style=\"font-weight: 400;\" aria-level=\"1\"><span style=\"font-weight: 400;\">No requiere calibraci\u00f3n ni configuraci\u00f3n t\u00e9cnica<\/span><\/li>\n<\/ul>\n<p><b>\u00bfPara qui\u00e9n est\u00e1 dise\u00f1ado el Orgone Canon?<\/b><\/p>\n<ul>\n<li style=\"font-weight: 400;\" aria-level=\"1\"><span style=\"font-weight: 400;\">Personas centradas en el bienestar hol\u00edstico y el equilibrio energ\u00e9tico<\/span><\/li>\n<li style=\"font-weight: 400;\" aria-level=\"1\"><span style=\"font-weight: 400;\">Profesionales del bienestar y entornos terap\u00e9uticos complementarios<\/span><\/li>\n<li style=\"font-weight: 400;\" aria-level=\"1\"><span style=\"font-weight: 400;\">Usuarios que buscan apoyo para estilos de vida con mucho estr\u00e9s o exigentes<\/span><\/li>\n<li style=\"font-weight: 400;\" aria-level=\"1\"><span style=\"font-weight: 400;\">Cualquier persona interesada en los sistemas energ\u00e9ticos basados en el org\u00f3n<\/span><\/li>\n<\/ul>\n<p><b>Casos pr\u00e1cticos y aplicaciones<\/b><\/p>\n<p><span style=\"font-weight: 400;\">El paquete Orgone Canon se puede utilizar en:<\/span><\/p>\n<ul>\n<li style=\"font-weight: 400;\" aria-level=\"1\"><span style=\"font-weight: 400;\">Entornos dom\u00e9sticos<\/span><\/li>\n<li style=\"font-weight: 400;\" aria-level=\"1\"><span style=\"font-weight: 400;\">Estudios de bienestar y salas de terapia<\/span><\/li>\n<li style=\"font-weight: 400;\" aria-level=\"1\"><span style=\"font-weight: 400;\">Espacios de meditaci\u00f3n o relajaci\u00f3n<\/span><\/li>\n<li style=\"font-weight: 400;\" aria-level=\"1\"><span style=\"font-weight: 400;\">Espacios de trabajo que requieren equilibrio energ\u00e9tico<\/span><\/li>\n<\/ul>\n<p><span style=\"font-weight: 400;\">Su dise\u00f1o pasivo permite un uso continuo sin interrupciones.<\/span><\/p>\n<p><b>Productos destacados<\/b><\/p>\n<ul>\n<li style=\"font-weight: 400;\" aria-level=\"1\"><span style=\"font-weight: 400;\">Dispositivo de bienestar basado en la energ\u00eda org\u00f3nica<\/span><\/li>\n<li style=\"font-weight: 400;\" aria-level=\"1\"><span style=\"font-weight: 400;\">Utiliza <\/span><b>cristales org\u00f3n-activos<\/b><\/li>\n<li style=\"font-weight: 400;\" aria-level=\"1\"><span style=\"font-weight: 400;\">Actividad energ\u00e9tica continua<\/span><\/li>\n<li style=\"font-weight: 400;\" aria-level=\"1\"><span style=\"font-weight: 400;\">Dise\u00f1ado para un uso prolongado<\/span><\/li>\n<li style=\"font-weight: 400;\" aria-level=\"1\"><span style=\"font-weight: 400;\">Funcionamiento sin mantenimiento<\/span><\/li>\n<\/ul>\n<p><b>Aviso importante<\/b><\/p>\n<p><span style=\"font-weight: 400;\">El paquete Orgone Canon <\/span><b>no sustituye al diagn\u00f3stico ni al tratamiento m\u00e9dico<\/b><span style=\"font-weight: 400;\">.<\/span><span style=\"font-weight: 400;\"><br \/>\n<\/span><span style=\"font-weight: 400;\">Est\u00e1 destinado a <\/span><b>s\u00f3lo con fines de bienestar y apoyo energ\u00e9tico complementario<\/b><span style=\"font-weight: 400;\">.<\/span><\/p>","protected":false},"excerpt":{"rendered":"<p><b>Dispositivo de energ\u00eda org\u00f3nica para el equilibrio energ\u00e9tico y el bienestar<\/b><\/p>\n<p><b>\u00bfQu\u00e9 es el paquete Orgone Canon?<\/b><\/p>\n<p><span style=\"font-weight: 400;\">En <\/span><b>Paquete Orgone Canon<\/b><span style=\"font-weight: 400;\"> es un <\/span><b>dispositivo de bienestar basado en la energ\u00eda org\u00f3nica<\/b><span style=\"font-weight: 400;\"> dise\u00f1ado para favorecer el equilibrio energ\u00e9tico y el bienestar general.<\/span><span style=\"font-weight: 400;\"><br \/>\n<\/span><span style=\"font-weight: 400;\">Desarrollado por <\/span><b>cristales org\u00f3n-activos<\/b><span style=\"font-weight: 400;\">, el sistema interact\u00faa con frecuencias bioenerg\u00e9ticas naturales para ayudar a promover la armon\u00eda, la vitalidad y un entorno energ\u00e9tico equilibrado.<\/span><\/p>\n<p><span style=\"font-weight: 400;\">El Orgone Canon es adecuado para personas que buscan una herramienta de bienestar complementaria que apoye el equilibrio energ\u00e9tico diario tanto en entornos personales como profesionales.<\/span><\/p>","protected":false},"featured_media":10872,"comment_status":"open","ping_status":"closed","template":"","meta":{"_acf_changed":false,"_seopress_robots_primary_cat":"none","_seopress_titles_title":"Orgon Canon for Advanced Biofeedback Therapy","_seopress_titles_desc":"Integrate the Orgon Canon for focused energy therapy. Advanced accessory compatible with Q9\/SCIO biofeedback systems for holistic precision. Learn More.","_seopress_robots_index":""},"product_brand":[],"product_cat":[128],"product_tag":[],"class_list":{"0":"post-29166","1":"product","2":"type-product","3":"status-publish","4":"has-post-thumbnail","6":"product_cat-energy-harmonizing-devices","8":"first","9":"instock","10":"taxable","11":"shipping-taxable","12":"purchasable","13":"product-type-simple"},"acf":[],"_links":{"self":[{"href":"https:\/\/vibeyoup.com\/es\/wp-json\/wp\/v2\/product\/29166","targetHints":{"allow":["GET"]}}],"collection":[{"href":"https:\/\/vibeyoup.com\/es\/wp-json\/wp\/v2\/product"}],"about":[{"href":"https:\/\/vibeyoup.com\/es\/wp-json\/wp\/v2\/types\/product"}],"replies":[{"embeddable":true,"href":"https:\/\/vibeyoup.com\/es\/wp-json\/wp\/v2\/comments?post=29166"}],"wp:featuredmedia":[{"embeddable":true,"href":"https:\/\/vibeyoup.com\/es\/wp-json\/wp\/v2\/media\/10872"}],"wp:attachment":[{"href":"https:\/\/vibeyoup.com\/es\/wp-json\/wp\/v2\/media?parent=29166"}],"wp:term":[{"taxonomy":"product_brand","embeddable":true,"href":"https:\/\/vibeyoup.com\/es\/wp-json\/wp\/v2\/product_brand?post=29166"},{"taxonomy":"product_cat","embeddable":true,"href":"https:\/\/vibeyoup.com\/es\/wp-json\/wp\/v2\/product_cat?post=29166"},{"taxonomy":"product_tag","embeddable":true,"href":"https:\/\/vibeyoup.com\/es\/wp-json\/wp\/v2\/product_tag?post=29166"}],"curies":[{"name":"wp","href":"https:\/\/api.w.org\/{rel}","templated":true}]}}