{"id":29090,"date":"2026-01-20T11:34:56","date_gmt":"2026-01-20T11:34:56","guid":{"rendered":"https:\/\/vibeyoup.com\/?post_type=product&#038;p=29090"},"modified":"2026-03-10T10:44:07","modified_gmt":"2026-03-10T10:44:07","slug":"indigo-a-mandelay-q9","status":"publish","type":"product","link":"https:\/\/vibeyoup.com\/es\/termek\/indigo-to-mandelay-q9\/","title":{"rendered":"De Indigo a Mandelay Q9"},"content":{"rendered":"<p><b>Principales ventajas del Mandelay Q9<\/b><\/p>\n<ul>\n<li style=\"font-weight: 400;\" aria-level=\"1\"><span style=\"font-weight: 400;\">Mayor frecuencia de salida para sesiones de biorretroalimentaci\u00f3n m\u00e1s eficaces<\/span><\/li>\n<li style=\"font-weight: 400;\" aria-level=\"1\"><span style=\"font-weight: 400;\">Dedicado <\/span><b>Circuito EEG<\/b><span style=\"font-weight: 400;\"> y <\/span><b>Chip de ECG<\/b><span style=\"font-weight: 400;\"> para obtener informaci\u00f3n energ\u00e9tica m\u00e1s detallada<\/span><\/li>\n<li style=\"font-weight: 400;\" aria-level=\"1\"><span style=\"font-weight: 400;\">Arn\u00e9s de calidad m\u00e9dica y calidad de conexi\u00f3n mejorada<\/span><\/li>\n<li style=\"font-weight: 400;\" aria-level=\"1\"><span style=\"font-weight: 400;\">Sistema de frecuencia calibrado para mediciones estables y fiables<\/span><\/li>\n<\/ul>\n<p><b>\u00bfC\u00f3mo funciona el biorretroalimentador Mandelay Q9?<\/b><\/p>\n<p><span style=\"font-weight: 400;\">El Mandelay Q9 mide las respuestas de frecuencia relacionadas con los patrones energ\u00e9ticos del cuerpo.<\/span><span style=\"font-weight: 400;\"><br \/>\n<\/span><span style=\"font-weight: 400;\">Bas\u00e1ndose en estas mediciones, el sistema admite <\/span><b>formaci\u00f3n en biorretroalimentaci\u00f3n<\/b><span style=\"font-weight: 400;\"> destinado a identificar y compensar los desequilibrios energ\u00e9ticos, siguiendo los mismos principios b\u00e1sicos que los dispositivos SCIO y Eductor.<\/span><\/p>\n<p><b>\u00bfPara qu\u00e9 se puede utilizar el Mandelay Q9?<\/b><\/p>\n<p><span style=\"font-weight: 400;\">El dispositivo de biorretroalimentaci\u00f3n Mandelay Q9 es compatible:<\/span><\/p>\n<ul>\n<li style=\"font-weight: 400;\" aria-level=\"1\"><span style=\"font-weight: 400;\">Detecci\u00f3n y reducci\u00f3n del estr\u00e9s<\/span><\/li>\n<li style=\"font-weight: 400;\" aria-level=\"1\"><span style=\"font-weight: 400;\">Entrenamiento muscular, refuerzo y apoyo a la rehabilitaci\u00f3n<\/span><\/li>\n<li style=\"font-weight: 400;\" aria-level=\"1\"><span style=\"font-weight: 400;\">Entrenamiento en desequilibrios energ\u00e9ticos relacionados con el dolor<\/span><\/li>\n<\/ul>\n<p><b>\u00bfQu\u00e9 incluye el paquete?<\/b><\/p>\n<ul>\n<li style=\"font-weight: 400;\" aria-level=\"1\"><span style=\"font-weight: 400;\">Dispositivo de biorretroalimentaci\u00f3n Mandelay Q9<\/span><\/li>\n<li style=\"font-weight: 400;\" aria-level=\"1\"><span style=\"font-weight: 400;\">1 arn\u00e9s de cabeza y 1 arn\u00e9s de extremidades (con fundas)<\/span><\/li>\n<li style=\"font-weight: 400;\" aria-level=\"1\"><span style=\"font-weight: 400;\">Cable USB<\/span><\/li>\n<li style=\"font-weight: 400;\" aria-level=\"1\"><span style=\"font-weight: 400;\">Pendrive USB con el software operativo m\u00e1s reciente<\/span><\/li>\n<li style=\"font-weight: 400;\" aria-level=\"1\"><span style=\"font-weight: 400;\">Bolsa de transporte para port\u00e1til<\/span><\/li>\n<li style=\"font-weight: 400;\" aria-level=\"1\"><span style=\"font-weight: 400;\">Caja de presentaci\u00f3n exclusiva<\/span><\/li>\n<\/ul>\n<p><b>Aviso importante<\/b><\/p>\n<p><span style=\"font-weight: 400;\">El dispositivo Mandelay Q9 <\/span><b>no sustituye al diagn\u00f3stico ni al tratamiento m\u00e9dico<\/b><span style=\"font-weight: 400;\">.<\/span><span style=\"font-weight: 400;\"><br \/>\n<\/span><span style=\"font-weight: 400;\">Est\u00e1 destinado a <\/span><b>biorretroalimentaci\u00f3n y uso complementario exclusivamente<\/b><span style=\"font-weight: 400;\">, y se requieren conocimientos m\u00e9dicos para su correcto funcionamiento.<\/span><\/p>","protected":false},"excerpt":{"rendered":"<p><b>Dispositivo de biorretroalimentaci\u00f3n Mandelay Q9<\/b><\/p>\n<p><b>La pr\u00f3xima generaci\u00f3n de tecnolog\u00eda de biorretroalimentaci\u00f3n cu\u00e1ntica<\/b><\/p>\n<p><b>\u00bfQu\u00e9 es el Mandelay Q9?<\/b><\/p>\n<p><span style=\"font-weight: 400;\">En <\/span><b>Dispositivo de biorretroalimentaci\u00f3n Mandelay Q9<\/b><span style=\"font-weight: 400;\"> es una nueva generaci\u00f3n <\/span><b>sistema de biorretroalimentaci\u00f3n cu\u00e1ntica<\/b><span style=\"font-weight: 400;\"> desarrollado en <\/span><b>Tecnolog\u00eda de sistemas energ\u00e9ticos universales cu\u00e1nticos<\/b><span style=\"font-weight: 400;\">.<\/span><span style=\"font-weight: 400;\"><br \/>\n<\/span><span style=\"font-weight: 400;\">Est\u00e1 dise\u00f1ado como una alternativa avanzada al <\/span><b>SCIO<\/b><span style=\"font-weight: 400;\"> que ofrece un mayor rendimiento, una salida de frecuencia mejorada y componentes EEG y ECG espec\u00edficos.<\/span><\/p>","protected":false},"featured_media":33175,"comment_status":"open","ping_status":"closed","template":"","meta":{"_acf_changed":false,"_seopress_robots_primary_cat":"none","_seopress_titles_title":"Mandelay Q9 Full Package & Orgon Massage - Precision Q9","_seopress_titles_desc":"The Mandelay Q9 Full Package including specialized Orgon Massage tech. Certified system for professional, holistic results. View Specifications.","_seopress_robots_index":""},"product_brand":[],"product_cat":[129],"product_tag":[],"class_list":{"0":"post-29090","1":"product","2":"type-product","3":"status-publish","4":"has-post-thumbnail","6":"product_cat-biofeedback-devices","8":"first","9":"instock","10":"taxable","11":"shipping-taxable","12":"purchasable","13":"product-type-simple"},"acf":[],"_links":{"self":[{"href":"https:\/\/vibeyoup.com\/es\/wp-json\/wp\/v2\/product\/29090","targetHints":{"allow":["GET"]}}],"collection":[{"href":"https:\/\/vibeyoup.com\/es\/wp-json\/wp\/v2\/product"}],"about":[{"href":"https:\/\/vibeyoup.com\/es\/wp-json\/wp\/v2\/types\/product"}],"replies":[{"embeddable":true,"href":"https:\/\/vibeyoup.com\/es\/wp-json\/wp\/v2\/comments?post=29090"}],"wp:featuredmedia":[{"embeddable":true,"href":"https:\/\/vibeyoup.com\/es\/wp-json\/wp\/v2\/media\/33175"}],"wp:attachment":[{"href":"https:\/\/vibeyoup.com\/es\/wp-json\/wp\/v2\/media?parent=29090"}],"wp:term":[{"taxonomy":"product_brand","embeddable":true,"href":"https:\/\/vibeyoup.com\/es\/wp-json\/wp\/v2\/product_brand?post=29090"},{"taxonomy":"product_cat","embeddable":true,"href":"https:\/\/vibeyoup.com\/es\/wp-json\/wp\/v2\/product_cat?post=29090"},{"taxonomy":"product_tag","embeddable":true,"href":"https:\/\/vibeyoup.com\/es\/wp-json\/wp\/v2\/product_tag?post=29090"}],"curies":[{"name":"wp","href":"https:\/\/api.w.org\/{rel}","templated":true}]}}