{"id":2422,"date":"2022-07-22T12:10:27","date_gmt":"2022-07-22T12:10:27","guid":{"rendered":"https:\/\/vibeyoup.com\/?post_type=product&#038;p=2422"},"modified":"2026-02-27T18:19:47","modified_gmt":"2026-02-27T18:19:47","slug":"mandelay-q9","status":"publish","type":"product","link":"https:\/\/vibeyoup.com\/es\/termek\/mandelay-q9\/","title":{"rendered":"Paquete completo Mandelay Q9"},"content":{"rendered":"<p><b>Caracter\u00edsticas principales del dispositivo de biorretroalimentaci\u00f3n Mandelay Q9<\/b><\/p>\n<ul>\n<li style=\"font-weight: 400;\" aria-level=\"1\"><b>Procesamiento de datos 12 veces m\u00e1s r\u00e1pido<\/b><span style=\"font-weight: 400;\"> para una respuesta y un an\u00e1lisis r\u00e1pidos<\/span><\/li>\n<li style=\"font-weight: 400;\" aria-level=\"1\"><b>Circuito EEG dedicado<\/b><span style=\"font-weight: 400;\"> y <\/span><b>Chip de ECG<\/b><span style=\"font-weight: 400;\"> para una comprensi\u00f3n energ\u00e9tica y fisiol\u00f3gica m\u00e1s profunda<\/span><\/li>\n<li style=\"font-weight: 400;\" aria-level=\"1\"><b>Gama de frecuencias de salida ampliada<\/b><span style=\"font-weight: 400;\"> con precisi\u00f3n calibrada<\/span><\/li>\n<li style=\"font-weight: 400;\" aria-level=\"1\"><b>Arneses de calidad m\u00e9dica<\/b><span style=\"font-weight: 400;\"> para una transmisi\u00f3n estable y fiable de la se\u00f1al<\/span><\/li>\n<li style=\"font-weight: 400;\" aria-level=\"1\"><span style=\"font-weight: 400;\">Chip de matriz y placa de prueba de frecuencia integrados<\/span><\/li>\n<li style=\"font-weight: 400;\" aria-level=\"1\"><span style=\"font-weight: 400;\">Hardware dise\u00f1ado cient\u00edficamente con componentes de calidad profesional<\/span><\/li>\n<\/ul>\n<p><b>\u00bfPara qu\u00e9 se puede utilizar el Mandelay Q9?<\/b><\/p>\n<p><span style=\"font-weight: 400;\">El sistema de biorretroalimentaci\u00f3n Mandelay Q9 es compatible con el entrenamiento de biorretroalimentaci\u00f3n en \u00e1reas como:<\/span><\/p>\n<ul>\n<li style=\"font-weight: 400;\" aria-level=\"1\"><span style=\"font-weight: 400;\">Detecci\u00f3n y reducci\u00f3n del estr\u00e9s<\/span><\/li>\n<li style=\"font-weight: 400;\" aria-level=\"1\"><span style=\"font-weight: 400;\">Apoyo al entrenamiento muscular, la recuperaci\u00f3n y la rehabilitaci\u00f3n<\/span><\/li>\n<li style=\"font-weight: 400;\" aria-level=\"1\"><span style=\"font-weight: 400;\">Entrenamiento en desequilibrios energ\u00e9ticos relacionados con el dolor<\/span><\/li>\n<li style=\"font-weight: 400;\" aria-level=\"1\"><span style=\"font-weight: 400;\">Apoyo al rendimiento cognitivo y la resiliencia mental<\/span><\/li>\n<li style=\"font-weight: 400;\" aria-level=\"1\"><span style=\"font-weight: 400;\">Equilibrio energ\u00e9tico general y optimizaci\u00f3n del bienestar<\/span><\/li>\n<\/ul>\n<p><b>\u00bfPara qui\u00e9n est\u00e1 dise\u00f1ado el Mandelay Q9?<\/b><\/p>\n<ul>\n<li style=\"font-weight: 400;\" aria-level=\"1\"><span style=\"font-weight: 400;\">Profesionales de la biorretroalimentaci\u00f3n y terapeutas hol\u00edsticos<\/span><\/li>\n<li style=\"font-weight: 400;\" aria-level=\"1\"><span style=\"font-weight: 400;\">Entrenadores de bienestar y especialistas en rehabilitaci\u00f3n<\/span><\/li>\n<li style=\"font-weight: 400;\" aria-level=\"1\"><span style=\"font-weight: 400;\">Atletas, entrenadores de rendimiento y fisioterapeutas<\/span><\/li>\n<li style=\"font-weight: 400;\" aria-level=\"1\"><span style=\"font-weight: 400;\">Profesionales m\u00e9dicos y de la salud complementaria<\/span><\/li>\n<li style=\"font-weight: 400;\" aria-level=\"1\"><span style=\"font-weight: 400;\">Centros de bienestar, spas y usuarios dom\u00e9sticos avanzados con orientaci\u00f3n profesional<\/span><\/li>\n<\/ul>\n<p><b>Rendimiento y tecnolog\u00eda<\/b><\/p>\n<p><span style=\"font-weight: 400;\">En cuesti\u00f3n de minutos, el Mandelay Q9 analiza las respuestas bioenerg\u00e9ticas y admite el entrenamiento de biorretroalimentaci\u00f3n en tiempo real.<\/span><span style=\"font-weight: 400;\"><br \/>\n<\/span><span style=\"font-weight: 400;\">Al medir miles de reacciones fisiol\u00f3gicas, el sistema ayuda a identificar desequilibrios energ\u00e9ticos y orienta los procesos de biorretroalimentaci\u00f3n correctiva, siguiendo los mismos principios b\u00e1sicos que los dispositivos SCIO y Eductor, a un nivel de rendimiento superior.<\/span><\/p>\n<p><b>\u00bfQu\u00e9 incluye el paquete completo Mandelay Q9?<\/b><\/p>\n<ul>\n<li style=\"font-weight: 400;\" aria-level=\"1\"><span style=\"font-weight: 400;\">Dispositivo de biorretroalimentaci\u00f3n Mandelay Q9<\/span><\/li>\n<li style=\"font-weight: 400;\" aria-level=\"1\"><span style=\"font-weight: 400;\">Juego de arn\u00e9s de cabeza y arn\u00e9s de extremidades (grado m\u00e9dico)<\/span><\/li>\n<li style=\"font-weight: 400;\" aria-level=\"1\"><span style=\"font-weight: 400;\">Cable USB<\/span><\/li>\n<li style=\"font-weight: 400;\" aria-level=\"1\"><span style=\"font-weight: 400;\">Unidad USB con software operativo Clasp64 precargado<\/span><\/li>\n<li style=\"font-weight: 400;\" aria-level=\"1\"><span style=\"font-weight: 400;\">Bolsa protectora de alta calidad para port\u00e1til<\/span><\/li>\n<li style=\"font-weight: 400;\" aria-level=\"1\"><span style=\"font-weight: 400;\">Embalaje exclusivo<\/span><\/li>\n<li style=\"font-weight: 400;\" aria-level=\"1\"><b>3 a\u00f1os de garant\u00eda<\/b><\/li>\n<\/ul>\n<p><b>Aviso m\u00e9dico importante<\/b><\/p>\n<p><span style=\"font-weight: 400;\">El dispositivo Mandelay Q9 <\/span><b>no sustituye al diagn\u00f3stico ni al tratamiento m\u00e9dico<\/b><span style=\"font-weight: 400;\">.<\/span><span style=\"font-weight: 400;\"><br \/>\n<\/span><span style=\"font-weight: 400;\">Est\u00e1 destinado a <\/span><b>s\u00f3lo con fines de biorretroalimentaci\u00f3n y formaci\u00f3n complementaria<\/b><span style=\"font-weight: 400;\">.<\/span><span style=\"font-weight: 400;\"><br \/>\n<\/span><span style=\"font-weight: 400;\">Se requieren conocimientos m\u00e9dicos y profesionales adecuados para su uso.<\/span><\/p>","protected":false},"excerpt":{"rendered":"<p><b>Dispositivo avanzado de biorretroalimentaci\u00f3n cu\u00e1ntica para uso profesional Wellness<\/b><\/p>\n<p><b>\u00bfQu\u00e9 es el paquete completo Mandelay Q9?<\/b><\/p>\n<p><span style=\"font-weight: 400;\">En <\/span><b>Paquete completo Mandelay Q9<\/b><span style=\"font-weight: 400;\"> es una nueva generaci\u00f3n <\/span><b>sistema de biorretroalimentaci\u00f3n cu\u00e1ntica<\/b><span style=\"font-weight: 400;\"> desarrollado utilizando <\/span><b>Tecnolog\u00eda de sistemas energ\u00e9ticos universales cu\u00e1nticos<\/b><span style=\"font-weight: 400;\">.<\/span><span style=\"font-weight: 400;\"><br \/>\n<\/span><span style=\"font-weight: 400;\">Representa una evoluci\u00f3n avanzada de los dispositivos SCIO y Eductor, y ofrece un mayor rendimiento, un procesamiento de datos m\u00e1s r\u00e1pido y una precisi\u00f3n de medici\u00f3n mejorada para aplicaciones profesionales de biorretroalimentaci\u00f3n.<\/span><\/p>\n<p><span style=\"font-weight: 400;\">Dise\u00f1ado para profesionales de la salud, profesionales del bienestar y usuarios centrados en el rendimiento, el Mandelay Q9 ofrece informaci\u00f3n precisa de biorretroalimentaci\u00f3n a trav\u00e9s de la tecnolog\u00eda de vanguardia de EEG y ECG.<\/span><\/p>","protected":false},"featured_media":3733,"comment_status":"closed","ping_status":"closed","template":"","meta":{"_acf_changed":false,"_seopress_robots_primary_cat":"none","_seopress_titles_title":"Quest9 M Full Package with Full Clasp Portal - Pro","_seopress_titles_desc":"The ultimate Mandelay Q9 M Full Package with the Full Clasp Portal. Advanced system for comprehensive, authoritative wellness. View Details.","_seopress_robots_index":""},"product_brand":[],"product_cat":[129],"product_tag":[33],"class_list":{"0":"post-2422","1":"product","2":"type-product","3":"status-publish","4":"has-post-thumbnail","6":"product_cat-biofeedback-devices","7":"product_tag-q9","9":"first","10":"instock","11":"taxable","12":"shipping-taxable","13":"purchasable","14":"product-type-simple"},"acf":[],"_links":{"self":[{"href":"https:\/\/vibeyoup.com\/es\/wp-json\/wp\/v2\/product\/2422","targetHints":{"allow":["GET"]}}],"collection":[{"href":"https:\/\/vibeyoup.com\/es\/wp-json\/wp\/v2\/product"}],"about":[{"href":"https:\/\/vibeyoup.com\/es\/wp-json\/wp\/v2\/types\/product"}],"replies":[{"embeddable":true,"href":"https:\/\/vibeyoup.com\/es\/wp-json\/wp\/v2\/comments?post=2422"}],"wp:featuredmedia":[{"embeddable":true,"href":"https:\/\/vibeyoup.com\/es\/wp-json\/wp\/v2\/media\/3733"}],"wp:attachment":[{"href":"https:\/\/vibeyoup.com\/es\/wp-json\/wp\/v2\/media?parent=2422"}],"wp:term":[{"taxonomy":"product_brand","embeddable":true,"href":"https:\/\/vibeyoup.com\/es\/wp-json\/wp\/v2\/product_brand?post=2422"},{"taxonomy":"product_cat","embeddable":true,"href":"https:\/\/vibeyoup.com\/es\/wp-json\/wp\/v2\/product_cat?post=2422"},{"taxonomy":"product_tag","embeddable":true,"href":"https:\/\/vibeyoup.com\/es\/wp-json\/wp\/v2\/product_tag?post=2422"}],"curies":[{"name":"wp","href":"https:\/\/api.w.org\/{rel}","templated":true}]}}