{"id":2381,"date":"2022-07-22T10:19:23","date_gmt":"2022-07-22T10:19:23","guid":{"rendered":"https:\/\/vibeyoup.com\/?post_type=product&#038;p=2381"},"modified":"2026-02-27T18:19:54","modified_gmt":"2026-02-27T18:19:54","slug":"scio","status":"publish","type":"product","link":"https:\/\/vibeyoup.com\/es\/termek\/scio\/","title":{"rendered":"Paquete de biorretroalimentaci\u00f3n SCIO"},"content":{"rendered":"<p><b>Caracter\u00edsticas principales del dispositivo de biorretroalimentaci\u00f3n SCIO<\/b><\/p>\n<ul>\n<li style=\"font-weight: 400;\" aria-level=\"1\"><span style=\"font-weight: 400;\">Tecnolog\u00eda avanzada de biorretroalimentaci\u00f3n multicanal<\/span><\/li>\n<li style=\"font-weight: 400;\" aria-level=\"1\"><span style=\"font-weight: 400;\">Escanea m\u00e1s de <\/span><b>12.000 frecuencias bioenerg\u00e9ticas<\/b><\/li>\n<li style=\"font-weight: 400;\" aria-level=\"1\"><span style=\"font-weight: 400;\">Sesiones de biorretroalimentaci\u00f3n personalizadas y en tiempo real<\/span><\/li>\n<li style=\"font-weight: 400;\" aria-level=\"1\"><span style=\"font-weight: 400;\">Proceso de medici\u00f3n no invasivo<\/span><\/li>\n<li style=\"font-weight: 400;\" aria-level=\"1\"><span style=\"font-weight: 400;\">Apoya pr\u00e1cticas preventivas y complementarias de bienestar<\/span><\/li>\n<li style=\"font-weight: 400;\" aria-level=\"1\"><span style=\"font-weight: 400;\">Probado cl\u00ednicamente y utilizado en todo el mundo<\/span><\/li>\n<\/ul>\n<p><b>\u00bfC\u00f3mo funciona la biorretroalimentaci\u00f3n SCIO?<\/b><\/p>\n<p><span style=\"font-weight: 400;\">El SCIO mide las respuestas bioenerg\u00e9ticas del cuerpo a trav\u00e9s de m\u00faltiples canales mediante electrodos en la cabeza, las manos y los pies.<\/span><span style=\"font-weight: 400;\"><br \/>\n<\/span><span style=\"font-weight: 400;\">A partir de los datos recogidos, el sistema admite <\/span><b>formaci\u00f3n en biorretroalimentaci\u00f3n<\/b><span style=\"font-weight: 400;\"> cuyo objetivo es identificar los desequilibrios energ\u00e9ticos y ayudar al organismo a adaptarse hacia el equilibrio.<\/span><\/p>\n<p><span style=\"font-weight: 400;\">El dispositivo funciona con los mismos principios de biorretroalimentaci\u00f3n que otros sistemas basados en frecuencias, y proporciona a los profesionales informaci\u00f3n en tiempo real durante cada sesi\u00f3n.<\/span><\/p>\n<p><b>\u00bfPara qu\u00e9 puede utilizarse el SCIO?<\/b><\/p>\n<p><span style=\"font-weight: 400;\">El sistema de biorretroalimentaci\u00f3n SCIO puede apoyar la formaci\u00f3n relacionada con:<\/span><\/p>\n<ul>\n<li style=\"font-weight: 400;\" aria-level=\"1\"><span style=\"font-weight: 400;\">Detecci\u00f3n y reducci\u00f3n del estr\u00e9s<\/span><\/li>\n<li style=\"font-weight: 400;\" aria-level=\"1\"><span style=\"font-weight: 400;\">Ayuda a la recuperaci\u00f3n y rehabilitaci\u00f3n muscular<\/span><\/li>\n<li style=\"font-weight: 400;\" aria-level=\"1\"><span style=\"font-weight: 400;\">Balance del flujo de energ\u00eda<\/span><\/li>\n<li style=\"font-weight: 400;\" aria-level=\"1\"><span style=\"font-weight: 400;\">Patrones emocionales y mentales relacionados con el estr\u00e9s<\/span><\/li>\n<li style=\"font-weight: 400;\" aria-level=\"1\"><span style=\"font-weight: 400;\">Bienestar general y optimizaci\u00f3n del rendimiento<\/span><\/li>\n<\/ul>\n<p><b>\u00bfPara qui\u00e9n est\u00e1 pensado el SCIO?<\/b><\/p>\n<ul>\n<li style=\"font-weight: 400;\" aria-level=\"1\"><span style=\"font-weight: 400;\">Profesionales de la biorretroalimentaci\u00f3n y terapeutas hol\u00edsticos<\/span><\/li>\n<li style=\"font-weight: 400;\" aria-level=\"1\"><span style=\"font-weight: 400;\">Entrenadores de bienestar y especialistas en rehabilitaci\u00f3n<\/span><\/li>\n<li style=\"font-weight: 400;\" aria-level=\"1\"><span style=\"font-weight: 400;\">Profesionales m\u00e9dicos y de la salud complementaria<\/span><\/li>\n<li style=\"font-weight: 400;\" aria-level=\"1\"><span style=\"font-weight: 400;\">Atletas, fisioterapeutas y entrenadores de rendimiento<\/span><\/li>\n<li style=\"font-weight: 400;\" aria-level=\"1\"><span style=\"font-weight: 400;\">Personas comprometidas con el bienestar preventivo y hol\u00edstico<\/span><\/li>\n<\/ul>\n<p><b>\u00bfQu\u00e9 incluye el paquete SCIO?<\/b><\/p>\n<ul>\n<li style=\"font-weight: 400;\" aria-level=\"1\"><span style=\"font-weight: 400;\">Dispositivo de biorretroalimentaci\u00f3n SCIO<\/span><\/li>\n<li style=\"font-weight: 400;\" aria-level=\"1\"><span style=\"font-weight: 400;\">Juego de arn\u00e9s de cabeza y extremidades<\/span><\/li>\n<li style=\"font-weight: 400;\" aria-level=\"1\"><span style=\"font-weight: 400;\">Cable USB<\/span><\/li>\n<li style=\"font-weight: 400;\" aria-level=\"1\"><span style=\"font-weight: 400;\">Unidad USB con la \u00faltima <\/span><b>Software Clasp64<\/b><\/li>\n<li style=\"font-weight: 400;\" aria-level=\"1\"><span style=\"font-weight: 400;\">Bolsa de transporte<\/span><\/li>\n<li style=\"font-weight: 400;\" aria-level=\"1\"><span style=\"font-weight: 400;\">Gu\u00eda del usuario<\/span><\/li>\n<li style=\"font-weight: 400;\" aria-level=\"1\"><b>3 a\u00f1os de garant\u00eda<\/b><\/li>\n<\/ul>\n<p><b>Aviso m\u00e9dico importante<\/b><\/p>\n<p><span style=\"font-weight: 400;\">El dispositivo SCIO <\/span><b>no sustituye al diagn\u00f3stico ni al tratamiento m\u00e9dico<\/b><span style=\"font-weight: 400;\">.<\/span><span style=\"font-weight: 400;\"><br \/>\n<\/span><span style=\"font-weight: 400;\">Est\u00e1 destinado a <\/span><b>s\u00f3lo con fines de biorretroalimentaci\u00f3n y formaci\u00f3n complementaria<\/b><span style=\"font-weight: 400;\">.<\/span><span style=\"font-weight: 400;\"><br \/>\n<\/span><span style=\"font-weight: 400;\">Se requieren conocimientos m\u00e9dicos o profesionales adecuados para su uso.<\/span><\/p>\n<p>&nbsp;<\/p>","protected":false},"excerpt":{"rendered":"<p><b>Sistema avanzado de biorretroalimentaci\u00f3n para el bienestar profesional<\/b><\/p>\n<p><b>\u00bfQu\u00e9 es el sistema de biorretroalimentaci\u00f3n SCIO?<\/b><\/p>\n<p><span style=\"font-weight: 400;\">En <\/span><b>Sistema de biorretroalimentaci\u00f3n SCIO<\/b><span style=\"font-weight: 400;\"> (Operaci\u00f3n Interfaz de la Conciencia Cient\u00edfica) es un avanzado <\/span><b>dispositivo de biorretroalimentaci\u00f3n<\/b><span style=\"font-weight: 400;\"> dise\u00f1ado para analizar patrones bioenerg\u00e9ticos y favorecer el equilibrio mediante un entrenamiento personalizado de biorretroalimentaci\u00f3n.<\/span><span style=\"font-weight: 400;\"><br \/>\n<\/span><span style=\"font-weight: 400;\">Es ampliamente utilizado por profesionales del bienestar para comprender mejor los desequilibrios energ\u00e9ticos y relacionados con el estr\u00e9s mediante la retroalimentaci\u00f3n basada en la frecuencia.<\/span><\/p>\n<p><span style=\"font-weight: 400;\">El SCIO escanea miles de frecuencias bioenerg\u00e9ticas para apoyar un proceso de biorretroalimentaci\u00f3n detallado e individualizado.<\/span><\/p>","protected":false},"featured_media":1635,"comment_status":"open","ping_status":"closed","template":"","meta":{"_acf_changed":false,"_seopress_robots_primary_cat":"none","_seopress_titles_title":"SCIO Biofeedback Device - Professional Certified Tech","_seopress_titles_desc":"Explore the proven SCIO system and essential Eductor accessories. Professional biofeedback for precision wellness analysis. Learn more.","_seopress_robots_index":""},"product_brand":[],"product_cat":[129],"product_tag":[],"class_list":{"0":"post-2381","1":"product","2":"type-product","3":"status-publish","4":"has-post-thumbnail","6":"product_cat-biofeedback-devices","8":"first","9":"instock","10":"taxable","11":"shipping-taxable","12":"purchasable","13":"product-type-simple"},"acf":[],"_links":{"self":[{"href":"https:\/\/vibeyoup.com\/es\/wp-json\/wp\/v2\/product\/2381","targetHints":{"allow":["GET"]}}],"collection":[{"href":"https:\/\/vibeyoup.com\/es\/wp-json\/wp\/v2\/product"}],"about":[{"href":"https:\/\/vibeyoup.com\/es\/wp-json\/wp\/v2\/types\/product"}],"replies":[{"embeddable":true,"href":"https:\/\/vibeyoup.com\/es\/wp-json\/wp\/v2\/comments?post=2381"}],"wp:featuredmedia":[{"embeddable":true,"href":"https:\/\/vibeyoup.com\/es\/wp-json\/wp\/v2\/media\/1635"}],"wp:attachment":[{"href":"https:\/\/vibeyoup.com\/es\/wp-json\/wp\/v2\/media?parent=2381"}],"wp:term":[{"taxonomy":"product_brand","embeddable":true,"href":"https:\/\/vibeyoup.com\/es\/wp-json\/wp\/v2\/product_brand?post=2381"},{"taxonomy":"product_cat","embeddable":true,"href":"https:\/\/vibeyoup.com\/es\/wp-json\/wp\/v2\/product_cat?post=2381"},{"taxonomy":"product_tag","embeddable":true,"href":"https:\/\/vibeyoup.com\/es\/wp-json\/wp\/v2\/product_tag?post=2381"}],"curies":[{"name":"wp","href":"https:\/\/api.w.org\/{rel}","templated":true}]}}