{"id":3723,"date":"2022-08-15T08:24:47","date_gmt":"2022-08-15T08:24:47","guid":{"rendered":"https:\/\/vibeyoup.com\/?page_id=3723"},"modified":"2025-11-11T15:28:43","modified_gmt":"2025-11-11T15:28:43","slug":"portal-de-cierre-de-productos","status":"publish","type":"page","link":"https:\/\/vibeyoup.com\/es\/product-clasp-portal\/","title":{"rendered":"Product Clasp Portal"},"content":{"rendered":"<div data-elementor-type=\"wp-page\" data-elementor-id=\"3723\" class=\"elementor elementor-3723\" data-elementor-post-type=\"page\">\n\t\t\t\t<div class=\"elementor-element elementor-element-7fd072f e-flex e-con-boxed e-con e-parent\" data-id=\"7fd072f\" data-element_type=\"container\" data-e-type=\"container\" data-settings=\"{&quot;background_background&quot;:&quot;classic&quot;}\">\n\t\t\t\t\t<div class=\"e-con-inner\">\n\t\t\t\t<div class=\"elementor-element elementor-element-aa3a2b3 elementor-widget__width-initial elementor-widget elementor-widget-heading\" data-id=\"aa3a2b3\" data-element_type=\"widget\" data-e-type=\"widget\" data-widget_type=\"heading.default\">\n\t\t\t\t<div class=\"elementor-widget-container\">\n\t\t\t\t\t<h1 class=\"elementor-heading-title elementor-size-default\">Simplemente le conviene:\n<\/h1>\t\t\t\t<\/div>\n\t\t\t\t<\/div>\n\t\t\t\t<div class=\"elementor-element elementor-element-de09741 elementor-widget__width-initial elementor-widget elementor-widget-heading\" data-id=\"de09741\" data-element_type=\"widget\" data-e-type=\"widget\" data-widget_type=\"heading.default\">\n\t\t\t\t<div class=\"elementor-widget-container\">\n\t\t\t\t\t<h1 class=\"elementor-heading-title elementor-size-default\">LOS M\u00d3DULOS DEL PORTAL CLASP\n<\/h1>\t\t\t\t<\/div>\n\t\t\t\t<\/div>\n\t\t\t\t<div class=\"elementor-element elementor-element-c6af4f6 elementor-widget__width-initial elementor-widget elementor-widget-text-editor\" data-id=\"c6af4f6\" data-element_type=\"widget\" data-e-type=\"widget\" data-widget_type=\"text-editor.default\">\n\t\t\t\t<div class=\"elementor-widget-container\">\n\t\t\t\t\t\t\t\t\t<div class=\"elementor-element elementor-element-404cff7 e-con-full e-flex e-con e-parent e-lazyloaded\" data-id=\"404cff7\" data-element_type=\"container\"><div class=\"elementor-element elementor-element-816631c e-con-full e-flex e-con e-child\" data-id=\"816631c\" data-element_type=\"container\"><div class=\"elementor-element elementor-element-28c0d46 elementor-widget elementor-widget-text-editor\" data-id=\"28c0d46\" data-element_type=\"widget\" data-widget_type=\"text-editor.default\"><div class=\"elementor-widget-container\"><p><strong>\u00bfCree que usted y sus clientes tienen necesidades especiales que deben estar cubiertas?<\/strong> Hemos preparado algo excepcional, compatible con la mayor\u00eda de los programas inform\u00e1ticos del mercado y f\u00e1cil de usar incluso para los principiantes.<\/p><\/div><\/div><\/div><\/div>\t\t\t\t\t\t\t\t<\/div>\n\t\t\t\t<\/div>\n\t\t\t\t<div class=\"elementor-element elementor-element-ddcf778 animated-fast elementor-align-center elementor-mobile-align-left elementor-widget-mobile__width-initial elementor-widget elementor-widget-button\" data-id=\"ddcf778\" data-element_type=\"widget\" data-e-type=\"widget\" data-settings=\"{&quot;_animation&quot;:&quot;none&quot;,&quot;_animation_delay&quot;:400}\" data-widget_type=\"button.default\">\n\t\t\t\t<div class=\"elementor-widget-container\">\n\t\t\t\t\t\t\t\t\t<div class=\"elementor-button-wrapper\">\n\t\t\t\t\t<a class=\"elementor-button elementor-button-link elementor-size-sm elementor-animation-float\" href=\"https:\/\/shop.vibeyoup.com\/clasp-portal\">\n\t\t\t\t\t\t<span class=\"elementor-button-content-wrapper\">\n\t\t\t\t\t\t\t\t\t<span class=\"elementor-button-text\">portal de cierre<\/span>\n\t\t\t\t\t<\/span>\n\t\t\t\t\t<\/a>\n\t\t\t\t<\/div>\n\t\t\t\t\t\t\t\t<\/div>\n\t\t\t\t<\/div>\n\t\t\t\t\t<\/div>\n\t\t\t\t<\/div>\n\t\t<div class=\"elementor-element elementor-element-8d16c2c e-flex e-con-boxed e-con e-parent\" data-id=\"8d16c2c\" data-element_type=\"container\" data-e-type=\"container\" data-settings=\"{&quot;background_background&quot;:&quot;classic&quot;}\">\n\t\t\t\t\t<div class=\"e-con-inner\">\n\t\t<div class=\"elementor-element elementor-element-8fe3c41 e-con-full e-flex e-con e-child\" data-id=\"8fe3c41\" data-element_type=\"container\" data-e-type=\"container\">\n\t\t\t\t<div class=\"elementor-element elementor-element-f4001de elementor-widget__width-initial elementor-widget-tablet__width-initial elementor-widget elementor-widget-heading\" data-id=\"f4001de\" data-element_type=\"widget\" data-e-type=\"widget\" data-widget_type=\"heading.default\">\n\t\t\t\t<div class=\"elementor-widget-container\">\n\t\t\t\t\t<h2 class=\"elementor-heading-title elementor-size-default\">Formaci\u00f3n b\u00e1sica sobre el portal de cierre\n<\/h2>\t\t\t\t<\/div>\n\t\t\t\t<\/div>\n\t\t\t\t<div class=\"elementor-element elementor-element-877cbbf elementor-hidden-desktop elementor-widget elementor-widget-image\" data-id=\"877cbbf\" data-element_type=\"widget\" data-e-type=\"widget\" data-settings=\"{&quot;_animation_mobile&quot;:&quot;fadeIn&quot;}\" data-widget_type=\"image.default\">\n\t\t\t\t<div class=\"elementor-widget-container\">\n\t\t\t\t\t\t\t\t\t\t\t\t\t\t\t<img fetchpriority=\"high\" decoding=\"async\" width=\"500\" height=\"500\" src=\"https:\/\/vibeyoup.com\/wp-content\/uploads\/2025\/10\/MY-CP002.webp\" class=\"attachment-large size-large wp-image-26316\" alt=\"\" srcset=\"https:\/\/vibeyoup.com\/wp-content\/uploads\/2025\/10\/MY-CP002.webp 500w, https:\/\/vibeyoup.com\/wp-content\/uploads\/2025\/10\/MY-CP002-300x300.webp 300w, https:\/\/vibeyoup.com\/wp-content\/uploads\/2025\/10\/MY-CP002-150x150.webp 150w\" sizes=\"(max-width: 500px) 100vw, 500px\" \/>\t\t\t\t\t\t\t\t\t\t\t\t\t\t\t<\/div>\n\t\t\t\t<\/div>\n\t\t\t\t<div class=\"elementor-element elementor-element-b2b5ef8 elementor-widget__width-initial elementor-widget elementor-widget-text-editor\" data-id=\"b2b5ef8\" data-element_type=\"widget\" data-e-type=\"widget\" data-widget_type=\"text-editor.default\">\n\t\t\t\t<div class=\"elementor-widget-container\">\n\t\t\t\t\t\t\t\t\t<div class=\"elementor-element elementor-element-26aa7e5 elementor-widget elementor-widget-text-editor\" data-id=\"26aa7e5\" data-element_type=\"widget\" data-widget_type=\"text-editor.default\"><div class=\"elementor-widget-container\"><p><em>\u00bfEst\u00e1 empezando su andadura como profesional de la biorretroalimentaci\u00f3n? \u00bfLe cuesta utilizar un software complejo? \u00bfO no quiere perder el tiempo configurando todos los par\u00e1metros manualmente?<\/em><\/p><p>Tenemos una soluci\u00f3n para usted: nuestra FORMACI\u00d3N B\u00c1SICA DEL PORTAL CLASP.<\/p><\/div><\/div><div class=\"elementor-element elementor-element-6e98702 elementor-widget elementor-widget-text-editor\" data-id=\"6e98702\" data-element_type=\"widget\" data-widget_type=\"text-editor.default\"><div class=\"elementor-widget-container\"><p>Aqu\u00ed puedes encontrar programas listos para usar en tus sesiones que te facilitan el d\u00eda a d\u00eda pero con la misma calidad que un programa de ajuste manual.<\/p><\/div><\/div>\t\t\t\t\t\t\t\t<\/div>\n\t\t\t\t<\/div>\n\t\t\t\t<div class=\"elementor-element elementor-element-2590702 animated-fast elementor-align-left elementor-tablet-align-center elementor-widget elementor-widget-button\" data-id=\"2590702\" data-element_type=\"widget\" data-e-type=\"widget\" data-settings=\"{&quot;_animation&quot;:&quot;none&quot;,&quot;_animation_delay&quot;:400}\" data-widget_type=\"button.default\">\n\t\t\t\t<div class=\"elementor-widget-container\">\n\t\t\t\t\t\t\t\t\t<div class=\"elementor-button-wrapper\">\n\t\t\t\t\t<a class=\"elementor-button elementor-button-link elementor-size-sm elementor-animation-float\" href=\"https:\/\/shop.vibeyoup.com\/clasp-portal-with-basic-trainig-module\">\n\t\t\t\t\t\t<span class=\"elementor-button-content-wrapper\">\n\t\t\t\t\t\t\t\t\t<span class=\"elementor-button-text\">obtenga su m\u00f3dulo de formaci\u00f3n del portal clasp<\/span>\n\t\t\t\t\t<\/span>\n\t\t\t\t\t<\/a>\n\t\t\t\t<\/div>\n\t\t\t\t\t\t\t\t<\/div>\n\t\t\t\t<\/div>\n\t\t\t\t<\/div>\n\t\t<div class=\"elementor-element elementor-element-d1cb5a8 e-con-full elementor-hidden-tablet elementor-hidden-mobile e-flex e-con e-child\" data-id=\"d1cb5a8\" data-element_type=\"container\" data-e-type=\"container\">\n\t\t\t\t<div class=\"elementor-element elementor-element-83d226e elementor-widget elementor-widget-image\" data-id=\"83d226e\" data-element_type=\"widget\" data-e-type=\"widget\" data-widget_type=\"image.default\">\n\t\t\t\t<div class=\"elementor-widget-container\">\n\t\t\t\t\t\t\t\t\t\t\t\t\t\t\t<img fetchpriority=\"high\" decoding=\"async\" width=\"500\" height=\"500\" src=\"https:\/\/vibeyoup.com\/wp-content\/uploads\/2025\/10\/MY-CP002.webp\" class=\"attachment-large size-large wp-image-26316\" alt=\"\" srcset=\"https:\/\/vibeyoup.com\/wp-content\/uploads\/2025\/10\/MY-CP002.webp 500w, https:\/\/vibeyoup.com\/wp-content\/uploads\/2025\/10\/MY-CP002-300x300.webp 300w, https:\/\/vibeyoup.com\/wp-content\/uploads\/2025\/10\/MY-CP002-150x150.webp 150w\" sizes=\"(max-width: 500px) 100vw, 500px\" \/>\t\t\t\t\t\t\t\t\t\t\t\t\t\t\t<\/div>\n\t\t\t\t<\/div>\n\t\t\t\t<\/div>\n\t\t\t\t\t<\/div>\n\t\t\t\t<\/div>\n\t\t<div class=\"elementor-element elementor-element-b947d60 e-flex e-con-boxed e-con e-parent\" data-id=\"b947d60\" data-element_type=\"container\" data-e-type=\"container\" data-settings=\"{&quot;background_background&quot;:&quot;classic&quot;}\">\n\t\t\t\t\t<div class=\"e-con-inner\">\n\t\t<div class=\"elementor-element elementor-element-6d6c67d e-con-full e-flex e-con e-child\" data-id=\"6d6c67d\" data-element_type=\"container\" data-e-type=\"container\">\n\t\t\t\t<div class=\"elementor-element elementor-element-1102bf8 elementor-widget__width-initial elementor-widget-tablet__width-initial elementor-widget elementor-widget-heading\" data-id=\"1102bf8\" data-element_type=\"widget\" data-e-type=\"widget\" data-widget_type=\"heading.default\">\n\t\t\t\t<div class=\"elementor-widget-container\">\n\t\t\t\t\t<h2 class=\"elementor-heading-title elementor-size-default\">Portal de cierre con m\u00f3dulo e-aid\n<\/h2>\t\t\t\t<\/div>\n\t\t\t\t<\/div>\n\t\t\t\t<div class=\"elementor-element elementor-element-7c20c60 elementor-hidden-desktop elementor-widget elementor-widget-image\" data-id=\"7c20c60\" data-element_type=\"widget\" data-e-type=\"widget\" data-settings=\"{&quot;_animation_mobile&quot;:&quot;fadeIn&quot;}\" data-widget_type=\"image.default\">\n\t\t\t\t<div class=\"elementor-widget-container\">\n\t\t\t\t\t\t\t\t\t\t\t\t\t\t\t<img decoding=\"async\" width=\"500\" height=\"500\" src=\"https:\/\/vibeyoup.com\/wp-content\/uploads\/2025\/10\/MY-CP004.webp\" class=\"attachment-large size-large wp-image-26317\" alt=\"\" srcset=\"https:\/\/vibeyoup.com\/wp-content\/uploads\/2025\/10\/MY-CP004.webp 500w, https:\/\/vibeyoup.com\/wp-content\/uploads\/2025\/10\/MY-CP004-300x300.webp 300w, https:\/\/vibeyoup.com\/wp-content\/uploads\/2025\/10\/MY-CP004-150x150.webp 150w\" sizes=\"(max-width: 500px) 100vw, 500px\" \/>\t\t\t\t\t\t\t\t\t\t\t\t\t\t\t<\/div>\n\t\t\t\t<\/div>\n\t\t\t\t<div class=\"elementor-element elementor-element-099452c elementor-widget__width-initial elementor-widget elementor-widget-text-editor\" data-id=\"099452c\" data-element_type=\"widget\" data-e-type=\"widget\" data-widget_type=\"text-editor.default\">\n\t\t\t\t<div class=\"elementor-widget-container\">\n\t\t\t\t\t\t\t\t\t<p><em>\u00bfSus clientes luchan contra las adicciones?<\/em>\u00a0<em>\u00bfNecesitan ayuda para apaciguar sus demonios?\u00a0 <\/em>Entonces el PORTAL CLASP CON M\u00d3DULO E-AID ser\u00e1 la mejor elecci\u00f3n. Preparado para la amplia gama de tipos de adicci\u00f3n (fumar, jugar, ir de compras, alcohol, drogas, tel\u00e9fonos m\u00f3viles, etc.) con programas listos para usar entre los que puede elegir.<\/p><p>El estr\u00e9s persistente es la principal causa de las adicciones, ya que empiezas a buscar actividades que reduzcan el nivel de estr\u00e9s y te hagan sentir bien. Estas actividades pueden convertirse en adicciones y arruinar tu vida.<\/p><p>As\u00ed que si piensa en empezar una batalla de calidad para mejorar el futuro de sus clientes, deber\u00eda probar el PORTAL CLASP CON M\u00d3DULO E-AID. Los ajustes especialmente personalizados para los problemas de adicci\u00f3n le ahorrar\u00e1n tiempo y le conducir\u00e1n a resultados efectivos.<\/p>\t\t\t\t\t\t\t\t<\/div>\n\t\t\t\t<\/div>\n\t\t\t\t<div class=\"elementor-element elementor-element-b96d5d9 animated-fast elementor-align-left elementor-tablet-align-center elementor-widget elementor-widget-button\" data-id=\"b96d5d9\" data-element_type=\"widget\" data-e-type=\"widget\" data-settings=\"{&quot;_animation&quot;:&quot;none&quot;,&quot;_animation_delay&quot;:400}\" data-widget_type=\"button.default\">\n\t\t\t\t<div class=\"elementor-widget-container\">\n\t\t\t\t\t\t\t\t\t<div class=\"elementor-button-wrapper\">\n\t\t\t\t\t<a class=\"elementor-button elementor-button-link elementor-size-sm elementor-animation-float\" href=\"https:\/\/shop.vibeyoup.com\/clasp-portal-with-e-aid-module\">\n\t\t\t\t\t\t<span class=\"elementor-button-content-wrapper\">\n\t\t\t\t\t\t\t\t\t<span class=\"elementor-button-text\">EMPIEZA LA BATALLA CONTRA LA ADICCI\u00d3N CON EL PORTAL CLASP CON M\u00d3DULO E-AID<\/span>\n\t\t\t\t\t<\/span>\n\t\t\t\t\t<\/a>\n\t\t\t\t<\/div>\n\t\t\t\t\t\t\t\t<\/div>\n\t\t\t\t<\/div>\n\t\t\t\t<\/div>\n\t\t<div class=\"elementor-element elementor-element-8f6ad27 e-con-full elementor-hidden-tablet elementor-hidden-mobile e-flex e-con e-child\" data-id=\"8f6ad27\" data-element_type=\"container\" data-e-type=\"container\">\n\t\t\t\t<div class=\"elementor-element elementor-element-d88c49d elementor-widget elementor-widget-image\" data-id=\"d88c49d\" data-element_type=\"widget\" data-e-type=\"widget\" data-widget_type=\"image.default\">\n\t\t\t\t<div class=\"elementor-widget-container\">\n\t\t\t\t\t\t\t\t\t\t\t\t\t\t\t<img decoding=\"async\" width=\"500\" height=\"500\" src=\"https:\/\/vibeyoup.com\/wp-content\/uploads\/2025\/10\/MY-CP004.webp\" class=\"attachment-large size-large wp-image-26317\" alt=\"\" srcset=\"https:\/\/vibeyoup.com\/wp-content\/uploads\/2025\/10\/MY-CP004.webp 500w, https:\/\/vibeyoup.com\/wp-content\/uploads\/2025\/10\/MY-CP004-300x300.webp 300w, https:\/\/vibeyoup.com\/wp-content\/uploads\/2025\/10\/MY-CP004-150x150.webp 150w\" sizes=\"(max-width: 500px) 100vw, 500px\" \/>\t\t\t\t\t\t\t\t\t\t\t\t\t\t\t<\/div>\n\t\t\t\t<\/div>\n\t\t\t\t<\/div>\n\t\t\t\t\t<\/div>\n\t\t\t\t<\/div>\n\t\t<div class=\"elementor-element elementor-element-58c98d4 e-flex e-con-boxed e-con e-parent\" data-id=\"58c98d4\" data-element_type=\"container\" data-e-type=\"container\" data-settings=\"{&quot;background_background&quot;:&quot;classic&quot;}\">\n\t\t\t\t\t<div class=\"e-con-inner\">\n\t\t<div class=\"elementor-element elementor-element-727f321 e-con-full e-flex e-con e-child\" data-id=\"727f321\" data-element_type=\"container\" data-e-type=\"container\">\n\t\t\t\t<div class=\"elementor-element elementor-element-be88f32 elementor-widget__width-initial elementor-widget-tablet__width-initial elementor-widget elementor-widget-heading\" data-id=\"be88f32\" data-element_type=\"widget\" data-e-type=\"widget\" data-widget_type=\"heading.default\">\n\t\t\t\t<div class=\"elementor-widget-container\">\n\t\t\t\t\t<h2 class=\"elementor-heading-title elementor-size-default\">M\u00f3dulo portal de cierre con grifo (el portal de la afirmaci\u00f3n)<\/h2>\t\t\t\t<\/div>\n\t\t\t\t<\/div>\n\t\t\t\t<div class=\"elementor-element elementor-element-1f8f41a elementor-hidden-desktop elementor-widget elementor-widget-image\" data-id=\"1f8f41a\" data-element_type=\"widget\" data-e-type=\"widget\" data-settings=\"{&quot;_animation_mobile&quot;:&quot;fadeIn&quot;}\" data-widget_type=\"image.default\">\n\t\t\t\t<div class=\"elementor-widget-container\">\n\t\t\t\t\t\t\t\t\t\t\t\t\t\t\t<img decoding=\"async\" width=\"500\" height=\"500\" src=\"https:\/\/vibeyoup.com\/wp-content\/uploads\/2025\/10\/affirmation.webp\" class=\"attachment-large size-large wp-image-26319\" alt=\"\" srcset=\"https:\/\/vibeyoup.com\/wp-content\/uploads\/2025\/10\/affirmation.webp 500w, https:\/\/vibeyoup.com\/wp-content\/uploads\/2025\/10\/affirmation-300x300.webp 300w, https:\/\/vibeyoup.com\/wp-content\/uploads\/2025\/10\/affirmation-150x150.webp 150w\" sizes=\"(max-width: 500px) 100vw, 500px\" \/>\t\t\t\t\t\t\t\t\t\t\t\t\t\t\t<\/div>\n\t\t\t\t<\/div>\n\t\t\t\t<div class=\"elementor-element elementor-element-3dc2c84 elementor-widget__width-initial elementor-widget elementor-widget-text-editor\" data-id=\"3dc2c84\" data-element_type=\"widget\" data-e-type=\"widget\" data-widget_type=\"text-editor.default\">\n\t\t\t\t<div class=\"elementor-widget-container\">\n\t\t\t\t\t\t\t\t\t<p><em>\u00bfHa o\u00eddo hablar alguna vez del poder de la oraci\u00f3n, la mentalidad positiva y el pensamiento?<\/em> Estas afirmaciones pueden controlar tu mente de esta manera y hacer que te concentres en algo que es realmente importante.<\/p><p>Las afirmaciones van desde la repetici\u00f3n de simples frases positivas hasta el canto. Y con esto nuestro M\u00d3DULO CLASP PORTAL CON TAP te ayudar\u00e1. Puede utilizar diferentes configuraciones en el m\u00f3dulo y crear estas afirmaciones, establecer el tiempo, hacerlas continuas, etc. Las afirmaciones continuas har\u00e1n que su subconsciente absorba esta informaci\u00f3n. Las buenas vibraciones en la vida de sus clientes comenzar\u00e1n con un cambio de mentalidad positivo.<\/p>\t\t\t\t\t\t\t\t<\/div>\n\t\t\t\t<\/div>\n\t\t\t\t<div class=\"elementor-element elementor-element-40260f1 animated-fast elementor-align-left elementor-tablet-align-center elementor-widget elementor-widget-button\" data-id=\"40260f1\" data-element_type=\"widget\" data-e-type=\"widget\" data-settings=\"{&quot;_animation&quot;:&quot;none&quot;,&quot;_animation_delay&quot;:400}\" data-widget_type=\"button.default\">\n\t\t\t\t<div class=\"elementor-widget-container\">\n\t\t\t\t\t\t\t\t\t<div class=\"elementor-button-wrapper\">\n\t\t\t\t\t<a class=\"elementor-button elementor-button-link elementor-size-sm elementor-animation-float\" href=\"https:\/\/www.scio-eductor.shop\/clasp-portal-with-the-affirmation-portal-module\">\n\t\t\t\t\t\t<span class=\"elementor-button-content-wrapper\">\n\t\t\t\t\t\t\t\t\t<span class=\"elementor-button-text\">ATRAPA LAS BUENAS VIBRACIONES CON EL PORTAL CLASP CON M\u00d3DULO TAP<\/span>\n\t\t\t\t\t<\/span>\n\t\t\t\t\t<\/a>\n\t\t\t\t<\/div>\n\t\t\t\t\t\t\t\t<\/div>\n\t\t\t\t<\/div>\n\t\t\t\t<\/div>\n\t\t<div class=\"elementor-element elementor-element-b286ed9 e-con-full elementor-hidden-tablet elementor-hidden-mobile e-flex e-con e-child\" data-id=\"b286ed9\" data-element_type=\"container\" data-e-type=\"container\">\n\t\t\t\t<div class=\"elementor-element elementor-element-099de5f elementor-widget elementor-widget-image\" data-id=\"099de5f\" data-element_type=\"widget\" data-e-type=\"widget\" data-widget_type=\"image.default\">\n\t\t\t\t<div class=\"elementor-widget-container\">\n\t\t\t\t\t\t\t\t\t\t\t\t\t\t\t<img decoding=\"async\" width=\"500\" height=\"500\" src=\"https:\/\/vibeyoup.com\/wp-content\/uploads\/2025\/10\/affirmation.webp\" class=\"attachment-large size-large wp-image-26319\" alt=\"\" srcset=\"https:\/\/vibeyoup.com\/wp-content\/uploads\/2025\/10\/affirmation.webp 500w, https:\/\/vibeyoup.com\/wp-content\/uploads\/2025\/10\/affirmation-300x300.webp 300w, https:\/\/vibeyoup.com\/wp-content\/uploads\/2025\/10\/affirmation-150x150.webp 150w\" sizes=\"(max-width: 500px) 100vw, 500px\" \/>\t\t\t\t\t\t\t\t\t\t\t\t\t\t\t<\/div>\n\t\t\t\t<\/div>\n\t\t\t\t<\/div>\n\t\t\t\t\t<\/div>\n\t\t\t\t<\/div>\n\t\t<div class=\"elementor-element elementor-element-7cefe73 e-flex e-con-boxed e-con e-parent\" data-id=\"7cefe73\" data-element_type=\"container\" data-e-type=\"container\" data-settings=\"{&quot;background_background&quot;:&quot;gradient&quot;}\">\n\t\t\t\t\t<div class=\"e-con-inner\">\n\t\t\t\t<div class=\"elementor-element elementor-element-a681e66 elementor-widget__width-initial elementor-widget elementor-widget-heading\" data-id=\"a681e66\" data-element_type=\"widget\" data-e-type=\"widget\" data-widget_type=\"heading.default\">\n\t\t\t\t<div class=\"elementor-widget-container\">\n\t\t\t\t\t<h2 class=\"elementor-heading-title elementor-size-default\">Puede encontrar el paquete completo con un precio especial o diferentes variaciones. Consulta nuestra tienda online para encontrar la opci\u00f3n m\u00e1s adecuada para ti.\n<\/h2>\t\t\t\t<\/div>\n\t\t\t\t<\/div>\n\t\t\t\t\t<\/div>\n\t\t\t\t<\/div>\n\t\t<div class=\"elementor-element elementor-element-e376c29 e-flex e-con-boxed e-con e-parent\" data-id=\"e376c29\" data-element_type=\"container\" data-e-type=\"container\" data-settings=\"{&quot;background_background&quot;:&quot;classic&quot;}\">\n\t\t\t\t\t<div class=\"e-con-inner\">\n\t\t\t\t<div class=\"elementor-element elementor-element-37a5afb elementor-arrows-position-inside elementor-pagination-position-outside elementor-widget elementor-widget-image-carousel\" data-id=\"37a5afb\" data-element_type=\"widget\" data-e-type=\"widget\" data-settings=\"{&quot;slides_to_show&quot;:&quot;4&quot;,&quot;navigation&quot;:&quot;both&quot;,&quot;autoplay&quot;:&quot;yes&quot;,&quot;pause_on_hover&quot;:&quot;yes&quot;,&quot;pause_on_interaction&quot;:&quot;yes&quot;,&quot;autoplay_speed&quot;:5000,&quot;infinite&quot;:&quot;yes&quot;,&quot;speed&quot;:500,&quot;image_spacing_custom&quot;:{&quot;unit&quot;:&quot;px&quot;,&quot;size&quot;:20,&quot;sizes&quot;:[]},&quot;image_spacing_custom_tablet&quot;:{&quot;unit&quot;:&quot;px&quot;,&quot;size&quot;:&quot;&quot;,&quot;sizes&quot;:[]},&quot;image_spacing_custom_mobile&quot;:{&quot;unit&quot;:&quot;px&quot;,&quot;size&quot;:&quot;&quot;,&quot;sizes&quot;:[]}}\" data-widget_type=\"image-carousel.default\">\n\t\t\t\t<div class=\"elementor-widget-container\">\n\t\t\t\t\t\t\t<div class=\"elementor-image-carousel-wrapper swiper\" role=\"region\" aria-roledescription=\"carousel\" aria-label=\"Carrusel de im\u00e1genes\" dir=\"ltr\">\n\t\t\t<div class=\"elementor-image-carousel swiper-wrapper\" aria-live=\"off\">\n\t\t\t\t\t\t\t\t<div class=\"swiper-slide\" role=\"group\" aria-roledescription=\"slide\" aria-label=\"1 de 4\"><figure class=\"swiper-slide-inner\"><img decoding=\"async\" class=\"swiper-slide-image\" src=\"https:\/\/vibeyoup.com\/wp-content\/uploads\/2025\/10\/MY-CP002.webp\" alt=\"M\u00f3dulo de formaci\u00f3n b\u00e1sica del Portal Clasp\" \/><\/figure><\/div><div class=\"swiper-slide\" role=\"group\" aria-roledescription=\"slide\" aria-label=\"2 de 4\"><figure class=\"swiper-slide-inner\"><img decoding=\"async\" class=\"swiper-slide-image\" src=\"https:\/\/vibeyoup.com\/wp-content\/uploads\/2025\/10\/MY-CP004.webp\" alt=\"M\u00f3dulo e-AID del portal Clasp\" \/><\/figure><\/div><div class=\"swiper-slide\" role=\"group\" aria-roledescription=\"slide\" aria-label=\"3 de 4\"><figure class=\"swiper-slide-inner\"><img decoding=\"async\" class=\"swiper-slide-image\" src=\"https:\/\/vibeyoup.com\/wp-content\/uploads\/2025\/10\/affirmation.webp\" alt=\"M\u00f3dulo del portal de afirmaciones para SCIO\/Q9 Biofeedback\" \/><\/figure><\/div><div class=\"swiper-slide\" role=\"group\" aria-roledescription=\"slide\" aria-label=\"4 de 4\"><figure class=\"swiper-slide-inner\"><img decoding=\"async\" class=\"swiper-slide-image\" src=\"https:\/\/vibeyoup.com\/wp-content\/uploads\/2025\/10\/eadi-tap.webp\" alt=\"eadi + grifo\" \/><\/figure><\/div>\t\t\t<\/div>\n\t\t\t\t\t\t\t\t\t\t\t\t<div class=\"elementor-swiper-button elementor-swiper-button-prev\" role=\"button\" tabindex=\"0\">\n\t\t\t\t\t\t<i aria-hidden=\"true\" class=\"eicon-chevron-left\"><\/i>\t\t\t\t\t<\/div>\n\t\t\t\t\t<div class=\"elementor-swiper-button elementor-swiper-button-next\" role=\"button\" tabindex=\"0\">\n\t\t\t\t\t\t<i aria-hidden=\"true\" class=\"eicon-chevron-right\"><\/i>\t\t\t\t\t<\/div>\n\t\t\t\t\n\t\t\t\t\t\t\t\t\t<div class=\"swiper-pagination\"><\/div>\n\t\t\t\t\t\t\t\t\t<\/div>\n\t\t\t\t\t\t<\/div>\n\t\t\t\t<\/div>\n\t\t\t\t<div class=\"elementor-element elementor-element-c0f8882 animated-fast elementor-align-center elementor-mobile-align-center elementor-widget-mobile__width-initial elementor-widget elementor-widget-button\" data-id=\"c0f8882\" data-element_type=\"widget\" data-e-type=\"widget\" data-settings=\"{&quot;_animation&quot;:&quot;none&quot;,&quot;_animation_delay&quot;:400}\" data-widget_type=\"button.default\">\n\t\t\t\t<div class=\"elementor-widget-container\">\n\t\t\t\t\t\t\t\t\t<div class=\"elementor-button-wrapper\">\n\t\t\t\t\t<a class=\"elementor-button elementor-button-link elementor-size-sm elementor-animation-float\" href=\"https:\/\/shop.vibeyoup.com\/clasp-portal\">\n\t\t\t\t\t\t<span class=\"elementor-button-content-wrapper\">\n\t\t\t\t\t\t\t\t\t<span class=\"elementor-button-text\">TIENDA<\/span>\n\t\t\t\t\t<\/span>\n\t\t\t\t\t<\/a>\n\t\t\t\t<\/div>\n\t\t\t\t\t\t\t\t<\/div>\n\t\t\t\t<\/div>\n\t\t\t\t\t<\/div>\n\t\t\t\t<\/div>\n\t\t\t\t<\/div>","protected":false},"excerpt":{"rendered":"<p>Simply Suits You: THE CLASP PORTAL MODULES Feel that you and your clients have special needs that should be covered? We have prepared something exceptional that\u2019s compatible with most software on the market and easy to use even for beginner practitioners. clasp portal Clasp portal basic trainning Are you just starting your journey as a [&hellip;]<\/p>\n","protected":false},"author":5,"featured_media":0,"parent":0,"menu_order":0,"comment_status":"closed","ping_status":"closed","template":"elementor_header_footer","meta":{"_acf_changed":false,"_seopress_robots_primary_cat":"","_seopress_titles_title":"","_seopress_titles_desc":"","_seopress_robots_index":"","footnotes":""},"class_list":["post-3723","page","type-page","status-publish","hentry"],"acf":[],"_links":{"self":[{"href":"https:\/\/vibeyoup.com\/es\/wp-json\/wp\/v2\/pages\/3723","targetHints":{"allow":["GET"]}}],"collection":[{"href":"https:\/\/vibeyoup.com\/es\/wp-json\/wp\/v2\/pages"}],"about":[{"href":"https:\/\/vibeyoup.com\/es\/wp-json\/wp\/v2\/types\/page"}],"author":[{"embeddable":true,"href":"https:\/\/vibeyoup.com\/es\/wp-json\/wp\/v2\/users\/5"}],"replies":[{"embeddable":true,"href":"https:\/\/vibeyoup.com\/es\/wp-json\/wp\/v2\/comments?post=3723"}],"version-history":[{"count":3,"href":"https:\/\/vibeyoup.com\/es\/wp-json\/wp\/v2\/pages\/3723\/revisions"}],"predecessor-version":[{"id":27240,"href":"https:\/\/vibeyoup.com\/es\/wp-json\/wp\/v2\/pages\/3723\/revisions\/27240"}],"wp:attachment":[{"href":"https:\/\/vibeyoup.com\/es\/wp-json\/wp\/v2\/media?parent=3723"}],"curies":[{"name":"wp","href":"https:\/\/api.w.org\/{rel}","templated":true}]}}